{"id":79,"date":"2023-02-03T19:01:15","date_gmt":"2023-02-03T18:01:15","guid":{"rendered":"https:\/\/consfrancoforte.esteri.it\/?page_id=79"},"modified":"2025-10-27T16:00:04","modified_gmt":"2025-10-27T15:00:04","slug":"servizi-per-il-cittadino-italiano","status":"publish","type":"page","link":"https:\/\/consfrancoforte.esteri.it\/it\/servizi-consolari-e-visti\/servizi-per-il-cittadino-italiano\/","title":{"rendered":"Servizi per il cittadino italiano"},"content":{"rendered":"<p><strong>PERCEZIONI CONSOLARI: <a href=\"https:\/\/consfrancoforte.esteri.it\/wp-content\/uploads\/2024\/08\/Istruzioni-pagamento-percezioni-consolari_2024.pdf\">ISTRUZIONI PER IL PAGAMENTO<\/a><\/strong><\/p>\n<p><strong>In casi di comprovata urgenza (ad es. gravi motivi familiari\/di salute, improrogabili necessit\u00e0 di lavoro\/studio), a coloro che non avranno preventivamente fissato un appuntamento e che necessiteranno del passaporto entro 24 ore, verr\u00e0 richiesto il pagamento dei \u201cdiritti di urgenza\u201d (50 \u20ac). Questo importo previsto dall\u2019art.74 della Tabella dei Diritti Consolari, si aggiunge al normale costo del passaporto.<\/strong><\/p>\n<p><strong>Attenzione! Il pagamento della tassa non equivale automaticamente ad ottenere il rilascio in giornata del passaporto, essendo tale rilascio comunque subordinato alla mancanza di motivi ostativi.<\/strong><\/p>\n<p>&nbsp;<\/p>\n<p><strong>Servizi Consolari<\/strong><\/p>\n<p>I servizi consolari sono erogati secondo principi di eguaglianza, imparzialit\u00e0, efficienza e trasparenza.<\/p>\n<p>I Consolati assicurano a tutti i connazionali tutela in caso di violazione dei loro diritti fondamentali e di limitazione o privazione della loro libert\u00e0 personale. Inoltre assicurano assistenza per i casi di emergenza, per la ricerca di familiari, per le pratiche di successione aperte all&#8217;estero e per il rimpatrio delle salme.<\/p>\n<p>Ai sensi dell\u2019articolo 2 della Legge 241\/1990, il termine per concludere il provvedimento ad istanza di parte \u00e8 di 30 giorni dalla data di ricevimento della domanda. Ove la domanda dell&#8217;interessato sia ritenuta irregolare o incompleta, il Consolato ne d\u00e0 comunicazione al richiedente, indicando le cause di irregolarit\u00e0 o dell&#8217;incompletezza e invitando a integrare, completare o rettificare la domanda. A causa della scarsit\u00e0 di personale a disposizione, gli uffici non riescono sempre a erogare i servizi agli utenti entro il termine di 30 giorni.\u00a0 Il Consolato ha adottato misure straordinarie (allargamento degli orari di ricevimento del pubblico su appuntamento, ricorso a forme di lavoro interinale per un periodo temporaneo e straordinario), al fine di riassorbire gli arretrati e migliorare i servizi all\u2019utenza.<\/p>\n<p><strong>Per il pagamento di tasse ed imposte in Italia<\/strong>, si deve fare riferimento all&#8217;<a title=\"Vai al sito dell'Agenzia delle Enatrate. Attenzione! Questo link apre un sito esterno.\" href=\"http:\/\/www.agenziaentrate.gov.it\/\">Agenzia per le Entrate<\/a>, la quale pubblica la <a title=\"Leggi la guida sulla dichiarazione dei redditi per i residenti all'estero. Attenzione! Questo link apre un sito esterno\" href=\"http:\/\/www.agenziaentrate.gov.it\/wps\/wcm\/connect\/12e01580426dc20498779bc065cef0e8\/GUIDA+estero.pdf?MOD=AJPERES&amp;amp;CACHEID=12e01580426dc20498779bc065cef0e8\">Guida agli adempimenti fiscali in Italia\u00a0per i residenti all&#8217;estero<\/a>, scaricabile e consultabile come file PDF.\u00a0Si ringrazia inoltre il COMITES di Francoforte per avere raccolto le <strong>informazioni di base su IMU, TASI e TARI<\/strong>, e sul pagamento del\u00a0<strong>Canone RAI<\/strong>.\u00a0Tali informazioni sono accessibili cliccando <a href=\"https:\/\/consfrancoforte.esteri.it\/wp-content\/uploads\/2023\/04\/informazione_del_comites.pdf\"><strong>qui<\/strong><\/a>.<\/p>\n<p><strong><a title=\"Vai alla sezione sulla Guida Consolare sul sito del Ministero degli Esteri. Attenzione! Questo link apre un sito esterno\" href=\"http:\/\/www.esteri.it\/MAE\/IT\/Italiani_nel_Mondo\/ServiziConsolari\/\">Guida per l&#8217;utilizzazione dei servizi consolari<\/a><\/strong>: \u00e8 una sezione del sito del\u00a0Ministero degli Esteri italiano che presenta una serie di in informazioni relative alle attivit\u00e0 consolari, in rapporto alla\u00a0vita civile ed amministrativa nel nostro paese\u00a0ha pubblicato una.<\/p>\n<p><strong>Corrispondenti consolari<\/strong>: I connazionali che incontrino difficolt\u00e0 a recarsi in Consolato possono rivolgersi ai\u00a0<a href=\"https:\/\/consfrancoforte.esteri.it\/wp-content\/uploads\/2023\/04\/corrispondenticonsolari_-_ultima_versione220223.pdf\">Corrispondenti Consolari<\/a><\/p>\n<p><strong><a href=\"https:\/\/www.giustizia.it\/giustizia\/it\/3_3_1.wp\">COME RICHIEDERE IL &#8220;CERTIFICATO CARICHI PENDENTI&#8221; ALL&#8217;ESTERO<\/a><br \/>\n<\/strong><\/p>\n<p>############<\/p>\n<p><strong>ATTENZIONE: RESTITUZIONE AI TITOLARI DI CARTE D\u2019IDENTIT\u00c0 E ALTRI DOCUMENTI ITALIANI RINVENUTI ALL\u2019ESTERO.<\/strong><\/p>\n<p>Si rende noto all\u2019utenza che carte d\u2019identit\u00e0 e passaporti oggetto di furto o smarrimento all\u2019estero, in caso di rinvenimento, vengono a volte restituiti agli Uffici consolari nella cui circoscrizione \u00e8 avvenuto il furto o lo smarrimento.<\/p>\n<p>Si invitano pertanto coloro che abbiano recentemente subito un furto\/smarrimento nella circoscrizione consolare di Francoforte e vogliano verificare se il proprio documento d\u2019identit\u00e0 sia stato rinvenuto, a contattare questo Consolato (francoforte.oggettismarriti@esteri.it ; tel. 069 \/ 7531160) per ulteriori informazioni in merito.<\/p>\n<p>Si segnala che l\u2019eventuale ritiro dei predetti documenti potr\u00e0 avvenire, presso l\u2019Ufficio consolare dove \u00e8 avvenuto il rinvenimento, secondo le seguenti modalit\u00e0:<\/p>\n<p>&#8211; presso gli sportelli dell\u2019Ufficio consolare;<\/p>\n<p>&#8211; su richiesta dell\u2019interessato, tramite servizio postale con spese di spedizione a suo carico. Le spese di spedizione dovranno essere corrisposte con un bonifico al seguente conto corrente del Consolato:<\/p>\n<p>BENEFICIARIO: CONSOLATO GENERALE D\u2019ITALIA<\/p>\n<p>IBAN: DE12 1007 0100 0319 0030 00<\/p>\n<p>BIC: DEUTDEBB101<\/p>\n<p>BANCA: DEUTSCHE BANK<\/p>\n<p>Si prega di indicare nella causale le proprie generalit\u00e0 e il documento smarrito di cui si chiede l\u2019invio.<\/p>\n<p>I documenti saranno distrutti, nel caso in cui non siano stati reclamati dai legittimi proprietari, trascorso un anno dalla data del rinvenimento senza ulteriori comunicazioni.<\/p>\n<p><strong>##############<br \/>\n<\/strong><br \/>\n<strong>Altri link<\/strong>:<br \/>\n<a href=\"http:\/\/www.planet-beruf.de\">www.planet-beruf.de<\/a>\u00a0 portale della Bundesagentur f\u00fcr die Arbeit per la ricerca di lavoro in Germania.<\/p>\n<p><a href=\"https:\/\/consfrancoforte.esteri.it\/wp-content\/uploads\/2023\/04\/flyer_richiedicittadinaza_web.pdf\"><strong>Informazioni utili<\/strong><\/a> (in italiano) sull&#8217;acquisto della <strong>cittadinanza tedesca<\/strong> per i cittadini italiani residenti in Germania. Si ringrazia l&#8217;InterComites Germania per la raccolta delle informazioni e la redazione del volantino.<\/p>\n<p><strong>Informativa sulla protezione dei\u00a0dati personali<\/strong><\/p>\n<p>In seguito all&#8217;entrata in vigore del regolamento UE 2016\/679 (aggiornamento 2018) in materia di Protezione dei dati Personali, si pubblicano le nuove informative sul trattamento dei dati presso il consolato:<\/p>\n<p><a href=\"https:\/\/consfrancoforte.esteri.it\/wp-content\/uploads\/2023\/04\/informativa_servizi_consolari_ffm-ita.pdf\">Informativa Servizi Consolari<\/a><\/p>\n<p><a href=\"https:\/\/consfrancoforte.esteri.it\/wp-content\/uploads\/2023\/04\/informativa_cittadinanza_ffm-ita.pdf\">Informativa Cittadinanza<\/a><\/p>\n","protected":false},"excerpt":{"rendered":"PERCEZIONI CONSOLARI: ISTRUZIONI PER IL PAGAMENTO In casi di comprovata urgenza (ad es. gravi motivi familiari\/di salute, improrogabili necessit\u00e0 di lavoro\/studio), a coloro che non avranno preventivamente fissato un appuntamento e che necessiteranno del passaporto entro 24 ore, verr\u00e0 richiesto il pagamento dei \u201cdiritti di urgenza\u201d (50 \u20ac). Questo importo previsto dall\u2019art.74 della Tabella dei [&hellip;]","protected":false},"author":3,"featured_media":0,"parent":11,"menu_order":0,"comment_status":"closed","ping_status":"closed","template":"","meta":{"footnotes":""},"class_list":["post-79","page","type-page","status-publish","hentry"],"_links":{"self":[{"href":"https:\/\/consfrancoforte.esteri.it\/it\/wp-json\/wp\/v2\/pages\/79","targetHints":{"allow":["GET"]}}],"collection":[{"href":"https:\/\/consfrancoforte.esteri.it\/it\/wp-json\/wp\/v2\/pages"}],"about":[{"href":"https:\/\/consfrancoforte.esteri.it\/it\/wp-json\/wp\/v2\/types\/page"}],"author":[{"embeddable":true,"href":"https:\/\/consfrancoforte.esteri.it\/it\/wp-json\/wp\/v2\/users\/3"}],"replies":[{"embeddable":true,"href":"https:\/\/consfrancoforte.esteri.it\/it\/wp-json\/wp\/v2\/comments?post=79"}],"version-history":[{"count":6,"href":"https:\/\/consfrancoforte.esteri.it\/it\/wp-json\/wp\/v2\/pages\/79\/revisions"}],"predecessor-version":[{"id":7808,"href":"https:\/\/consfrancoforte.esteri.it\/it\/wp-json\/wp\/v2\/pages\/79\/revisions\/7808"}],"up":[{"embeddable":true,"href":"https:\/\/consfrancoforte.esteri.it\/it\/wp-json\/wp\/v2\/pages\/11"}],"wp:attachment":[{"href":"https:\/\/consfrancoforte.esteri.it\/it\/wp-json\/wp\/v2\/media?parent=79"}],"curies":[{"name":"wp","href":"https:\/\/api.w.org\/{rel}","templated":true}]}}