{"id":68,"date":"2023-02-03T18:59:09","date_gmt":"2023-02-03T17:59:09","guid":{"rendered":"https:\/\/consfrancoforte.esteri.it\/?page_id=68"},"modified":"2024-10-07T17:41:43","modified_gmt":"2024-10-07T15:41:43","slug":"numeri-di-emergenza","status":"publish","type":"page","link":"https:\/\/consfrancoforte.esteri.it\/it\/chi-siamo\/numeri-di-emergenza\/","title":{"rendered":"Numeri di emergenza"},"content":{"rendered":"<p><strong>ORARIO DI REPERIBILIT\u00c0 CELLULARE DI EMERGENZA:<\/strong><\/p>\n<p><strong>Numeri di emergenza<\/strong><\/p>\n<p>Si ricorda che in caso d&#8217;emergenza si pu\u00f2 contattare gratuitamente &#8211; 24 ore su 24 &#8211; i servizi di Pronto Intervento in qualunque Paese dell&#8217;Unione Europea, componendo il numero unico d&#8217;emergenza\u00a0<strong>112<\/strong>\u00a0da qualsiasi telefono fisso o mobile. Si sottolinea che tale numero (112) \u00e8 da considerarsi ben pi\u00f9 adatto a segnalare emergenze gravi, poich\u00e9 direttamente connesso alle strutture di pubblica sicurezza e soccorso in Germania, fermo restando le competenze consolari in materia.<\/p>\n<p><strong>ORARIO DI REPERIBILIT\u00c0 CELLULARE DI EMERGENZA:<\/strong><\/p>\n<p><strong>Il<\/strong>\u00a0<strong>servizio di reperibilit\u00e0\u00a0<\/strong>del Consolato Generale d&#8217;Italia a Francoforte sul Meno<strong>\u00a0\u00e8 riservato a interventi di emergenza riguardanti i L\u00e4nder Assia, Renania-Palatinato, Saarland e il distretto della Bassa Franconia<\/strong>, che non possano essere rimandati al normale orario di apertura degli uffici.<\/p>\n<p>Soltanto in caso di\u00a0<strong>grave emergenza<\/strong>\u00a0in materia consolare si pu\u00f2 contattare il cellulare di emergenza :\u00a0<strong>+49 171 4904491<\/strong>\u00a0durante i seguenti orari:<\/p>\n<p><strong>&#8211;<\/strong>\u00a0\u00a0\u00a0\u00a0\u00a0<strong> dal luned\u00ec al venerd\u00ec dalle ore 17 alle ore 22<\/strong><\/p>\n<p><strong>&#8211;\u00a0\u00a0\u00a0\u00a0 Sabato e domenica dalle ore 8 alle ore 22.<\/strong><\/p>\n<p>In caso di\u00a0<strong>ASSOLUTA EMERGENZA<\/strong>\u00a0in orari diversi da quelli di apertura degli uffici o di reperibilit\u00e0, \u00e8 possibile contattare i due seguenti numeri del Ministero degli Affari Esteri e della Cooperazione Internazionale:<\/p>\n<p>&#8211; Funzionario di Turno del Ministero degli Affari Esteri e della Cooperazione Internazionale: +39-06-36912666<\/p>\n<p>&#8211; Unit\u00e0 di Crisi: +39-06-36225<\/p>\n","protected":false},"excerpt":{"rendered":"ORARIO DI REPERIBILIT\u00c0 CELLULARE DI EMERGENZA: Numeri di emergenza Si ricorda che in caso d&#8217;emergenza si pu\u00f2 contattare gratuitamente &#8211; 24 ore su 24 &#8211; i servizi di Pronto Intervento in qualunque Paese dell&#8217;Unione Europea, componendo il numero unico d&#8217;emergenza\u00a0112\u00a0da qualsiasi telefono fisso o mobile. Si sottolinea che tale numero (112) \u00e8 da considerarsi ben [&hellip;]","protected":false},"author":3,"featured_media":0,"parent":9,"menu_order":8,"comment_status":"closed","ping_status":"closed","template":"","meta":{"footnotes":""},"class_list":["post-68","page","type-page","status-publish","hentry"],"_links":{"self":[{"href":"https:\/\/consfrancoforte.esteri.it\/it\/wp-json\/wp\/v2\/pages\/68","targetHints":{"allow":["GET"]}}],"collection":[{"href":"https:\/\/consfrancoforte.esteri.it\/it\/wp-json\/wp\/v2\/pages"}],"about":[{"href":"https:\/\/consfrancoforte.esteri.it\/it\/wp-json\/wp\/v2\/types\/page"}],"author":[{"embeddable":true,"href":"https:\/\/consfrancoforte.esteri.it\/it\/wp-json\/wp\/v2\/users\/3"}],"replies":[{"embeddable":true,"href":"https:\/\/consfrancoforte.esteri.it\/it\/wp-json\/wp\/v2\/comments?post=68"}],"version-history":[{"count":2,"href":"https:\/\/consfrancoforte.esteri.it\/it\/wp-json\/wp\/v2\/pages\/68\/revisions"}],"predecessor-version":[{"id":4707,"href":"https:\/\/consfrancoforte.esteri.it\/it\/wp-json\/wp\/v2\/pages\/68\/revisions\/4707"}],"up":[{"embeddable":true,"href":"https:\/\/consfrancoforte.esteri.it\/it\/wp-json\/wp\/v2\/pages\/9"}],"wp:attachment":[{"href":"https:\/\/consfrancoforte.esteri.it\/it\/wp-json\/wp\/v2\/media?parent=68"}],"curies":[{"name":"wp","href":"https:\/\/api.w.org\/{rel}","templated":true}]}}