{"id":65,"date":"2023-02-03T18:58:56","date_gmt":"2023-02-03T17:58:56","guid":{"rendered":"https:\/\/consfrancoforte.esteri.it\/?page_id=65"},"modified":"2026-04-22T16:30:25","modified_gmt":"2026-04-22T14:30:25","slug":"contatti","status":"publish","type":"page","link":"https:\/\/consfrancoforte.esteri.it\/it\/chi-siamo\/contatti\/","title":{"rendered":"Contatti"},"content":{"rendered":"<p><b><strong>Indirizzo e altri recapiti<\/strong><\/b><\/p>\n<p>Consolato Generale d\u2019Italia a Francoforte<\/p>\n<p>Danziger Platz 12<\/p>\n<p>60314 Francoforte sul Meno<\/p>\n<p>Telefono: +49 (0)69 7531-0 (fascia oraria 12.00-13.00)<\/p>\n<p>Telefax: +49 (0)69 7531-104<\/p>\n<p>E-mail: <a href=\"mailto:segreteria.francoforte@esteri.it\">segreteria.francoforte@esteri.it<\/a><\/p>\n<p>&nbsp;<\/p>\n<p><strong>ORARI DI APERTURA AL PUBBLICO E FESTIVITA\u2019 OSSERVATE<\/strong><\/p>\n<p>Il Consolato Generale riceve nei seguenti giorni e orari:<\/p>\n<p>Luned\u00ed: 9.00 \u2013 12.30<\/p>\n<p>Marted\u00ed: 9.00 \u2013 12.30<\/p>\n<p>Mercoled\u00ed: 9.00 \u2013 12.30 ; 14.30 \u2013 17.00<\/p>\n<p>Gioved\u00ed: 9.00 \u2013 12.30<\/p>\n<p>Venerd\u00ed: 9.00 \u2013 12.30<\/p>\n<p>Qui di seguito il <strong>calendario delle Festivit\u00e0<\/strong> <strong>durante le quali il Consolato Generale \u00e8 chiuso al pubblico:<\/strong><\/p>\n<p><a href=\"https:\/\/consfrancoforte.esteri.it\/wp-content\/uploads\/2025\/12\/Festivita-2026.pdf\"><strong>Calendario Festivita 2026<\/strong><\/a><\/p>\n<p style=\"text-align: center;\">###<\/p>\n<p><strong>Attivazione di un centralino telefonico<\/strong><\/p>\n<p><strong>\u00a0<\/strong>Si informano i gentili utenti che a partire <strong>dal 5 gennaio 2026<\/strong> sar\u00e0 attivo un servizio di reperibilit\u00e0 telefonica <strong>nella fascia oraria 10:00 \u2013 12:00 dal luned\u00ec al venerd\u00ec <\/strong>al seguente recapito: <strong>+49 69 7953 9565<\/strong><\/p>\n<p><strong>Prima di telefonare<\/strong>, si invitano i connazionali a consultare le pagine del sito del Consolato e eventualmente contattare gli Uffici competenti via e-mail, in modo da tenere la linea disponibile per casi di reale necessita\u00b4.<\/p>\n<p style=\"text-align: center;\">######<\/p>\n<p><strong>Gli Uffici PASSAPORTI, CARTE D\u2019IDENTIT\u00c0 <\/strong>e<strong> VISTI ricevono solo su appuntamento <\/strong>da effettuarsi sul portale <a href=\"https:\/\/prenotami.esteri.it\">PRENOT@AMI<\/a><\/p>\n<p>I<strong> connazionali senza appuntamento saranno ricevuti solo per casi di comprovata urgenza e nei limiti delle capacit\u00e0 disponibili.<\/strong><\/p>\n<p>GLI UFFICI DEL CONSOLATO SONO RAGGIUNGIBILI SIA TELEFONICAMENTE CHE ONLINE CLICCANDO QUI:<\/p>\n<p><a href=\"https:\/\/consfrancoforte.esteri.it\/it\/chi-siamo\/gli-uffici\">https:\/\/consfrancoforte.esteri.it\/it\/chi-siamo\/gli-uffici<\/a><\/p>\n<p>SI PREGA DI FARE RIFERIMENTO AI SERVIZI A DISTANZA (SITO WEB, PRENOT@MI, POSTA ELETTRONICA, POSTA CARTACEA) PER PRATICHE PER CUI LA PRESENZA IN CONSOLATO NON \u00c8 NECESSARIA.<\/p>\n<p>L\u2019UTENZA PRESENTE IN CONSOLATO \u00c8 INVITATA \u2013 NELLA MISURA DEL POSSIBILE \u2013 A RISPETTARE UNA DISTANZA DI ALMENO 1,5 METRI CON LE ALTRE PERSONE.<\/p>\n<p style=\"text-align: center;\">######<\/p>\n<p>Indirizzi abilitati esclusivamente alla ricezione di Posta Elettronica Certificata (PEC): <a href=\"mailto:con.francoforte@cert.esteri.it\">con.francoforte@cert.esteri.it<\/a><\/p>\n<p>Indirizzo abilitato esclusivamente alla ricezione di posta elettronica certificata nei settori di stato civile e anagrafe: <a href=\"mailto:con.francoforte.anagrafestatocivile@cert.esteri.it\">con.francoforte.anagrafestatocivile@cert.esteri.it<\/a><\/p>\n<p><a href=\"https:\/\/consfrancoforte.esteri.it\/wp-content\/uploads\/2024\/08\/Istruzioni-pagamento-percezioni-consolari_2024.pdf\">Conto corrente bancario (Pagamenti)<\/a><\/p>\n<p><b><strong>Prima di venire in Consolato, clicca\u00a0<a href=\"https:\/\/prenotami.esteri.it\">QUI<\/a>\u00a0e fissa il tuo appuntamento\u00a0<em>online<\/em>!<\/strong><\/b><\/p>\n<p>Il Consolato Generale si riserva il diritto di non ricevere o rinviare ad altro giorno gli utenti che non hanno un appuntamento.<\/p>\n<p><a href=\"http:\/\/www.consfrancoforte.esteri.it\/consolato_francoforte\/resource\/doc\/2018\/01\/festivita_2018_elenco.pdf\"><b><strong><br \/>\n<\/strong><\/b><\/a>Al di fuori degli orari di apertura e in qualsiasi altro caso d&#8217;emergenza si pu\u00f2 contattare gratuitamente &#8211; 24 ore su 24 &#8211; i servizi di Pronto Intervento in qualunque Paese dell&#8217;Unione Europea, componendo il numero unico d&#8217;emergenza\u00a0<b><strong>112<\/strong><\/b> da qualsiasi telefono fisso o mobile. Si sottolinea che tale servizio, fermo restando le competenze consolari in materia, \u00e8 da considerarsi ben pi\u00f9 adatto a segnalare emergenze gravi, poich\u00e8 direttamente connesso alle strutture di pubblica sicurezza e soccorso in Germania.<\/p>\n<p>Soltanto in caso di <strong>grave emergenza<\/strong> in materia consolare si pu\u00f2 contattare il cellulare di emergenza :\u00a0<b><strong>+49 171 4904491<\/strong><\/b> durante i seguenti orari: <strong>dal lunedi al<\/strong> <b><strong>venerd\u00ec (17:00 &#8211; 22:00)<\/strong><\/b>,\u00a0<b><strong>sabato e domenica (08:00 &#8211; 22:00)<\/strong><\/b>,<b><strong> prefestivi (17:00 &#8211; 22:00)<\/strong><\/b>\u00a0e\u00a0<b><strong>festivi (08:00 \u2013 22:00)<\/strong><\/b>.<\/p>\n<p>&nbsp;<\/p>\n<p><b><strong>COME RAGGIUNGERE IL CONSOLATO GENERALE:<\/strong><\/b><b><\/b><b><\/b><\/p>\n<ul>\n<li><b><strong>Dalla Stazione Centrale (Hauptbahnhof)<\/strong><\/b>, prendere una\u00a0<b><strong>qualunque S-Bahn (S1-S9)<\/strong><\/b>\u00a0in\u00a0<b><strong>direzione centro<\/strong><\/b>\u00a0(Hauptwache),\u00a0<b><strong>scendere alla fermata &#8220;OSTENDENSTRASSE -Europ\u00e4ische Zentralbank<\/strong><\/b>&#8221;\u00a0 procedere a piedi in direzione\u00a0Danziger Platz. Il Consolato si trova al numero 12 di Danziger Platz.<\/li>\n<li>Oppure in<b><strong>\u00a0TRAM\u00a0<\/strong><\/b>con la<b><strong>\u00a0linea 11,<\/strong><\/b>\u00a0<b><strong>fermata Ostbahnhof\/Sonnemannstrasse <\/strong><\/b>e poi proseguire a piedi fino alla Danziger Platz.<\/li>\n<li>Con le linea della metropolitana\u00a0<b><strong>U6<\/strong><\/b>\u00a0<b><strong>fermata Ostbahnhof (capolinea)<\/strong><\/b>\u00a0e\u00a0<b><strong>prendere l&#8217;uscita indicata\u00a0&#8220;Danziger Platz&#8221;.<\/strong><\/b><\/li>\n<li><b><strong>Dall&#8217;aeroporto Frankfurt International<\/strong><\/b>, prendere la S8 o S9 in direzione Hanau e scendere alla fermata &#8220;OSTENDENSTRASSE-Eur. Zentralbank&#8221;, procedere a piedi in direzione Danziger Platz 12.<\/li>\n<li>Oppure un treno in direzione Stazione Centrale (Hauptbahnhof) e poi proseguire con qualsiasi S Bahn direzione centro\u00a0 (Hauptwache), scendere alla fermata &#8220;OSTENDENSTRASSE -Europ\u00e4ische Zentralbank&#8221;\u00a0 procedere a piedi in direzione Danziger Platz. Il Consolato si trova al numero 12 di Danziger Platz.<\/li>\n<li><b><strong>Dall&#8217;aeroporto Frankfurt Hahn<\/strong><\/b>, prendere il bus navetta fino alla Stazione Centrale (Hauptbahnhof), e poi seguire le\u00a0indicazioni dei mezzi pubblici riportate all&#8217;inizio.<\/li>\n<li><b><strong>In automobile:<\/strong><\/b>\u00a0vi sono numerose possibilit\u00e0 di parcheggio a pagamento (parcheggi sotterranei e all&#8217;aperto) o\u00a0sulle strade adiacenti. Seguire le indicazioni su\u00a0<a href=\"https:\/\/www.google.de\/maps\/place\/Danziger+Platz+12,+60314+Frankfurt+am+Main\/@50.1138257,8.706227,17z\/data=!3m1!4b1!4m5!3m4!1s0x47bd0e8559134abf:0x89ce2b08b895e9f0!8m2!3d50.1138257!4d8.7084157?hl=it\">Google Maps<\/a>.<\/li>\n<\/ul>\n<p>&nbsp;<\/p>\n","protected":false},"excerpt":{"rendered":"Indirizzo e altri recapiti Consolato Generale d\u2019Italia a Francoforte Danziger Platz 12 60314 Francoforte sul Meno Telefono: +49 (0)69 7531-0 (fascia oraria 12.00-13.00) Telefax: +49 (0)69 7531-104 E-mail: segreteria.francoforte@esteri.it &nbsp; ORARI DI APERTURA AL PUBBLICO E FESTIVITA\u2019 OSSERVATE Il Consolato Generale riceve nei seguenti giorni e orari: Luned\u00ed: 9.00 \u2013 12.30 Marted\u00ed: 9.00 \u2013 12.30 [&hellip;]","protected":false},"author":3,"featured_media":0,"parent":9,"menu_order":6,"comment_status":"closed","ping_status":"closed","template":"","meta":{"footnotes":""},"class_list":["post-65","page","type-page","status-publish","hentry"],"_links":{"self":[{"href":"https:\/\/consfrancoforte.esteri.it\/it\/wp-json\/wp\/v2\/pages\/65","targetHints":{"allow":["GET"]}}],"collection":[{"href":"https:\/\/consfrancoforte.esteri.it\/it\/wp-json\/wp\/v2\/pages"}],"about":[{"href":"https:\/\/consfrancoforte.esteri.it\/it\/wp-json\/wp\/v2\/types\/page"}],"author":[{"embeddable":true,"href":"https:\/\/consfrancoforte.esteri.it\/it\/wp-json\/wp\/v2\/users\/3"}],"replies":[{"embeddable":true,"href":"https:\/\/consfrancoforte.esteri.it\/it\/wp-json\/wp\/v2\/comments?post=65"}],"version-history":[{"count":7,"href":"https:\/\/consfrancoforte.esteri.it\/it\/wp-json\/wp\/v2\/pages\/65\/revisions"}],"predecessor-version":[{"id":9551,"href":"https:\/\/consfrancoforte.esteri.it\/it\/wp-json\/wp\/v2\/pages\/65\/revisions\/9551"}],"up":[{"embeddable":true,"href":"https:\/\/consfrancoforte.esteri.it\/it\/wp-json\/wp\/v2\/pages\/9"}],"wp:attachment":[{"href":"https:\/\/consfrancoforte.esteri.it\/it\/wp-json\/wp\/v2\/media?parent=65"}],"curies":[{"name":"wp","href":"https:\/\/api.w.org\/{rel}","templated":true}]}}