{"id":500,"date":"2023-03-02T15:31:18","date_gmt":"2023-03-02T14:31:18","guid":{"rendered":"https:\/\/consfrancoforte.esteri.it\/?page_id=500"},"modified":"2026-03-25T10:46:26","modified_gmt":"2026-03-25T09:46:26","slug":"carte-di-identita","status":"publish","type":"page","link":"https:\/\/consfrancoforte.esteri.it\/it\/servizi-consolari-e-visti\/servizi-per-il-cittadino-italiano\/carte-di-identita\/","title":{"rendered":"Carte di Identit\u00e0"},"content":{"rendered":"<p class=\"corpoPagina\"><strong>Ufficio Carte d\u2019Identit\u00e0<br \/>\n<\/strong>Tel.: 0049 (0)69 7531 &#8211; 302 (12:00 &#8211; 13:00)<br \/>\nFax: 0049 (0)69 7531 &#8211; 126<br \/>\ne-mail:\u00a0<a>ci_confran@esteri.it<\/a><\/p>\n<p style=\"text-align: center;\">#####<\/p>\n<p>&nbsp;<\/p>\n<p><span style=\"color: #ff0000;\"><strong>Si informa\u00a0che la<span style=\"text-decoration: underline;\"> carta d\u2019identit\u00e0 cartacea,<\/span> indipendentemente dalla scadenza riportata sul documento,<u>\u00a0cesser\u00e0 di essere valida dal 3 agosto 2026.\u00a0 Si consiglia\u00a0pertanto ai connazionali, in possesso esclusivamente\u00a0del documento cartaceo,\u00a0di provvedere sin d&#8217;ora a fissare\u00a0un appuntamento per il rilascio CIE\u00a0<\/u><\/strong><\/span><\/p>\n<p><span style=\"text-decoration: underline;\"><strong>Si rende noto inoltre che a decorrere dal 1\u00b0 giugno 2026\u00a0\u00a0i connazionali iscritti all\u2019Anagrafe degli Italiani Residenti all\u2019Estero (AIRE) potranno presentare domanda per il rilascio della carta d&#8217;identit\u00e0 elettronica presso i Comuni italiani. La carta d\u2019identit\u00e0 sar\u00e0 consegnata con le medesime modalit\u00e0 previste in caso di domanda presentata tramite l\u2019Ufficio consolare. Il connazionale potr\u00e0 ritirarla personalmente presso il Comune ovvero richiederne la spedizione all\u2019estero.<\/strong><\/span><\/p>\n<p><strong>Vi invitiamo<\/strong> ad <strong>arrivare agli appuntamenti in Consolato con le foto biometriche gi\u00e0 predisposte.<\/strong><\/p>\n<p><strong>Il giorno dell\u2019appuntamento la vecchia carta di identit\u00e0 sar\u00e0 ritirata.<\/strong><\/p>\n<p>&nbsp;<\/p>\n<p style=\"text-align: center;\">######<\/p>\n<p><strong>CIE &#8211; CARTA D&#8217;IDENTIT\u00c0 ELETTRONICA<\/strong><\/p>\n<p><a href=\"https:\/\/consfrancoforte.esteri.it\/it\/servizi-consolari-e-visti\/servizi-per-il-cittadino-italiano\/autoveicoli-e-patenti-di-guida\/cie-francoforte3\/\" rel=\"attachment wp-att-238\"><img loading=\"lazy\" decoding=\"async\" class=\"alignnone size-medium wp-image-238 img-fluid\" src=\"https:\/\/consfrancoforte.esteri.it\/wp-content\/uploads\/2023\/02\/cie-francoforte3-114x300.jpg\" alt=\"\" width=\"114\" height=\"300\" srcset=\"https:\/\/consfrancoforte.esteri.it\/wp-content\/uploads\/2023\/02\/cie-francoforte3-114x300.jpg 114w, https:\/\/consfrancoforte.esteri.it\/wp-content\/uploads\/2023\/02\/cie-francoforte3-390x1024.jpg 390w, https:\/\/consfrancoforte.esteri.it\/wp-content\/uploads\/2023\/02\/cie-francoforte3-768x2016.jpg 768w, https:\/\/consfrancoforte.esteri.it\/wp-content\/uploads\/2023\/02\/cie-francoforte3.jpg 912w\" sizes=\"auto, (max-width: 114px) 100vw, 114px\" \/><\/a><\/p>\n<p class=\"corpoPagina\"><strong>A partire dal 1\u00b0 ottobre 2020, il Consolato Generale a Francoforte sul Meno rilascia la Carta di d\u2019identit\u00e0 <\/strong><strong>elettronica o CIE (formato tessera plastificata).<\/strong><\/p>\n<p><strong>A partire dal 10 settembre 2020 non \u00e8 pi\u00f9 possibile richiedere il rilascio delle carte d\u2019identit\u00e0 cartacee (CIC). Le domande che pervenissero da tale data saranno restituite; a partire dal 15 settembre 2020, per il rilascio della CIE si deve seguire la procedura di prenotazione sotto descritta (attenzione: chiedere la CIE direttamente allo sportello, senza appuntamento, non \u00e8 possibile).<\/strong><\/p>\n<p><strong>1) Che cos&#8217;\u00e8 la carta d&#8217;identit\u00e0 elettronica?<\/strong><\/p>\n<p>La carta d&#8217;identit\u00e0 \u00e8 un documento personale di riconoscimento valido per identificarsi e circolare nell\u2019Unione Europea, in alcuni Stati aderenti all&#8217;accordo di Schengen (ad es. Islanda, Norvegia e Svizzera) e in altri Stati con cui sono stati raggiunti accordi bilaterali (vedasi le singole \u201cschede Paese\u201d sul sito\u00a0<a href=\"http:\/\/www.viaggiaresicuri.it\/\"><strong>www.viaggiaresicuri.it<\/strong><\/a>).<\/p>\n<p><strong>La carta d\u2019identit\u00e0 elettronica (CIE) \u00e8 la nuova carta d\u2019identit\u00e0 in formato tessera<\/strong>; oltre a svolgere le stesse funzioni di quella cartacea, consente di accedere ai servizi online delle Pubbliche Amministrazioni italiane.<\/p>\n<p><strong>2) A chi pu\u00f2 essere rilasciata la carta d\u2019identit\u00e0 elettronica?<\/strong><\/p>\n<p>Il Consolato Generale a Francoforte sul Meno pu\u00f2 rilasciare la carta d&#8217;identit\u00e0\u00a0<strong>esclusivamente ai cittadini italiani regolarmente residenti nella propria circoscrizione consolare<\/strong>\u00a0(L\u00e4nder Assia, Renania-Palatinato, Saarland, distretto della Franconia inferiore), registrati nello schedario consolare e i cui\u00a0<strong>dati anagrafici siano gi\u00e0 presenti nel registro A.I.R.E.<\/strong>\u00a0(Anagrafe degli Italiani Residenti all&#8217;Estero) del Ministero dell&#8217;Interno.<\/p>\n<p><strong>Chi non \u00e8 registrato all\u2019A.I.R.E. dovr\u00e0 prima regolarizzare la propria iscrizione anagrafica tramite il portale\u00a0<\/strong><a href=\"https:\/\/consfrancoforte.esteri.it\/consolato_francoforte\/it\/i_servizi\/per_i_cittadini\/fast-it.html\"><strong>FAST IT<\/strong><\/a>\u00a0ed attendere, prima di poter far domanda, di essere inserito in tale registro da parte del Comune italiano competente (per i cittadini non iscritti all\u2019A.I.R.E., la competenza al rilascio della carta d\u2019identit\u00e0 rimane al Comune di residenza).<\/p>\n<p>Ai fini della registrazione nella banca dati A.I.R.E. \u00e8 indispensabile, per i cittadini italiani nati all\u2019estero, che l\u2019atto di nascita risulti gi\u00e0 trascritto nei registri di Stato Civile del Comune di riferimento.<\/p>\n<p><strong>Nel caso si sia cambiato indirizzo di residenza\u00a0<\/strong>(rispetto a quello comunicato all\u2019Ufficio consolare),<strong>\u00a0\u00e8 necessario chiedere la variazione di indirizzo tramite il portale\u00a0<\/strong><a href=\"https:\/\/consfrancoforte.esteri.it\/consolato_francoforte\/it\/i_servizi\/per_i_cittadini\/fast-it.html\"><strong>FAST IT.<\/strong><\/a><\/p>\n<p>Inoltre, per ottenere la CIE \u00e8 indispensabile possedere il codice fiscale validato dall\u2019Agenzia delle Entrate. Qualora il connazionale non sia in possesso di un codice fiscale o quest\u2019ultimo non sia stato validato, sar\u00e0 cura del Consolato Generale richiederlo tramite l\u2019Agenzia delle Entrate.<\/p>\n<p><strong>3) A partire da quando \u00e8 possibile richiedere la carta d\u2019identit\u00e0 elettronica (CIE)?\u00a0<\/strong><\/p>\n<p>Si pu\u00f2 fare richiesta di appuntamento per il rilascio della carta d\u2019identit\u00e0 elettronica a partire dal 15 settembre 2020.<\/p>\n<p><strong>4) Come si richiede la carta d<\/strong><strong>\u2019identit\u00e0 elettro<\/strong><strong>nica (CIE)?\u00a0<\/strong><\/p>\n<p>Innanzitutto il connazionale deve prenotare un appuntamento in Consolato\u00a0utilizzando<strong>\u00a0esclusivamente<\/strong>\u00a0la piattaforma\u00a0<a href=\"https:\/\/prenotami.esteri.it\/\">Prenot@mi<\/a>.\u00a0\u00a0Il giorno dell\u2019appuntamento, in secondo luogo, al richiedente saranno rilevate le impronte digitali, sar\u00e0 richiesta la fotografia biometrica, nonch\u00e9 la firma di un modulo di richiesta. La carta di identit\u00e0, in terzo luogo, sar\u00e0 poi spedita via posta all\u2019indirizzo del richiedente.<\/p>\n<p><strong>5) Come si prende un appuntamento sulla piattaforma\u00a0<a href=\"https:\/\/prenotami.esteri.it\/\">Prenot@mi<\/a>?<\/strong><\/p>\n<p>Si consiglia di accedere al portale con un normale computer e non con il cellulare. L&#8217;applicativo supporta i seguenti navigatori:<br \/>\nExplorer \u2013 versione 11 e superiori<br \/>\nGoogle Chrome \u2013 versione 88 e superiori<br \/>\nMicrosoft Edge<br \/>\nL\u2019utilizzo di navigatori non supportati non garantisce la corretta fruibilit\u00e0 di tutti i contenuti.<\/p>\n<p>Registrazione e accesso:<br \/>\nCliccando sul pulsante REGISTRATI presente nella home page principale si accede alla maschera di registrazione in cui \u00e8 necessario inserire i propri dati personali, la mail e la password da utilizzare come credenziali per l\u2019accesso al portale, i recapiti di contatto quali numero di telefono e indirizzo e il Consolato di riferimento.<br \/>\nA registrazione effettuata il sistema invia una mail contenente un link su cui cliccare per procedere con l\u2019attivazione dell\u2019utenza. Cliccando sul collegamento ricevuto il sistema attiva l\u2019utenza. Se l\u2019attivazione dell\u2019utenza ha esito positivo \u00e9 possibile accedere al portale.<\/p>\n<p>Inserendo nome utente e password e cliccando sul tasto ACCEDI si accede ai servizi offerti dalla Sede.<\/p>\n<p>Se l\u2019utente \u00e8 gi\u00e0 registrato ma presso un altro Consolato, prima di procedere con la scelta del servizio dovr\u00e0 effettuare il &#8220;cambio sede&#8221;, accedendo con le proprie credenziali e selezionando l\u2019apposito comando \u201ccambia sede\u201d presente sulla prima pagina.<\/p>\n<p>Cliccando sulla voce \u201cprenota\u201d \u00e8 possibile prenotarsi per uno dei servizi disponibili. La prenotazione pu\u00f2 essere:<\/p>\n<ul>\n<li>prenotazione singola<\/li>\n<li>multiple<\/li>\n<li>per altre persone<\/li>\n<\/ul>\n<p>La prenotazione singola si sceglie nel caso in cui il titolare dell\u2019utenza prenot@mi richiede il servizio.<br \/>\nSe il titolare dell\u2019utenza richiede il servizio consolare per se e per altri familiari (fino a un massimo di 5), si sceglie la prenotazione multipla e in fase di prenotazione si dovranno inserire anche i dati di tutti gli altri familiari che richiedono il servizio specificando per ogni familiari la relazione di parentela.<br \/>\nE\u2019 possibile richiedere un appuntamento solo per altri familiari scegliendo l\u2019opzione \u201cprenotazione per altre persone\u201d. In questo caso si dovranno inserire solo i dati del\/dei richiedente\/i.<\/p>\n<p><strong>6) Documentazione necessaria da presentare al momento dell\u2019appuntamento per richiedere la CIE?<\/strong><\/p>\n<p>Il giorno dell\u2019appuntamento il richiedente deve presentarsi munito di:<\/p>\n<ul>\n<li><strong>carta d\u2019identit\u00e0 precedente<\/strong>\u00a0(se non si possiede, altro documento di riconoscimento; se non si possiede altro documento di riconoscimento, due testimoni che non siano parenti dell\u2019interessato); se la CIE \u00e8 richiesta per un minorenne, \u00e8 necessario che anche il genitore che accompagna presenti un documento di riconoscimento. Il giorno dell\u2019appuntamento la vecchia carta di identit\u00e0 sar\u00e0 ritirata.<\/li>\n<li><strong>1<\/strong>\u00a0<strong>fotografia<\/strong> biometrica recente (non pi\u00f9 vecchia di 6 mesi), frontale, a colori, formato (altezza minima) 45 mm x 35 mm (larghezza). In proposito si vedano queste <a href=\"https:\/\/consfrancoforte.esteri.it\/wp-content\/uploads\/2023\/04\/4997_f_cons57DatiBiometriciindicazioniicao.pdf\">istruzioni<\/a>.<\/li>\n<li><a href=\"https:\/\/consfrancoforte.esteri.it\/wp-content\/uploads\/2023\/06\/Dichiarazione-assenza-inibitoria-giudiziale-002.pdf\">Modulo<\/a> <strong>riempito e firmato<\/strong> sull\u2019assenza di provvedimenti di inibitoria, <strong>per le sole richieste di CIE a favore di maggiorenni che abbiano figli minorenni.<\/strong><\/li>\n<li><strong>a) Atto di assenso di entrambi i genitori\u00a0per la\u00a0richiesta di CIE\u00a0 a figli minori.<\/strong>\u00a0<strong>Compilare questo modulo<\/strong>:<br \/>\n<a href=\"https:\/\/consfrancoforte.esteri.it\/wp-content\/uploads\/2023\/04\/ATTO-DI-ASSENSO-PER-RILASCIO-CIE-A-FAVORE-MINORENNI.pdf\">atto_di_assenso_per_rilascio_cie_a_favore_minorenni.pdf (esteri.it)<\/a><a href=\"https:\/\/consfrancoforte.esteri.it\/CONSOLATO_FRANCOFORTE\/resource\/doc\/2020\/09\/atto_di_assenso_per_rilascio_cie_a_favore_minorenni.pdf\" target=\"_blank\" rel=\"noopener noreferrer\"><br \/>\n<\/a><\/li>\n<\/ul>\n<p><strong><em>Se l\u2019altro genitore non \u00e8 cittadino dell&#8217;Unione Europea, la sua firma sull\u2019atto di assenso va autenticata<\/em><\/strong>: o presso il Consolato Generale al momento dell&#8217;appuntamento, o presso il Comune tedesco di residenza o altro ufficio pubblico, o dal notaio. Al fine di verificare la correttezza dell&#8217;atto di assenso presentato, \u00e8 necessario che il minore sia gi\u00e0 iscritto in anagrafe o che venga presentato l\u2019originale del certificato di nascita da cui si evincano maternit\u00e0 e paternit\u00e0 del minore.<\/p>\n<ul>\n<li>nel caso in cui il richiedente non sia pi\u00f9 in possesso del precedente documento in seguito a\u00a0<strong>furto o smarrimento<\/strong>, \u00e8 necessario presentare al momento dell\u2019appuntamento il\u00a0<a href=\"https:\/\/consfrancoforte.esteri.it\/wp-content\/uploads\/2023\/04\/denuncia_anzeige.pdf\">formulario di dichiarazione di furto o smarrimento<\/a>, unitamente alla\u00a0<strong>denuncia<\/strong> effettuata presso le autorit\u00e0 tedesche (Polizia o Ufficio oggetti smarriti del Comune), che pu\u00f2 essere fatta anche online (\u201cinternetwache\u201d; ciascun Land ha il suo sito; arriva la ricevuta qualche giorno dopo per posta.<\/li>\n<\/ul>\n<p>Il costo della CIE \u00e8 sempre di:<\/p>\n<p>o\u00a0\u00a0\u00a0\u00a0\u00a0\u00a0\u00a0\u00a0\u00a0 euro 21,95 in caso di primo rilascio o rinnovo. Se la precedente carta di identit\u00e0 era in formato cartaceo e si richiede una CIE si deve versare comunque l&#8217;importo di Euro 21,95<\/p>\n<p>o\u00a0\u00a0\u00a0\u00a0\u00a0\u00a0\u00a0\u00a0\u00a0\u00a0euro 27,11 in caso di duplicato (nuova carta elettronica richiesta prima dei 180 giorni dalla data di scadenza della precedente a seguito di furto, smarrimento, danneggiamento o modifiche\u00a0 anagrafiche)<\/p>\n<p>Per ridurre i tempi di attesa allo Sportello <strong>si invitano i connazionali ad effettuare il pagamento con<\/strong><a href=\"https:\/\/consfrancoforte.esteri.it\/wp-content\/uploads\/2024\/08\/Istruzioni-pagamento-percezioni-consolari_2024.pdf\"><u> bonifico bancario<\/u><\/a> almeno <strong>cinque giorni lavorativi\u00a0 prima dell\u2019appuntamento<\/strong>.<\/p>\n<p>&nbsp;<\/p>\n<p><strong>7) Quali sono le operazioni che saranno effettuate il giorno dell\u2019appuntamento?<\/strong><\/p>\n<p>Il giorno dell\u2019appuntamento, l\u2019operatore consolare acquisisce la documentazione indicata al punto precedente, effettua il riconoscimento e la verifica della foto ed acquisiscele impronte digitali e la firma (salvo per i minori di anni 12).<\/p>\n<p>Anche i minori di et\u00e0 inferiore ai 12 anni devono essere presenti, perch\u00e9 \u00e8 necessaria la loro identificazione da parte del funzionario dell&#8217;ufficio. I minori devono essere sempre accompagnati da uno dei genitori o comunque dal titolare della responsabilit\u00e0 genitoriale.<\/p>\n<p><strong>I minori di 12 anni possono anche non presentarsi personalmente in consolato<\/strong>: in questo caso,<strong>\u00a0tuttavia<\/strong>, la\u00a0<strong>domanda<\/strong>\u00a0di carta di\u00a0identit\u00e0 elettronica\u00a0<strong>deve essere accompagnata dall\u2019invio di fototessera biometrica autenticata da un pubblico ufficiale tedesco (notaio o comune)<\/strong>.<\/p>\n<p><strong>8) Come si riceve la Carta d\u2019identit\u00e0 elettronica?<\/strong><\/p>\n<p>La CIE \u00e8 emessa dal Ministero dell\u2019Interno e prodotta dall\u2019Istituto Poligrafico e Zecca dello Stato, che la spedisce, a mezzo posta raccomandata, all\u2019indirizzo di residenza\u00a0<em>(o recapito)<\/em>\u00a0dichiarato dal richiedente. Salvo casi particolari, la CIE dovrebbe arrivare per posta\u00a0<strong>entro 15 giorni<\/strong>\u00a0dal giorno dell\u2019appuntamento (il connazionale potr\u00e0 seguire la raccomandata autonomamente online, attraverso il codice di tracciamento).<\/p>\n<p>In caso di mancata consegna, scaduto il termine di giacenza presso l\u2019ufficio postale il plico viene restituito al mittente in Italia, che provveder\u00e0 ad inviarlo all&#8217;Ufficio consolare per ulteriori tentativi di consegna.<\/p>\n<p><strong><br \/>\n9) Quanto tempo vale la carta d\u2019identit\u00e0?<\/strong><\/p>\n<p>La validit\u00e0 della carta d\u2019identit\u00e0 varia a seconda dell&#8217;et\u00e0 del titolare ed \u00e8 di:<\/p>\n<p>\u2022 3 anni per i minori di et\u00e0 compresa tra 0 e 3 anni;<\/p>\n<p>\u2022 5 anni per i minori di et\u00e0 compresa tra 3 anni e il raggiungimento della maggiore et\u00e0 (18 anni);<\/p>\n<p>\u2022 10 anni dai 18 anni di et\u00e0.<\/p>\n<p><strong>10) Cos\u2019\u00e8 l\u2019atto di assenso?<\/strong><\/p>\n<p>L&#8217;atto di assenso \u00e8 una dichiarazione personale prevista dalla legge italiana per le sole domande di carta d&#8217;identit\u00e0 per minorenni, che il genitore pu\u00f2 sottoscrivere utilizzando l&#8217;<strong>apposito modulo atto di assenso<\/strong>\u00a0<a href=\"https:\/\/consfrancoforte.esteri.it\/wp-content\/uploads\/2023\/04\/ATTO-DI-ASSENSO-PER-RILASCIO-CIE-A-FAVORE-MINORENNI.pdf\">https:\/\/consfrancoforte.esteri.it\/CONSOLATO_FRANCOFORTE\/resource\/doc\/2020\/09\/atto_di_assenso_per_rilascio_cie_a_favore_minorenni.pdf<\/a>\u00a0\u00a0 o redigendo una dichiarazione sostitutiva di certificazione; all&#8217;atto di assenso va allegata una fotocopia del proprio documento di identit\u00e0.<br \/>\nSe l\u2019altro genitore non \u00e8 cittadino dell\u2019Unione Europea, la sua firma va autenticata personalmente dall\u2019Ufficio consolare o dal Comune tedesco di residenza o altra autorit\u00e0 competente (notaio).<\/p>\n<p>Al fine di verificare la correttezza dell\u2019atto di assenso presentato \u00e8 necessario che il minore sia iscritto in anagrafe o che sia presentato originale del certificato di nascita da cui si evincano maternit\u00e0 e paternit\u00e0 del minore.<\/p>\n<p>In caso di decesso di uno dei genitori, \u00e8 necessario presentare l\u2019atto di morte dello stesso.<\/p>\n<p>Nel caso in cui un connazionale abbia difficolta\u2019 a ottenere l\u2019assenso dell\u2019altro genitore (ad esempio in caso di irreperibilita\u2019 o di mancata risposta di quest\u2019ultimo), e\u2019 consigliabile spiegare il problema all\u2019Ufficio carte di identita\u2019 (<a href=\"mailto:ci_confran@esteri.it\">ci_confran@esteri.it<\/a>\u00a0)\u00a0<strong>prima<\/strong>\u00a0della fissazione dell\u2019appuntamento in Consolato.<\/p>\n<p><strong><br \/>\n11) \u00c8 possibile modificare la mia carta d\u2019identit\u00e0?<\/strong><\/p>\n<p>No. La carta d\u2019identit\u00e0 \u00e8 un documento di identit\u00e0 e non di residenza o di stato civile. Non \u00e8 possibile aggiornare l\u2019indirizzo sulla carta. In caso di modifica dell\u2019indirizzo, il connazionale potr\u00e0 portare con s\u00e9 una copia del certificato di residenza rilasciato dalle autorit\u00e0 tedesche (Anmeldebest\u00e4tigung oppure Meldebescheinigung).<\/p>\n<p><strong>12) \u00c8 possibile per le donne sposate inserire il cognome del marito?<\/strong><\/p>\n<p>In analogia a quanto avviene sul territorio nazionale,\u00a0<strong>NON<\/strong>\u00a0\u00e8 possibile alle donne sposate inserire il cognome del marito.<\/p>\n<p><strong>Contatti dell&#8217;Ufficio Carte d&#8217;identit\u00e0:<br \/>\n<\/strong>Tel.: 0049 (0)69 7531 &#8211; 302 (12:00 &#8211; 13:00)<br \/>\nFax: 0049 (0)69 7531 &#8211; 126<br \/>\nPosta elettronica:\u00a0<a href=\"mailto:ci_confran@esteri.it\">ci_confran@esteri.it<\/a><\/p>\n<p>&nbsp;<\/p>\n<p><strong>13) Casi particolari<\/strong><\/p>\n<p>Per i\u00a0<strong>minori di 12 anni<\/strong>\u00a0e\u00a0<strong>per i connazionali che<\/strong>, a causa di un\u2019<strong>inabilit\u00e0 permanente comprovata da certificato medico<\/strong>, non siano in condizione di venire personalmente in Consolato,\u00a0<strong>non \u00e8 prevista la rilevazione delle impronte digitali, il richiedente deve tuttavia essere identificato di persona o la fototessera del richiedente deve essere autenticata<\/strong>.<\/p>\n<p>In questi casi si pu\u00f2 evadere la pratica per posta, ma il richiedente deve inviare una fototessera biometrica, autentica da un pubblico ufficiale tedesco (notaio o comune). Nel caso non sia possibile far autenticare la fototessera da un pubblico ufficiale tedesco, il richiedente dovr\u00e0 presentarsi in Consolato previa fissazione di un appuntamento sul portale\u00a0<a href=\"https:\/\/prenotami.esteri.it\/\">PRENOT@MI<\/a>.<\/p>\n<p><strong>Si informa\u00a0l&#8217;Utenza che le\u00a0richieste presentate\u00a0per posta potranno essere evase entro trenta giorni\u00a0solo in caso di documentazione completa.\u00a0<\/strong><\/p>\n<p>Rimane possibile accedere all&#8217;ufficio senza appuntamento, solo per coloro\u00a0<strong>che abbiano comprovati e documentati motivi d&#8217;urgenza<\/strong>, che questo Consolato Generale si riserva di valutare.<\/p>\n<p>____________________________________________________________________________<\/p>\n<div class=\"corpoPagina\"><\/div>\n<p class=\"corpoPagina\"><strong>\u00a0<a name=\"acccic\"><\/a>COS\u2019\u00c8 LA DICHIARAZIONE D\u2019ACCOMPAGNAMENTO?<\/strong><\/p>\n<p class=\"corpoPagina\">I minori di quattordici anni possono espatriare solo se accompagnati da almeno uno dei genitori. Qualora viaggino con terze persone (ad es. nonni, zii, amici, insegnanti) oppure siano affidati al personale di una compagnia di trasporto, occorre che i genitori compilino una\u00a0<strong>dichiarazione di accompagnamento\u00a0<\/strong>in cui indichino il nome della persona o della compagnia di trasporto a cui i minori medesimi sono affidati. Tale autorizzazione \u00e8 limitata ad un solo viaggio.<\/p>\n<p><strong>\u00a0Si invita l&#8217;Utenza a presentare le richieste d&#8217;accompagnamento con congruo anticipo (trenta giorni prima) rispetto alla data del viaggio per consentire l&#8217;evasione della pratica in tempo.<\/strong><\/p>\n<p class=\"corpoPagina\">Per richiedere tale documento, occorre presentare di persona o via posta la seguente documentazione:<\/p>\n<div class=\"corpoPagina\">\n<ul>\n<li><a href=\"https:\/\/consfrancoforte.esteri.it\/wp-content\/uploads\/2024\/08\/Nuova_accompagnamento-Minori.pdf\" target=\"_parent\" rel=\"noopener\">Modulo<\/a>;<\/li>\n<li>Fotocopia carta d\u2019identit\u00e0 o passaporto dei genitori;<\/li>\n<li>Fotocopia carta d\u2019identit\u00e0 o passaporto del minore;<\/li>\n<li>Fotocopia carta d\u2019identit\u00e0 o passaporto dell\u2019accompagnatore (consigliato);<\/li>\n<li>Busta preaffrancata da 0,70 \u20ac (solo se la domanda viene inviata per posta).<\/li>\n<\/ul>\n<\/div>\n<p><a id=\"dovecarta\" title=\"\" name=\"dovecarta\"><\/a><strong>DOVE<\/strong><strong>\u00a0SI PUO&#8217; VIAGGIARE CON LA CARTA D&#8217;IDENTITA&#8217;<\/strong><strong><br \/>\n<\/strong><br \/>\nLa carta d&#8217;identit\u00e0 consente l&#8217;espatrio nei seguenti Paesi:<\/p>\n<p>Albania, Austria, Belgio, Bosnia-Erzegovina, Bulgaria, Cipro, Croazia, Danimarca, Egitto (solo viaggi organizzati), Estonia, Finlandia, Francia, Germania, Grecia, Irlanda, Islanda, Italia, Lettonia, Liechtenstein, Lituania, Lussemburgo, Macedonia, Malta, Montenegro, Norvegia, Paesi Bassi, Polonia, Portogallo, Regno Unito, Repubblica Ceca, Romania, Slovacchia, Slovenia, Spagna, Svezia, Svizzera, Tunisia(solo viaggi organizzati), Turchia(solo viaggi organizzati), Ungheria.<\/p>\n<p><strong>Attenzione!<\/strong><br \/>\nSi consiglia comunque di consultare preventivamente il sito\u00a0<a title=\"Visita il sito Viaggiare Sicuri. Attenzione! Il link conduce ad un sito esterno\" href=\"http:\/\/www.viaggiaresicuri.it\/\">Viaggiare Sicuri<\/a>\u00a0e le Rappresentanze Consolari dei rispettivi Paesi di destinazione per verificare che non siano occorsi cambiamenti.<\/p>\n<p><strong><a href=\"https:\/\/consfrancoforte.esteri.it\/wp-content\/uploads\/2024\/08\/Istruzioni-pagamento-percezioni-consolari_2024.pdf\">Istruzioni per il pagamento delle percezioni consolari<\/a><\/strong><\/p>\n<div class=\"corpoPagina\"><\/div>\n<div class=\"corpoPagina\"><\/div>\n","protected":false},"excerpt":{"rendered":"Ufficio Carte d\u2019Identit\u00e0 Tel.: 0049 (0)69 7531 &#8211; 302 (12:00 &#8211; 13:00) Fax: 0049 (0)69 7531 &#8211; 126 e-mail:\u00a0ci_confran@esteri.it ##### &nbsp; Si informa\u00a0che la carta d\u2019identit\u00e0 cartacea, indipendentemente dalla scadenza riportata sul documento,\u00a0cesser\u00e0 di essere valida dal 3 agosto 2026.\u00a0 Si consiglia\u00a0pertanto ai connazionali, in possesso esclusivamente\u00a0del documento cartaceo,\u00a0di provvedere sin d&#8217;ora a fissare\u00a0un appuntamento [&hellip;]","protected":false},"author":4,"featured_media":0,"parent":79,"menu_order":0,"comment_status":"closed","ping_status":"closed","template":"","meta":{"footnotes":""},"class_list":["post-500","page","type-page","status-publish","hentry"],"_links":{"self":[{"href":"https:\/\/consfrancoforte.esteri.it\/it\/wp-json\/wp\/v2\/pages\/500","targetHints":{"allow":["GET"]}}],"collection":[{"href":"https:\/\/consfrancoforte.esteri.it\/it\/wp-json\/wp\/v2\/pages"}],"about":[{"href":"https:\/\/consfrancoforte.esteri.it\/it\/wp-json\/wp\/v2\/types\/page"}],"author":[{"embeddable":true,"href":"https:\/\/consfrancoforte.esteri.it\/it\/wp-json\/wp\/v2\/users\/4"}],"replies":[{"embeddable":true,"href":"https:\/\/consfrancoforte.esteri.it\/it\/wp-json\/wp\/v2\/comments?post=500"}],"version-history":[{"count":7,"href":"https:\/\/consfrancoforte.esteri.it\/it\/wp-json\/wp\/v2\/pages\/500\/revisions"}],"predecessor-version":[{"id":9218,"href":"https:\/\/consfrancoforte.esteri.it\/it\/wp-json\/wp\/v2\/pages\/500\/revisions\/9218"}],"up":[{"embeddable":true,"href":"https:\/\/consfrancoforte.esteri.it\/it\/wp-json\/wp\/v2\/pages\/79"}],"wp:attachment":[{"href":"https:\/\/consfrancoforte.esteri.it\/it\/wp-json\/wp\/v2\/media?parent=500"}],"curies":[{"name":"wp","href":"https:\/\/api.w.org\/{rel}","templated":true}]}}