{"id":184,"date":"2023-02-03T20:31:03","date_gmt":"2023-02-03T19:31:03","guid":{"rendered":"https:\/\/consfrancoforte.esteri.it\/?page_id=184"},"modified":"2025-02-19T11:28:05","modified_gmt":"2025-02-19T10:28:05","slug":"autoveicoli-e-patenti-di-guida","status":"publish","type":"page","link":"https:\/\/consfrancoforte.esteri.it\/it\/servizi-consolari-e-visti\/servizi-per-il-cittadino-italiano\/autoveicoli-e-patenti-di-guida\/","title":{"rendered":"Autoveicoli e Patenti di guida"},"content":{"rendered":"<p><strong>&gt;&gt;\u00a0<a href=\"https:\/\/www.esteri.it\/it\/servizi-consolari-e-visti\/italiani-all-estero\/autoveicoli_e_patenti\/patenteguida\/\" target=\"_blank\" rel=\"noopener\">Informazioni generali sul sito del Ministero degli Affari Esteri e della Cooperazione Internazionale<\/a><br \/>\n<\/strong><strong>&gt;&gt;\u00a0<a href=\"http:\/\/www.aci.it\/i-servizi\/guide-utili.html\" target=\"_blank\" rel=\"noopener\">Patente, bollo, pratiche auto: le guide ACI online<\/a><\/strong><\/p>\n<p><strong><br \/>\nLA PATENTE DI GUIDA<br \/>\n<\/strong>\u2022 Se vi recate per brevi periodi in Germania potete circolare utilizzando la patente di guida italiana in quanto, in base alla Direttiva comunitaria n. 2006\/126\/CE del 20 dicembre 2006, gli Stati membri riconoscono le patenti di guida rilasciate dalle rispettive Autorit\u00e0.<br \/>\n\u2022 <strong>Se<\/strong> invece <strong>stabilite la vostra residenza in Germania<\/strong>,\u00a0<strong>\u00e8 consigliato convertire la patente di guida italiana<\/strong>, prima della scadenza, in una equipollente tedesca presso i locali uffici di motorizzazione (Stra\u00dfenverkehrsamt).<br \/>\n\u2022 Nel caso in cui non siate pi\u00f9 in possesso della patente italiana (ad esempio a causa di furto o smarrimento) o se la vostra patente \u00e8 scaduta, per la richiesta di conversione in patente tedesca sar\u00e0 necessario presentare anche un attestato di validit\u00e0 della patente, che viene rilasciato dagli Uffici della Motorizzazione del Ministero delle Infrastrutture e dei Trasporti e che potete richiedere anche online sul\u00a0<a href=\"https:\/\/www.ilportaledellautomobilista.it\/web\/portale-automobilista\/patenti_richiesta-attestato-validita-patente\" target=\"_blank\" rel=\"noopener\"><strong>portale dell\u2019automobilista<\/strong><\/a>.<\/p>\n<p>\u2022 Potete rinnovare la patente italiana, prima della scadenza, rivolgendovi\u00a0<strong>esclusivamente<\/strong>\u00a0alle Autorit\u00e0 competenti per il luogo di residenza.<\/p>\n<p>&nbsp;<\/p>\n<p><strong>VEICOLI IMMATRICOLATI ALL&#8217;ESTERO<\/strong><\/p>\n<p><strong>Si invitano i connazionali a prestare attenzione alle disposizioni del Codice della strada in merito alla guida in Italia di veicoli immatricolati all\u00b4estero. Informazioni di dettaglio sulla circolazione dei veicoli stranieri in Italia sono presenti alla seguente pagina internet:<\/strong><\/p>\n<p><strong><a href=\"https:\/\/www.interno.gov.it\/sites\/default\/files\/all_3_scheda_veicoli_stranieri.pdf\">https:\/\/www.interno.gov.it\/sites\/default\/files\/all_3_scheda_veicoli_stranieri.pdf<\/a><\/strong><\/p>\n<p><strong>Si ricorda che \u00e8 in linea di principio vietato, a chi ha stabilito la residenza in Italia da oltre sessanta giorni, circolare con un veicolo immatricolato all\u2019estero. Il cittadino italiano non iscritto all\u2019AIRE (Anagrafe degli italiani residenti all\u2019estero) \u00e8 considerato residente in Italia ai fini dell\u2019applicazione di questa normativa\u201d.<\/strong><\/p>\n<blockquote><p><strong>&gt;ATTENZIONE<\/strong>: Il permesso provvisorio di guida italiano <strong>non autorizza<\/strong>\u00a0alla guida in Germania.<\/p><\/blockquote>\n<p>&nbsp;<\/p>\n<p><strong>LA RICHIESTA DI RADIAZIONE DEI VEICOLI DAL P.R.A. PER ESPORTAZIONE DEFINITIVA ALL\u2019ESTERO<br \/>\n<\/strong>Se volete esportare definitivamente all\u2019estero un veicolo dovete prima effettuare la \u201cradiazione per definitiva esportazione all\u2019estero\u201d dall\u2019Archivio Nazionale dei Veicoli e dal Pubblico Registro Automobilistico.<br \/>\nDal 1\u00b0 gennaio 2020, a seguito della modifica del testo dell\u2019art. 103 comma 1 del Codice della Strada, chi intende esportare definitivamente il veicolo dall\u2019Italia all\u2019estero dovr\u00e0 preventivamente cancellare il veicolo dal P.R.A. in Italia, a condizione di aver proceduto a revisione\/controllo tecnico del veicolo, con esito positivo, in data non anteriore a sei mesi rispetto alla data in cui chiede la cancellazione stessa.<br \/>\nInoltre non \u00e8 pi\u00f9 possibile trasmettere tali richieste tramite gli Uffici consolari.<\/p>\n<div><\/div>\n<div><a href=\"http:\/\/www.aci.it\/i-servizi\/guide-utili\/guida-pratiche-auto\/esportazione.html\"><strong>Guida ACI online\u00a0<\/strong><\/a>(da leggere per avere informazioni generali)<\/div>\n<div><\/div>\n<div>&#8212;&#8212;&#8212;&#8212;&#8212;&#8211;<\/div>\n<p><a href=\"https:\/\/consfrancoforte.esteri.it\/consolato_francoforte\/resource\/doc\/2018\/02\/smarrimento_patente.pdf\"><strong>Modulo per denuncia di smarrimento della patente italiana<\/strong><\/a>\u00a0(da presentare alla Motorizzazione Civile in Italia).<\/p>\n<p>&nbsp;<\/p>\n","protected":false},"excerpt":{"rendered":"&gt;&gt;\u00a0Informazioni generali sul sito del Ministero degli Affari Esteri e della Cooperazione Internazionale &gt;&gt;\u00a0Patente, bollo, pratiche auto: le guide ACI online LA PATENTE DI GUIDA \u2022 Se vi recate per brevi periodi in Germania potete circolare utilizzando la patente di guida italiana in quanto, in base alla Direttiva comunitaria n. 2006\/126\/CE del 20 dicembre 2006, [&hellip;]","protected":false},"author":3,"featured_media":0,"parent":79,"menu_order":16,"comment_status":"closed","ping_status":"closed","template":"","meta":{"footnotes":""},"class_list":["post-184","page","type-page","status-publish","hentry"],"_links":{"self":[{"href":"https:\/\/consfrancoforte.esteri.it\/it\/wp-json\/wp\/v2\/pages\/184","targetHints":{"allow":["GET"]}}],"collection":[{"href":"https:\/\/consfrancoforte.esteri.it\/it\/wp-json\/wp\/v2\/pages"}],"about":[{"href":"https:\/\/consfrancoforte.esteri.it\/it\/wp-json\/wp\/v2\/types\/page"}],"author":[{"embeddable":true,"href":"https:\/\/consfrancoforte.esteri.it\/it\/wp-json\/wp\/v2\/users\/3"}],"replies":[{"embeddable":true,"href":"https:\/\/consfrancoforte.esteri.it\/it\/wp-json\/wp\/v2\/comments?post=184"}],"version-history":[{"count":4,"href":"https:\/\/consfrancoforte.esteri.it\/it\/wp-json\/wp\/v2\/pages\/184\/revisions"}],"predecessor-version":[{"id":5428,"href":"https:\/\/consfrancoforte.esteri.it\/it\/wp-json\/wp\/v2\/pages\/184\/revisions\/5428"}],"up":[{"embeddable":true,"href":"https:\/\/consfrancoforte.esteri.it\/it\/wp-json\/wp\/v2\/pages\/79"}],"wp:attachment":[{"href":"https:\/\/consfrancoforte.esteri.it\/it\/wp-json\/wp\/v2\/media?parent=184"}],"curies":[{"name":"wp","href":"https:\/\/api.w.org\/{rel}","templated":true}]}}