{"id":181,"date":"2023-02-03T20:31:34","date_gmt":"2023-02-03T19:31:34","guid":{"rendered":"https:\/\/consfrancoforte.esteri.it\/?page_id=181"},"modified":"2025-07-03T11:04:17","modified_gmt":"2025-07-03T09:04:17","slug":"cittadinanza","status":"publish","type":"page","link":"https:\/\/consfrancoforte.esteri.it\/it\/servizi-consolari-e-visti\/servizi-per-il-cittadino-straniero\/cittadinanza\/","title":{"rendered":"Cittadinanza"},"content":{"rendered":"<p><strong>L&#8217;ufficio cittadinanza riceve il pubblico previo appuntamento da concordare via mail<\/strong>.<\/p>\n<p style=\"text-align: center;\">######<\/p>\n<p>L\u2019ufficio cittadinanza tratta le pratiche relative ai residenti nella circoscrizione consolare (Assia, Renania-Palatinato, Saarland e Bassa Franconia)e riceve il pubblico previo appuntamento da concordare via email: <a href=\"mailto:cittadinanza.francoforte@esteri.it\">cittadinanza.francoforte@esteri.it<\/a><\/p>\n<p>Attualmente la cittadinanza italiana \u00e8 regolata dalla legge 5 febbraio 1992, n. 91, modificata dal Decreto-Legge 28 marzo 2025, n.36, convertito con modificazioni dalla Legge 23 maggio 2025, n.74, pubblicata nella Gazzetta Ufficiale Serie generale n.118 del 23 maggio 2025, ed entrata in vigore il 24 maggio 2025, che stabilisce limitazioni nella trasmissione della cittadinanza italiana. Il testo integrale \u00e8 disponibile al seguente <a href=\"https:\/\/www.normattiva.it\/uri-res\/N2Ls?urn:nir:stato:legge:1992-02-05;91!vig=\">link<\/a><\/p>\n<p>Si attira, in particolare, l\u2019attenzione sul\u00a0<strong>nuovo art. 3-bis:<\/strong><\/p>\n<p><em>In deroga agli articoli 1, 2, 3, 14 e 20 della presente legge, all\u2019articolo 5 della legge 21 aprile 1983, n. 123, agli articoli 1, 2, 7, 10, 12 e 19 della legge 13 giugno 1912, n. 555, nonch\u00e9 agli articoli 4, 5, 7, 8 e 9 del codice civile approvato con regio decreto 25 giugno 1865, n. 2358, \u00e8 considerato non avere mai acquistato la cittadinanza italiana chi \u00e8 nato all\u2019estero anche prima della data di entrata in vigore del presente articolo ed \u00e8 in possesso di altra cittadinanza, salvo che ricorra una delle seguenti condizioni:<\/em><\/p>\n<ol>\n<li><em>a) lo stato di cittadino dell\u2019interessato \u00e8 riconosciuto, nel rispetto della normativa applicabile al 27 marzo 2025, a seguito di domanda, corredata della necessaria documentazione, presentata all\u2019ufficio consolare o al sindaco competenti non oltre le 23:59, ora di Roma, della medesima data;<\/em><\/li>\n<\/ol>\n<p><em>a-bis) lo stato di cittadino dell\u2019interessato \u00e8 riconosciuto, nel rispetto della normativa applicabile al 27 marzo 2025, a seguito di domanda, corredata della necessaria documentazione, presentata all\u2019ufficio consolare o al sindaco competenti nel giorno indicato da appuntamento comunicato all\u2019interessato dall\u2019ufficio competente entro le 23:59, ora di Roma, della medesima data del 27 marzo 2025;<\/em><\/p>\n<ol>\n<li><em>b) lo stato di cittadino dell\u2019interessato \u00e8 accertato giudizialmente, nel rispetto della normativa applicabile al 27 marzo 2025, a seguito di domanda giudiziale presentata non oltre le 23:59, ora di Roma, della medesima data;<\/em><\/li>\n<li><em>c) un ascendente di primo o di secondo grado possiede, o possedeva al momento della morte, esclusivamente la cittadinanza italiana;<\/em><\/li>\n<li><em>d) un genitore o adottante \u00e8 stato residente in Italia per almeno due anni continuativi successivamente all\u2019acquisto della cittadinanza italiana e prima della data di nascita o di adozione del figlio.<\/em><\/li>\n<\/ol>\n<p>\u2014 \u2014 \u2014<\/p>\n<p>Pertanto, in base alla nuova legge n.91 del 1992 \u00e8 riconosciuto cittadino italiano\u00a0<em>iure sanguinis<\/em>\u00a0(dalla nascita):<\/p>\n<ul>\n<li>il richiedente\u00a0<strong>nato in Italia<\/strong>\u00a0in qualsiasi data;<\/li>\n<li>il richiedente che ha esclusivamente la cittadinanza italiana<strong>, ossia che<\/strong>\u00a0<strong>non ha n\u00e9 pu\u00f2 avere nessun\u2019altra cittadinanza;<\/strong><\/li>\n<li>il richiedente che rientra in\u00a0<strong>uno dei casi<\/strong>\u00a0elencati nelle\u00a0<strong>lettere a), a-bis), b), c) e d) dell\u2019articolo 3-bis<\/strong><\/li>\n<\/ul>\n<p>\u2014 \u2014 \u2014<\/p>\n<p>Alla luce della nuova legge si precisa che:<\/p>\n<p><strong>1) Solo le domande presentate prima del 27 marzo 2025 alle ore 23.59 ora italiana, corredate della necessaria documentazione, seguono la\u00a0normativa precedente<\/strong><\/p>\n<p>Per domande\u00a0<em>\u201cpresentate\u201d<\/em>\u00a0si intende:<\/p>\n<ul>\n<li>Consegnate allo sportello dell\u2019Ufficio consolare prima della data ed ora sopra indicate;<\/li>\n<li>Spedite per posta con tracciamento di data ed ora antecedenti al termine sopra indicato;<\/li>\n<li>Spedite per posta senza tracciamento di data ed ora, e ricevute dell\u2019Ufficio consolare prima del termine sopra indicato;<\/li>\n<li>Ricevute su Fast-It prima del termine sopra indicato.<\/li>\n<\/ul>\n<p><strong>2) Solo le domande, corredate della necessaria documentazione, presentate all\u2019Ufficio consolare nel giorno indicato da appuntamento fissato e comunicato all\u2019interessato dall\u2019ufficio competente entro le 23:59, ora di Roma del 27 marzo 2025 seguono la\u00a0normativa precedente<\/strong><\/p>\n<p>Per\u00a0<em>\u201cappuntamento comunicato all\u2019interessato dall\u2019Ufficio competente\u201d<\/em>\u00a0si intende la conferma a mezzo posta elettronica ricevuta dall\u2019interessato dal portale Prenot@mi o dall\u2019indirizzo e-mail istituzionale della Sezione dell\u2019Ufficio consolare competente per l\u2019istanza.<\/p>\n<p><strong>3) In ogni altra circostanza, alle domande si applica la nuova normativa.<\/strong><\/p>\n<p><strong>Casi di maggiore rilevanza:<\/strong><\/p>\n<p><a href=\"https:\/\/consfrancoforte.esteri.it\/it\/servizi-consolari-e-visti\/servizi-per-il-cittadino-straniero\/cittadinanza\/riconoscimento-della-cittadinanza-italiana-per-discendenza\/\"><strong>RICONOSCIMENTO DEL POSSESSO DELLA CITTADINANZA ITALIANA JURE SANGUINIS (DISCENDENZA DIRETTA DA AVO ITALIANO SENZA INTERRUZIONE DI POSSESSO)<\/strong><\/a><\/p>\n<p><a href=\"https:\/\/consfrancoforte.esteri.it\/it\/servizi-consolari-e-visti\/servizi-per-il-cittadino-straniero\/cittadinanza\/cittadinanza-per-matrimonio-o-unione-civile\/\"><strong>ACQUISTO DELLA CITTADINANZA PER MATRIMONIO O UNIONE CIVILE<\/strong><\/a><\/p>\n<p><a href=\"https:\/\/consfrancoforte.esteri.it\/it\/servizi-consolari-e-visti\/servizi-per-il-cittadino-straniero\/cittadinanza\/riacquisto-della-cittadinanza-a-seguito-di-perdita\/\"><strong>RIACQUISTO DELLA CITTADINANZA (a seguito di perdita)<\/strong><\/a><\/p>\n<p><a href=\"https:\/\/consfrancoforte.esteri.it\/it\/servizi-consolari-e-visti\/servizi-per-il-cittadino-straniero\/cittadinanza\/rinuncia-alla-cittadinanza\/\"><strong>RINUNCIA ALLA CITTADINANZA ITALIANA<\/strong><\/a><\/p>\n<p>&nbsp;<\/p>\n","protected":false},"excerpt":{"rendered":"L&#8217;ufficio cittadinanza riceve il pubblico previo appuntamento da concordare via mail. ###### L\u2019ufficio cittadinanza tratta le pratiche relative ai residenti nella circoscrizione consolare (Assia, Renania-Palatinato, Saarland e Bassa Franconia)e riceve il pubblico previo appuntamento da concordare via email: cittadinanza.francoforte@esteri.it Attualmente la cittadinanza italiana \u00e8 regolata dalla legge 5 febbraio 1992, n. 91, modificata dal Decreto-Legge [&hellip;]","protected":false},"author":3,"featured_media":0,"parent":84,"menu_order":2,"comment_status":"closed","ping_status":"closed","template":"","meta":{"footnotes":""},"class_list":["post-181","page","type-page","status-publish","hentry"],"_links":{"self":[{"href":"https:\/\/consfrancoforte.esteri.it\/it\/wp-json\/wp\/v2\/pages\/181","targetHints":{"allow":["GET"]}}],"collection":[{"href":"https:\/\/consfrancoforte.esteri.it\/it\/wp-json\/wp\/v2\/pages"}],"about":[{"href":"https:\/\/consfrancoforte.esteri.it\/it\/wp-json\/wp\/v2\/types\/page"}],"author":[{"embeddable":true,"href":"https:\/\/consfrancoforte.esteri.it\/it\/wp-json\/wp\/v2\/users\/3"}],"replies":[{"embeddable":true,"href":"https:\/\/consfrancoforte.esteri.it\/it\/wp-json\/wp\/v2\/comments?post=181"}],"version-history":[{"count":7,"href":"https:\/\/consfrancoforte.esteri.it\/it\/wp-json\/wp\/v2\/pages\/181\/revisions"}],"predecessor-version":[{"id":7006,"href":"https:\/\/consfrancoforte.esteri.it\/it\/wp-json\/wp\/v2\/pages\/181\/revisions\/7006"}],"up":[{"embeddable":true,"href":"https:\/\/consfrancoforte.esteri.it\/it\/wp-json\/wp\/v2\/pages\/84"}],"wp:attachment":[{"href":"https:\/\/consfrancoforte.esteri.it\/it\/wp-json\/wp\/v2\/media?parent=181"}],"curies":[{"name":"wp","href":"https:\/\/api.w.org\/{rel}","templated":true}]}}