{"id":162,"date":"2023-02-03T20:28:36","date_gmt":"2023-02-03T19:28:36","guid":{"rendered":"https:\/\/consfrancoforte.esteri.it\/?page_id=162"},"modified":"2026-02-13T10:40:33","modified_gmt":"2026-02-13T09:40:33","slug":"passaporti-e-carte-didentita","status":"publish","type":"page","link":"https:\/\/consfrancoforte.esteri.it\/it\/servizi-consolari-e-visti\/servizi-per-il-cittadino-italiano\/passaporti-e-carte-didentita\/","title":{"rendered":"Passaporti"},"content":{"rendered":"<p><strong>Ufficio Passaporti<\/strong><\/p>\n<p>Tel.: 0049 (0)69 7531 \u2013\u00a0301 (12:00-13:00)<br \/>\nFax: 0049 (0)69 7531 &#8211; 105<br \/>\ne-mail:\u00a0<strong>passaporti.francoforte@esteri.it<\/strong><\/p>\n<hr \/>\n<p><strong>Vi invitiamo ad<\/strong> <strong>arrivare agli appuntamenti in Consolato con le foto biometriche gi\u00e0 predisposte.<\/strong><\/p>\n<p>&nbsp;<\/p>\n<p style=\"text-align: center;\"><b><span style=\"font-size: 11.0pt; font-family: 'Calibri',sans-serif; color: red;\">&#8212;&#8212;&#8212;&#8212;&#8212;&#8212;&#8212;&#8212;&#8212;&#8212;&#8212;&#8212;&#8212;&#8212;- AVVISO IMPORTANTE !! \u00a0&#8212;&#8212;&#8212;&#8212;&#8212;&#8212;&#8212;&#8212;&#8212;&#8212;&#8212;&#8212;&#8212;&#8212;-<\/span><\/b><\/p>\n<p>A PARTIRE <strong>DAL 1<span style=\"font-size: 11.0pt; font-family: 'Calibri',sans-serif; color: black;\"><b>\u00b0<\/b><\/span> DICEMBRE 2025<\/strong> IL COSTO DEL PASSAPORTO SARA&#8217; DI <span style=\"text-decoration: underline;\"><strong>116,20\u20ac<\/strong><\/span> (20 cent. in pi\u00f9 rispetto al precedente importo).<\/p>\n<p>Si prega gentilmente tutti coloro che hanno appuntamento dal 1<strong><span style=\"font-size: 11.0pt; font-family: 'Calibri',sans-serif; color: black;\"><b>\u00b0<\/b><\/span><\/strong> dicembre 2025 e che hanno gi\u00e0 effettuato un bonifico di integrare il bonifico con la cifra restante (20 cent.).<span style=\"font-size: 11.0pt; font-family: 'Calibri',sans-serif; color: black;\">\u00a0<\/span><\/p>\n<p>&nbsp;<\/p>\n<hr \/>\n<p>L\u2019Ufficio Passaporti del Consolato Generale in Francoforte sul Meno si occupa delle pratiche relative al rilascio dei passaporti dei <strong>cittadini italiani residenti e iscritti all\u2019AIRE<\/strong> nella circoscrizione consolare di Francoforte (Assia, Renania-Palatinato, Saarland e Bassa Franconia).<\/p>\n<p>Le domande di passaporto devono essere presentate registrandosi nel portale <a href=\"https:\/\/prenotami.esteri.it\/\">PRENOT@MI<\/a>, inserendo tutti i dati richiesti dal portale e prenotando un appuntamento nel calendario online.<\/p>\n<p>Per accedere all\u2019 INDIRIZZO DEL PORTALE clicca qui di seguito: <a href=\"https:\/\/prenotami.esteri.it\/\">PRENOT@MI<\/a><\/p>\n<p style=\"text-align: center;\">________________________________<\/p>\n<p><strong><u>RILASCIO PASSAPORTO PER MAGGIORENNI:<\/u><\/strong><\/p>\n<p>\u00c8 necessario che il\/la connazionale sia residente nella circoscrizione consolare di Francoforte, <strong>iscritto all\u2019AIRE<\/strong> e che <strong>prenoti un appuntamento<\/strong> sul portale <a href=\"https:\/\/prenotami.esteri.it\/\">PRENOT@MI<\/a>.<\/p>\n<p><strong>PER GLI ULTRASESSANTACINQUENNI: <\/strong>la documentazione sottostante potr\u00e0 essere inviata anche tramite posta ordinaria, unitamente al seguente <a href=\"https:\/\/consfrancoforte.esteri.it\/wp-content\/uploads\/2023\/06\/DOMANDA_PASS_MAGGIORENNI_ITALIANO-2023.pdf\"><u>modulo di richiesta<\/u><\/a><\/p>\n<p>Sar\u00e0 premura dell\u2019ufficio ricontattare il\/la connazionale ultrasessantacinquenne per concordare l\u2019appuntamento ai fini del rilevamento dei dati biometrici.<\/p>\n<p><strong>IL GIORNO DELL\u2019APPUNTAMENTO \u00c8 NECESSARIO PORTARE CON S\u00c8<\/strong> la seguente documentazione:<\/p>\n<ul>\n<li>documento d\u2019identit\u00e0 in corso di validit\u00e0 (passaporto e\/o carta d\u2019identit\u00e0);<\/li>\n<li>fotocopia dell\u2019ultimo passaporto o carta d\u2019identit\u00e0;<\/li>\n<li>vecchio passaporto (anche se scaduto);<\/li>\n<li>n. 2 fotografie biometriche standard ICAO 4,5 x 3,5 cm (con sfondo bianco e nella quale si \u00e8 ritratti senza occhiali da vista);<\/li>\n<li>ricevuta del pagamento* dell\u2019importo di 116,20\u20ac per passaporto rilasciato dal 1\/12\/2025 (116\u20ac per passaporto rilasciato fino al 30\/11\/2025). Il pagamento con bonifico\u00a0deve essere effettuato almeno 3 giorni lavorativi prima della data dell\u2019appuntamento sul seguente conto corrente:<\/li>\n<\/ul>\n<p><span style=\"text-decoration: underline;\"><em>BENEFICIARIO: Consulate General of the Italian Rep. in Frankfurt\/Main<\/em><\/span><\/p>\n<p><span style=\"text-decoration: underline;\"><em>IBAN: DE12 1007 0100 0319 0030 00<\/em><\/span><\/p>\n<p><span style=\"text-decoration: underline;\"><em>BIC: DEUTDEBB101<\/em><\/span><\/p>\n<p><span style=\"text-decoration: underline;\"><em>IMPORTO: 116,20 \u20ac (dal 1\/12\/2025) \/ 116 \u20ac (fino al 30\/11\/2025)<\/em><\/span><\/p>\n<p><span style=\"text-decoration: underline;\"><em>CAUSALE: Passaporto \u00abCognome\u00bb \u00abNome\u00bb \u00abData di nascita\u00bb<\/em><\/span><\/p>\n<ul>\n<li><strong>In caso di cambio indirizzo:<\/strong> certificato di residenza attuale (oppure utenze residenziali intestate a proprio nome. Per esempio, bollette telefoniche, luce o acqua);<\/li>\n<li>in caso di <strong>smarrimento<\/strong>, denuncia resa e sottoscritta presso l\u2019ufficio passaporti;<\/li>\n<li>in caso di <strong>furto<\/strong>, denuncia resa alle autorit\u00e0 di polizia tedesca.<\/li>\n<\/ul>\n<p><strong>*ATTENZIONE: <\/strong>Se l\u2019appuntamento viene prenotato a breve termine, il pagamento deve essere effettuato direttamente in Consolato tramite bancomat\/EC-Karte (NON EFFETTUARE IL BONIFICO).<\/p>\n<p>Il pagamento pu\u00f2 in ogni caso essere effettuato con bancomat\/EC-Karte o con contanti presso la cassa automatica del Consolato.<\/p>\n<p style=\"text-align: center;\">######<\/p>\n<p><strong><u>RILASCIO PASSAPORTO PER MINORENNI:<\/u><\/strong><\/p>\n<p>Per il rilascio di un nuovo passaporto ad un minorenne \u00e8 necessario che egli sia residente nella circoscrizione consolare di Francoforte e iscritto all\u2019AIRE, e se nato all\u2019estero, che la <a href=\"https:\/\/consfrancoforte.esteri.it\/it\/servizi-consolari-e-visti\/servizi-per-il-cittadino-italiano\/stato-civile\/\">nascita<\/a> sia stata trascritta in Italia.<\/p>\n<p>L\u2019appuntamento deve essere effettuato sul portale <a href=\"https:\/\/prenotami.esteri.it\/\">PRENOT@MI<\/a>.<\/p>\n<p>IL GIORNO DELL\u2019APPUNTAMENTO DEVE PORTARE CON S\u00c8 la seguente documentazione:<\/p>\n<ul>\n<li><a href=\"https:\/\/consfrancoforte.esteri.it\/wp-content\/uploads\/2023\/04\/domandarilasciopass_minori_bilingue.pdf\">modulo di richiesta del passaporto firmato da entrambi i genitori<\/a>*<\/li>\n<li>fotocopia del documento d\u2019identit\u00e0 di entrambi i genitori;<\/li>\n<li>ultimo passaporto, carta d\u2019identit\u00e0 o copia di documento tedesco del minore;<\/li>\n<li>una fotografia biometrica 4,5 x 3,5 cm (con sfondo bianco);<\/li>\n<li>116,20\u20ac, da pagare con <a href=\"https:\/\/consfrancoforte.esteri.it\/wp-content\/uploads\/2024\/08\/Istruzioni-pagamento-percezioni-consolari_2024.pdf\"><strong>bonifico bancario<\/strong><\/a> (almeno cinque giorni lavorativi prima della data dell\u2019appuntamento)<strong> **<\/strong><\/li>\n<\/ul>\n<p><strong>*ATTENZIONE<\/strong>: se uno dei genitori non \u00e8 cittadino UE, dovr\u00e0 recarsi personalmente in Consolato provvisto di passaporto oppure fare autenticare la firma presso il comune tedesco o da un notaio.<\/p>\n<p><strong>**ATTENZIONE: <\/strong>Se l\u2019appuntamento viene prenotato a breve termine, il pagamento deve essere effettuato direttamente in Consolato tramite bancomat\/EC-Karte (NON EFFETTUARE IL BONIFICO)<\/p>\n<p><strong>In alternativa (solo per le richieste di passaporto per i minori fino all&#8217;et\u00e0 di 11 anni) <\/strong><\/p>\n<ul>\n<li>\u00e8 <strong>possibile<\/strong> <strong>inviare la documentazione per posta. <\/strong><\/li>\n<li><strong>In questo caso si prega di contattare personalmente l\u2019ufficio passaporti.<\/strong><\/li>\n<\/ul>\n<p style=\"text-align: center;\">######<\/p>\n<p><strong>ATTENZIONE<\/strong>: anche un cittadino italiano all\u2019estero pu\u00f2 richiedere il rilascio\/estensione del passaporto presso una circoscrizione consolare in cui non \u00e8 residente, in tal caso occorre attendere la \u201cDELEGA\u201d della Questura e\/o del Consolato Italiano competenti per il territorio di residenza.<\/p>\n<p><strong>ATTENZIONE<\/strong>: nel caso ci si presenti in Consolato il giorno dell\u2019appuntamento senza la necessaria documentazione, potrebbe non essere possibile emettere il passaporto.<\/p>\n<p><strong>SI RAMMENTA FORMALMENTE CHE, IN CASO DI DICHIARAZIONI MENDACI E PRODUZIONE DI DOCUMENTI FALSI, SI INCORRE IN SANZIONI PENALI.<\/strong><\/p>\n<p style=\"text-align: center;\">__________________________<\/p>\n<p><strong><u>DISABILIT\u00c0 PERMANENTE <\/u><\/strong><\/p>\n<p>Per utenti con disabilit\u00e0 permanente \u00e8 necessaria la seguente documentazione, che deve essere inviata per posta ordinaria:<\/p>\n<ul>\n<li>Certificato medico, attestante che il soggetto interessato \u00e8 \u201cPERMANENTEMENTE INABILE A VIAGGIARE\u201d (dauerhafte Verhiderung), rilasciato da una struttura ospedaliera o dal medico curante. Ogni dichiarazione che si discosti anche minimamente dalla dicitura sopraindicata non potr\u00e0 essere accettata.<\/li>\n<li>fotocopia dell\u2019ultimo passaporto o carta d\u2019identit\u00e0 (in caso di un passaporto ancora valido, lo deve inviare con la richiesta);<\/li>\n<li>due fotografie biometriche 4,5 x 3,5 cm (con sfondo bianco), <strong>autenticate<\/strong> da un pubblico ufficiale tedesco (notaio o comune);<\/li>\n<li>116,20\u20ac, da pagare con <a href=\"https:\/\/consfrancoforte.esteri.it\/wp-content\/uploads\/2024\/08\/Istruzioni-pagamento-percezioni-consolari_2024.pdf\">bonifico bancario<\/a> (allegare fotocopia del pagamento);<\/li>\n<li>busta preaffrancata da 4,25\u20ac. <strong>Attenzione<\/strong><strong>: <\/strong>si prega di NON effettuare bonifici\u00a0bancari\u00a0per le spese postali!<\/li>\n<\/ul>\n<p style=\"text-align: center;\">____________________________<\/p>\n<p><strong><u>COS\u2019\u00c8 IL PASSAPORTO E QUANTO TEMPO \u00c8 VALIDO?<\/u><\/strong><\/p>\n<p>Il passaporto \u00e8 un documento personale di riconoscimento e di viaggio valido per 10 anni in base alle modifiche del 04.02.2003 effettuate alla <a href=\"http:\/\/www.esteri.it\/MAE\/normative\/leg21.11.67.pdf\">Legge sui passaporti<\/a>.<\/p>\n<p>Il passaporto per i minori ha una validit\u00e0 di tre anni da 0 a 3 anni (non ancora compiuti), per minori da 3 a 18 anni (non ancora compiuti) la validit\u00e0 \u00e8 di cinque anni.<\/p>\n<p>Il rilascio del passaporto all\u2019estero \u00e8 di competenza dell\u2019Ufficio Passaporti della Circoscrizione Consolare in cui il cittadino italiano \u00e8 residente.<\/p>\n<p>Si prega di evitare di rivolgersi all\u2019Ufficio Passaporti nei periodi di maggior afflusso (immediatamente prima delle vacanze estive, natalizie e pasquali) assicurandosi cos\u00ec un servizio pi\u00f9 rapido. Il passaporto ordinario, infatti, pu\u00f2 essere rilasciato anche 6 mesi prima della data di scadenza.<\/p>\n<p><strong><u>QUANTO COSTA IL PASSAPORTO E COME \u00c8 POSSIBILE PAGARLO?<\/u><\/strong><\/p>\n<p>Il passaporto costa<strong> 116,20 \u20ac<\/strong> (costo del libretto passaporto pari a 42,50 \u20ac + contributo amministrativo pari a 73,70 \u20ac).<\/p>\n<p>Si invitano i connazionali ad effettuare il pagamento con <a href=\"https:\/\/consfrancoforte.esteri.it\/wp-content\/uploads\/2024\/08\/Istruzioni-pagamento-percezioni-consolari_2024.pdf\"><strong>bonifico bancario<\/strong><\/a>, cos\u00ec da accorciare i tempi di permanenza in Consolato il giorno del ritiro del documento. Se l\u2019appuntamento viene prenotato a breve termine, il pagamento pu\u00f2 essere effettuato direttamente in Consolato tramite bancomat\/EC-Karte (NON EFFETTUARE IL BONIFCO). L\u2019opzione del pagamento <strong>in contanti <\/strong>rimane tuttavia una soluzione per coloro che si presentino senza appuntamento, a fronte di comprovati motivi d\u2019urgenza.<\/p>\n<p>In casi di comprovata urgenza (ad es. gravi motivi familiari\/di salute, improrogabili necessit\u00e0 di lavoro\/studio), a coloro che non avranno preventivamente concordato un appuntamento e che necessiteranno del passaporto entro 24 ore, verr\u00e0 richiesto il pagamento dei \u201cdiritti di urgenza\u201d (50 \u20ac). Questo importo previsto dall\u2019art.74 della tabella dei diritti Consolari, si aggiunge al normale costo del passaporto.<\/p>\n<p><strong>Attenzione!<\/strong> Il pagamento della tassa non equivale automaticamente ad ottenere il rilascio in giornata del passaporto, essendo tale rilascio comunque subordinato alla mancanza di motivi ostativi.<\/p>\n<p style=\"text-align: center;\">__________________________<\/p>\n<p><strong><u>L\u2019ATTO D\u2019ASSENSO<\/u><\/strong><\/p>\n<p><strong>ATTENZIONE!<\/strong> Quanto sotto riportato vale sia per il passaporto che per la carta d\u2019identit\u00e0.<\/p>\n<p>La legge italiana sui passaporti prevede che<strong> per il rilascio del passaporto per minori<\/strong> occorra l\u2019<strong>atto d\u2019assenso di entrambi i genitori.<\/strong> Concedere l\u2019atto di assenso significa accettare che al proprio figlio minorenne venga rilasciato un documento italiano d\u2019identit\u00e0.<\/p>\n<p>L\u2019atto di assenso \u00e8 una dichiarazione personale che gli interessati sottoscrivono utilizzando la <a href=\"https:\/\/consfrancoforte.esteri.it\/wp-content\/uploads\/2023\/04\/domandarilasciopass_minori_bilingue-1.pdf\">domanda di rilascio passaporto ai minorenn<\/a><u>i <\/u>disponibili presso l\u2019ufficio passaporti, corredata da una fotocopia del documento di identit\u00e0 di chi rende la dichiarazione.<\/p>\n<p>Se uno dei genitori non \u00e8 cittadino UE, invece, deve presentarsi personalmente in Consolato o fare autenticare la firma presso il Comune tedesco o dal notaio oppure, se risiede in Italia, deve invece rendere tale dichiarazione presso il Comune di residenza.<\/p>\n<p>Se il richiedente ha figli minorenni con partner diversi, occorrer\u00e0 un atto di assenso da parte di ogni partner.<\/p>\n<p><strong><u>SE UNO DEI GENITORI SI RIFIUTA DI CONCEDERE L\u2019ATTO D\u2019ASSENSO?<\/u><\/strong><\/p>\n<p>In caso uno dei genitori si rifiuti di firmare l\u2019atto di assenso per il rilascio del passaporto ad un figlio minore, occorre che il richiedente rilasci all\u2019Ufficio Passaporti una dichiarazione autocertificata nella quale spieghi i motivi per i quali l\u2019altro genitore si rifiuta di firmare l\u2019atto di assenso.<\/p>\n<p>In tale dichiarazione devono essere indicati l\u2019indirizzo completo ed eventuali numeri di telefono del genitore non consenziente. Vanno inoltre presentate le sentenze del tribunale riguardo la responsabilit\u00e0 genitoriale e la prova del pagamento degli alimenti. Nel caso si riscontrasse che le motivazioni del dissenso non sono giustificate, il Console Generale, qual giudice tutelare, con apposito Decreto, potr\u00e0 autorizzare d\u2019ufficio il rilascio\/estensione del passaporto al genitore e\/o al minorenne richiedente.<\/p>\n<p style=\"text-align: center;\">__________________________<\/p>\n<p><strong>COS\u2019\u00c8 LA DICHIARAZIONE D\u2019ACCOMPAGNAMENTO?<\/strong><\/p>\n<p>I minori di quattordici anni possono espatriare solo se accompagnati da almeno uno dei genitori. Qualora viaggino con terze persone (ad es. nonni, zii, amici, insegnanti) oppure siano affidati al personale di una compagnia di trasporto, occorre che i genitori compilino una <strong>dichiarazione di accompagnamento <\/strong>in cui indichino il nome della persona o della compagnia di trasporto a cui i minori medesimi sono affidati. Tale autorizzazione \u00e8 limitata ad un solo viaggio.<\/p>\n<p>Per richiedere tale documento, occorre presentare di persona o inviare per posta la seguente documentazione:<\/p>\n<ul>\n<li><a href=\"https:\/\/consfrancoforte.esteri.it\/wp-content\/uploads\/2024\/07\/Nuovs_DICHIARAZIONEdiaccompagnominoribilinguedoc.pdf\">Modulo<\/a>;<\/li>\n<li>Fotocopia carta d\u2019identit\u00e0 o passaporto dei genitori;<\/li>\n<li>Fotocopia carta d\u2019identit\u00e0 o passaporto del minore;<\/li>\n<li>Fotocopia carta d\u2019identit\u00e0 o passaporto dell\u2019accompagnatore (consigliato);<\/li>\n<li>Busta preaffrancata da 0,85\u20ac (solo se la domanda viene inviata per posta).<\/li>\n<\/ul>\n<p style=\"text-align: center;\">__________________________<\/p>\n<p><strong><u>CHE FARE IN CASO DI FURTO O SMARRIMENTO DEL PASSAPORTO?<\/u><\/strong><\/p>\n<p><strong><em>Per i residenti all\u2019estero<\/em><\/strong><\/p>\n<p>Occorre che il cittadino \u2013 al momento dell\u2019appuntamento in Consolato \u2013 porti con s\u00e9 a seguente documentazione:<\/p>\n<ul>\n<li>denuncia di furto o smarrimento del passaporto effettuato presso la locale competente Autorit\u00e0 di Polizia;<\/li>\n<li>altro documento di riconoscimento valido con fotografia.<\/li>\n<\/ul>\n<p><strong><em>Per i non residenti all\u2019estero<\/em><\/strong><\/p>\n<p>Qualora il cittadino italiano si trovi in una situazione di emergenza (ad esempio un turista in transito che deve partire tempestivamente e perde o viene derubato del proprio passaporto) e non si faccia in tempo a richiedere alla Questura o al Consolato di residenza la delega all\u2019emissione di un nuovo libretto, il Consolato Generale rilascia un documento chiamato <strong>\u201cEmergency Travel Document (ETD)\u201d<\/strong>.<\/p>\n<p style=\"text-align: center;\">__________________________<\/p>\n<p><strong><u>COS\u2019\u00c8 UN EMERGENCY TRAVEL DOCUMENT?<\/u><\/strong><\/p>\n<p>L\u2019Emergency Travel Document (ETD)\u201d \u00e8 un documento provvisorio con validit\u00e0 limitata al tempo strettamente necessario per il rientro in Italia o nel Paese di residenza.<\/p>\n<p class=\"Default\"><span lang=\"IT\" style=\"font-size: 14.0pt;\">\u00a0<\/span><span lang=\"IT\" style=\"font-size: 14.0pt;\">L\u2019ETD potr\u00e0 essere rilasciato anche a minorenni sprovvisti di altri documenti solo su sottoscrizione dell\u2019atto d\u2019assenso dei genitori con copia della documentazione probante la filiazione ed il possesso della cittadinanza italiana.<\/span><\/p>\n<p>La domanda di un ETD \u00e8 presentata mediante apposito <a href=\"https:\/\/consfrancoforte.esteri.it\/wp-content\/uploads\/2025\/12\/ETD_Nuovomodulo.pdf\">modulo<\/a> e deve essere corredata da:<\/p>\n<ul>\n<li>&#8211; denuncia del furto, dello smarrimento o della distruzione del passaporto o di altro documento di viaggio posta alle locali autorit\u00e0 di polizia;<\/li>\n<li>&#8211; copia (anche digitale) del summenzionato documento o di altro documento di riconoscimento (in assenza di questo sar\u00e0 necessario recarsi presso i nostri Uffici accompagnati da n.2 testimoni muniti di documento utili a confermare \u00a0\u00a0\u00a0\u00a0\u00a0\u00a0 l\u2019identit\u00e0 dell\u2019istante);<\/li>\n<li>&#8211; 2 foto standard ICAO;<\/li>\n<li>&#8211; titolo di viaggio (ove possibile)<\/li>\n<\/ul>\n<p class=\"Default\" style=\"margin-bottom: 1.8pt;\"><span lang=\"IT\" style=\"font-size: 14.0pt;\">L\u2019ETD, a partire dal 09\/12\/2025, viene rilasciato a titolo gratuito.<\/span><\/p>\n<p>Si rammenta che, ai sensi della normativa vigente, l&#8217;ETD ha una <strong>validit\u00e0 pari alla durata del viaggio<\/strong> per il quale \u00e8 stato rilasciato, risulta dunque necessario recarsi presso i nostri uffici (anche privi di appuntamento) solo in prossimit\u00e0 della prevista partenza.<\/p>\n<p><strong><u>PRECISAZIONI SUI PASSAPORTI ELETTRONICI E SUI VISTI DI INGRESSO NEGLI STATI UNITI<\/u><\/strong><\/p>\n<p><strong><u>\u00a0<\/u><\/strong><\/p>\n<p>Per i connazionali che viaggiano per gli Stati Uniti, si fa presente che questo Consolato Generale non \u00e8 competente a rilasciare informazioni sulla normativa visti degli Stati Uniti che, oltretutto, per ragioni di sicurezza, \u00e8 soggetta a continuo aggiornamento. Si prega pertanto di rivolgersi al Consolato Generale degli Stati Uniti di Francoforte, di consultare il sito internet del <a href=\"http:\/\/www.state.gov\/\">Dipartimento di Stato degli Stati Uniti<\/a> o il Sistema Elettronico per l\u2019Autorizzazione al Viaggio (<a href=\"https:\/\/esta.cbp.dhs.gov\/\">ESTA \u2013 Electronic System for Travel Authorization<\/a>).<\/p>\n<p>Si rammenta comunque che, per recarsi negli Stati Uniti, occorre un passaporto elettronico completo di impronte e firma digitali, valido per tutti i Paesi riconosciuti dal Governo Italiano, nonch\u00e9 l\u2019autorizzazione anticipata al viaggio da richiedere tramite Internet, al Sistema Elettronico per l\u2019Autorizzazione al Viaggio (ESTA).<\/p>\n<p>&nbsp;<\/p>\n","protected":false},"excerpt":{"rendered":"Ufficio Passaporti Tel.: 0049 (0)69 7531 \u2013\u00a0301 (12:00-13:00) Fax: 0049 (0)69 7531 &#8211; 105 e-mail:\u00a0passaporti.francoforte@esteri.it Vi invitiamo ad arrivare agli appuntamenti in Consolato con le foto biometriche gi\u00e0 predisposte. &nbsp; &#8212;&#8212;&#8212;&#8212;&#8212;&#8212;&#8212;&#8212;&#8212;&#8212;&#8212;&#8212;&#8212;&#8212;- AVVISO IMPORTANTE !! \u00a0&#8212;&#8212;&#8212;&#8212;&#8212;&#8212;&#8212;&#8212;&#8212;&#8212;&#8212;&#8212;&#8212;&#8212;- A PARTIRE DAL 1\u00b0 DICEMBRE 2025 IL COSTO DEL PASSAPORTO SARA&#8217; DI 116,20\u20ac (20 cent. in pi\u00f9 rispetto al precedente [&hellip;]","protected":false},"author":3,"featured_media":0,"parent":79,"menu_order":0,"comment_status":"closed","ping_status":"closed","template":"","meta":{"footnotes":""},"class_list":["post-162","page","type-page","status-publish","hentry"],"_links":{"self":[{"href":"https:\/\/consfrancoforte.esteri.it\/it\/wp-json\/wp\/v2\/pages\/162","targetHints":{"allow":["GET"]}}],"collection":[{"href":"https:\/\/consfrancoforte.esteri.it\/it\/wp-json\/wp\/v2\/pages"}],"about":[{"href":"https:\/\/consfrancoforte.esteri.it\/it\/wp-json\/wp\/v2\/types\/page"}],"author":[{"embeddable":true,"href":"https:\/\/consfrancoforte.esteri.it\/it\/wp-json\/wp\/v2\/users\/3"}],"replies":[{"embeddable":true,"href":"https:\/\/consfrancoforte.esteri.it\/it\/wp-json\/wp\/v2\/comments?post=162"}],"version-history":[{"count":9,"href":"https:\/\/consfrancoforte.esteri.it\/it\/wp-json\/wp\/v2\/pages\/162\/revisions"}],"predecessor-version":[{"id":8734,"href":"https:\/\/consfrancoforte.esteri.it\/it\/wp-json\/wp\/v2\/pages\/162\/revisions\/8734"}],"up":[{"embeddable":true,"href":"https:\/\/consfrancoforte.esteri.it\/it\/wp-json\/wp\/v2\/pages\/79"}],"wp:attachment":[{"href":"https:\/\/consfrancoforte.esteri.it\/it\/wp-json\/wp\/v2\/media?parent=162"}],"curies":[{"name":"wp","href":"https:\/\/api.w.org\/{rel}","templated":true}]}}