{"id":7053,"date":"2025-07-03T11:57:13","date_gmt":"2025-07-03T09:57:13","guid":{"rendered":"https:\/\/consfrancoforte.esteri.it\/?page_id=7053"},"modified":"2025-07-03T11:57:13","modified_gmt":"2025-07-03T09:57:13","slug":"verzicht-auf-die-italienische-staatsangehoerigkeit","status":"publish","type":"page","link":"https:\/\/consfrancoforte.esteri.it\/de\/servizi-consolari-e-visti\/servizi-per-il-cittadino-straniero\/cittadinanza\/verzicht-auf-die-italienische-staatsangehoerigkeit\/","title":{"rendered":"Verzicht auf die italienische Staatsangeh\u00f6rigkeit"},"content":{"rendered":"<div class=\"entry-content\">\n<div>\n<p><strong>Art. 11 des Gesetzes Nr. 91 vom 5. Februar 1992: <\/strong>Italienische Staatsb\u00fcrger, die eine andere Staatsb\u00fcrgerschaft besitzen, erwerben oder wiedererwerben, verlieren die italienische Staatsangeh\u00f6rigkeit nicht, k\u00f6nnen jedoch darauf verzichten, sollten Sie bereits im Ausland ans\u00e4ssig sein oder den Wohnsitz ins Ausland verlegen.<\/p>\n<p>Die Verzichtserkl\u00e4rung kann nach Terminvereinbarung bei der Konsularabteilung der Italienischen Botschaft in Berlin abgegeben werden. Folgende Unterlagen sind vorzulegen:<\/p>\n<ol>\n<li><strong><a href=\"https:\/\/ambberlino.esteri.it\/wp-content\/uploads\/2023\/01\/dichiarazione_sostitutiva_certificazione.pdf\" target=\"_blank\" rel=\"noopener\">Eidesstattliche Erkl\u00e4rung<\/a><\/strong>;<\/li>\n<li><strong>Kopie eines g\u00fcltigen Lichtbildausweises<\/strong>;<\/li>\n<li>a. (f\u00fcr deutsche Staatsb\u00fcrger) Beglaubigte Kopie der <strong>Einb\u00fcrgerungsurkunde<\/strong> oder aktuelle Bescheinigung \u00fcber den Besitz der deutschen Staatsangeh\u00f6rigkeit mit den Angaben des Einb\u00fcrgerungsdatums sowie der Art und Weise des Erwerbs;<br \/>\nb. (Staatsb\u00fcrger von Drittl\u00e4ndern) aktuelle <strong>Staatsangeh\u00f6rigkeitsbescheinigung<\/strong> mit legalisierter \u00dcbersetzung ins Italienische;<\/li>\n<li>Vom Einwohnermeldeamt ausgestellte aktuelle <strong>erweiterte Meldebescheinigung<\/strong>;<\/li>\n<li><strong>Alle italienischen Dokumente<\/strong> (Personalausweis, Reisepass, \u2026), die ausgeh\u00e4ndigt werden m\u00fcssen;<\/li>\n<li>Kopie der <strong>\u00dcberweisungsbest\u00e4tigung<\/strong> in H\u00f6he von <strong>250,00 \u20ac<\/strong> (gem\u00e4\u00df Art. 14 des Gesetzesdekrets vom 4. Oktober 2018, Nr. 113, umgewandelt in das Gesetz Nr. 132 vom 1. Dezember 2018). <strong>Dieser Betrag kann NICHT in der Botschaft beglichen werden, sondern nur mit \u00dcberweisung auf folgendes Konto<\/strong>:<br \/>\nEmpf\u00e4nger: \u201cMINISTERO DELL\u2019INTERNO D.L.C.I. \u2013 CITTADINANZA\u201d<br \/>\nBank: POSTE ITALIANE S.P.A.<br \/>\nIBAN: IT54 D076 01032 0000 0000 8090 20<br \/>\nBIC\/SWIFT: BPPIITRRXXX (f\u00fcr Auslands\u00fcberweisungen);<br \/>\nBIC\/SWIFT: PIBPITRA (bei \u00dcberweisungen mit dem Zahlungsverkehrsabwickler EUROGIRO)<br \/>\nVerwendungszweck: Rinuncia alla cittadinanza italiana, Nome e Cognome del richiedente;<\/li>\n<li>Bei dieser Konsularabteilung muss die <strong>Konsulargeb\u00fchr<\/strong> in H\u00f6he von<strong> 50,00 \u20ac<\/strong> (Art. 04B der\u00a0 Gesetzesverordnung vom 3. Februar 2011, Nr. 71, aktualisiert durch die Gesetzesverordnung vom 18. September 2024, Nr. 139, beigef\u00fcgten konsularischen Geb\u00fchrenordnung) in Bar oder mit EC-Karte beglichen werden.<\/li>\n<\/ol>\n<p>Nachdem Ihnen die oben genannten Unterlagen vorliegen, k\u00f6nnen Sie einen Termin per E-Mail (<a href=\"mailto:cittadinanza.berlino@esteri.it\">cittadinanza.berlino@esteri.it<\/a>) vereinbaren. Bitte geben Sie im Betreff \u201c<em>Rinuncia alla cittadinanza italiana<\/em>\u201d ein.<br \/>\nEs wird darauf hingewiesen, dass Minderj\u00e4hrige NICHT auf die Staatsangeh\u00f6rigkeit verzichten k\u00f6nnen, da es sich um einen Willensakt handelt. Minderj\u00e4hrige verlieren auch nicht die italienische Staatsangeh\u00f6rigkeit, wenn einer oder beide italienische Elternteile darauf verzichten oder sie verlieren.<\/p>\n<\/div>\n<\/div>\n","protected":false},"excerpt":{"rendered":"Art. 11 des Gesetzes Nr. 91 vom 5. Februar 1992: Italienische Staatsb\u00fcrger, die eine andere Staatsb\u00fcrgerschaft besitzen, erwerben oder wiedererwerben, verlieren die italienische Staatsangeh\u00f6rigkeit nicht, k\u00f6nnen jedoch darauf verzichten, sollten Sie bereits im Ausland ans\u00e4ssig sein oder den Wohnsitz ins Ausland verlegen. Die Verzichtserkl\u00e4rung kann nach Terminvereinbarung bei der Konsularabteilung der Italienischen Botschaft in Berlin [&hellip;]","protected":false},"author":6,"featured_media":0,"parent":267,"menu_order":0,"comment_status":"closed","ping_status":"closed","template":"","meta":{"footnotes":""},"class_list":["post-7053","page","type-page","status-publish","hentry"],"_links":{"self":[{"href":"https:\/\/consfrancoforte.esteri.it\/de\/wp-json\/wp\/v2\/pages\/7053","targetHints":{"allow":["GET"]}}],"collection":[{"href":"https:\/\/consfrancoforte.esteri.it\/de\/wp-json\/wp\/v2\/pages"}],"about":[{"href":"https:\/\/consfrancoforte.esteri.it\/de\/wp-json\/wp\/v2\/types\/page"}],"author":[{"embeddable":true,"href":"https:\/\/consfrancoforte.esteri.it\/de\/wp-json\/wp\/v2\/users\/6"}],"replies":[{"embeddable":true,"href":"https:\/\/consfrancoforte.esteri.it\/de\/wp-json\/wp\/v2\/comments?post=7053"}],"version-history":[{"count":1,"href":"https:\/\/consfrancoforte.esteri.it\/de\/wp-json\/wp\/v2\/pages\/7053\/revisions"}],"predecessor-version":[{"id":7055,"href":"https:\/\/consfrancoforte.esteri.it\/de\/wp-json\/wp\/v2\/pages\/7053\/revisions\/7055"}],"up":[{"embeddable":true,"href":"https:\/\/consfrancoforte.esteri.it\/de\/wp-json\/wp\/v2\/pages\/267"}],"wp:attachment":[{"href":"https:\/\/consfrancoforte.esteri.it\/de\/wp-json\/wp\/v2\/media?parent=7053"}],"curies":[{"name":"wp","href":"https:\/\/api.w.org\/{rel}","templated":true}]}}