{"id":7048,"date":"2025-07-03T11:55:26","date_gmt":"2025-07-03T09:55:26","guid":{"rendered":"https:\/\/consfrancoforte.esteri.it\/?page_id=7048"},"modified":"2025-07-03T12:03:13","modified_gmt":"2025-07-03T10:03:13","slug":"wiedererwerb-der-italienischen-staatsangehoerigkeit-nach-deren-verlust","status":"publish","type":"page","link":"https:\/\/consfrancoforte.esteri.it\/de\/servizi-consolari-e-visti\/servizi-per-il-cittadino-straniero\/cittadinanza\/wiedererwerb-der-italienischen-staatsangehoerigkeit-nach-deren-verlust\/","title":{"rendered":"Wiedererwerb der italienischen Staatsangeh\u00f6rigkeit (nach deren Verlust)"},"content":{"rendered":"<p>Das Gesetz 91\/1992 sieht in einigen F\u00e4llen die M\u00f6glichkeit eines Wiedererwerbs der italienischen Staatsangeh\u00f6rigkeit vor, nachdem sie zuvor verloren wurde. Insbesondere kann eine im Ausland ans\u00e4ssige Person, welche die italienische Staatsangeh\u00f6rigkeit verloren hat, diese folgenderma\u00dfen wieder erwerben:<br \/>\n\u2013 Nach Art. 13 Absatz 1 Buchstabe c) des Gesetzes 91\/92 \u2013 Voraussetzung sind eine vorherige entsprechende Erkl\u00e4rung bei der zust\u00e4ndigen Konsulatsabteilung und innerhalb eines Jahres nach der Erkl\u00e4rung die Verlegung ihres Wohnsitzes nach Italien.<br \/>\n\u2013 Nach Art. 13 Absatz 1 Buchstabe d) des Gesetzes 91\/92 \u2013 Voraussetzung ist, dass sie seit mindestens einem Jahr ihren Wohnsitz in Italien hat und in dieser Zeit nicht ausdr\u00fccklich darauf verzichtet hat.<br \/>\nF\u00fcr Erkl\u00e4rungen zum Wiedererwerb der italienischen Staatsangeh\u00f6rigkeit ist eine Geb\u00fchr von 250,00 EUR an das Innenministerium zu \u00fcberweisen.<\/p>\n","protected":false},"excerpt":{"rendered":"Das Gesetz 91\/1992 sieht in einigen F\u00e4llen die M\u00f6glichkeit eines Wiedererwerbs der italienischen Staatsangeh\u00f6rigkeit vor, nachdem sie zuvor verloren wurde. Insbesondere kann eine im Ausland ans\u00e4ssige Person, welche die italienische Staatsangeh\u00f6rigkeit verloren hat, diese folgenderma\u00dfen wieder erwerben: \u2013 Nach Art. 13 Absatz 1 Buchstabe c) des Gesetzes 91\/92 \u2013 Voraussetzung sind eine vorherige entsprechende Erkl\u00e4rung [&hellip;]","protected":false},"author":6,"featured_media":0,"parent":267,"menu_order":0,"comment_status":"closed","ping_status":"closed","template":"","meta":{"footnotes":""},"class_list":["post-7048","page","type-page","status-publish","hentry"],"_links":{"self":[{"href":"https:\/\/consfrancoforte.esteri.it\/de\/wp-json\/wp\/v2\/pages\/7048","targetHints":{"allow":["GET"]}}],"collection":[{"href":"https:\/\/consfrancoforte.esteri.it\/de\/wp-json\/wp\/v2\/pages"}],"about":[{"href":"https:\/\/consfrancoforte.esteri.it\/de\/wp-json\/wp\/v2\/types\/page"}],"author":[{"embeddable":true,"href":"https:\/\/consfrancoforte.esteri.it\/de\/wp-json\/wp\/v2\/users\/6"}],"replies":[{"embeddable":true,"href":"https:\/\/consfrancoforte.esteri.it\/de\/wp-json\/wp\/v2\/comments?post=7048"}],"version-history":[{"count":1,"href":"https:\/\/consfrancoforte.esteri.it\/de\/wp-json\/wp\/v2\/pages\/7048\/revisions"}],"predecessor-version":[{"id":7051,"href":"https:\/\/consfrancoforte.esteri.it\/de\/wp-json\/wp\/v2\/pages\/7048\/revisions\/7051"}],"up":[{"embeddable":true,"href":"https:\/\/consfrancoforte.esteri.it\/de\/wp-json\/wp\/v2\/pages\/267"}],"wp:attachment":[{"href":"https:\/\/consfrancoforte.esteri.it\/de\/wp-json\/wp\/v2\/media?parent=7048"}],"curies":[{"name":"wp","href":"https:\/\/api.w.org\/{rel}","templated":true}]}}