{"id":7044,"date":"2025-07-03T11:53:51","date_gmt":"2025-07-03T09:53:51","guid":{"rendered":"https:\/\/consfrancoforte.esteri.it\/?page_id=7044"},"modified":"2025-07-03T12:01:24","modified_gmt":"2025-07-03T10:01:24","slug":"erwerb-der-staatsangehoerigkeit-wegen-eheschliessung","status":"publish","type":"page","link":"https:\/\/consfrancoforte.esteri.it\/de\/servizi-consolari-e-visti\/servizi-per-il-cittadino-straniero\/cittadinanza\/erwerb-der-staatsangehoerigkeit-wegen-eheschliessung\/","title":{"rendered":"Erwerb der Staatsangeh\u00f6rigkeit wegen Eheschlie\u00dfung"},"content":{"rendered":"<p>Nach Art. 5 des Gesetzes 91\/1992 kann der ausl\u00e4ndische und im Ausland ans\u00e4ssige Ehegatte eines italienischen Staatsangeh\u00f6rigen drei Jahre nach der Eheschlie\u00dfung oder drei Jahre, nachdem letzterer die italienische Staatsangeh\u00f6rigkeit erworben hat, seine Einb\u00fcrgerung in Italien beantragen. Haben die Ehegatten leibliche oder adoptierte Kinder so halbiert sich diese Frist auf 18 Monate.<br \/>\nVoraussetzung f\u00fcr die Antragstellung ist, dass die Heiratsurkunde im Personenstandsregister der italienischen Gemeinde registriert wurde.<br \/>\nAu\u00dferdem darf die Ehe zum Zeitpunkt des bei der Verleihung der italienischen Staatsangeh\u00f6rigkeit vorgesehenen Eides nicht aufgel\u00f6st, annulliert oder in ihren zivilrechtlichen Wirkungen aufgehoben sein.<br \/>\nDer ausl\u00e4ndische Ehegatte bzw. die ausl\u00e4ndische Ehegattin muss \u00fcber Italienischkenntnisse verf\u00fcgen, die mindestens dem Sprachniveau B1 des Gemeinsamen Europ\u00e4ischen Referenzrahmens (GER) entsprechen.<\/p>\n","protected":false},"excerpt":{"rendered":"Nach Art. 5 des Gesetzes 91\/1992 kann der ausl\u00e4ndische und im Ausland ans\u00e4ssige Ehegatte eines italienischen Staatsangeh\u00f6rigen drei Jahre nach der Eheschlie\u00dfung oder drei Jahre, nachdem letzterer die italienische Staatsangeh\u00f6rigkeit erworben hat, seine Einb\u00fcrgerung in Italien beantragen. Haben die Ehegatten leibliche oder adoptierte Kinder so halbiert sich diese Frist auf 18 Monate. Voraussetzung f\u00fcr die [&hellip;]","protected":false},"author":6,"featured_media":0,"parent":267,"menu_order":0,"comment_status":"closed","ping_status":"closed","template":"","meta":{"footnotes":""},"class_list":["post-7044","page","type-page","status-publish","hentry"],"_links":{"self":[{"href":"https:\/\/consfrancoforte.esteri.it\/de\/wp-json\/wp\/v2\/pages\/7044","targetHints":{"allow":["GET"]}}],"collection":[{"href":"https:\/\/consfrancoforte.esteri.it\/de\/wp-json\/wp\/v2\/pages"}],"about":[{"href":"https:\/\/consfrancoforte.esteri.it\/de\/wp-json\/wp\/v2\/types\/page"}],"author":[{"embeddable":true,"href":"https:\/\/consfrancoforte.esteri.it\/de\/wp-json\/wp\/v2\/users\/6"}],"replies":[{"embeddable":true,"href":"https:\/\/consfrancoforte.esteri.it\/de\/wp-json\/wp\/v2\/comments?post=7044"}],"version-history":[{"count":1,"href":"https:\/\/consfrancoforte.esteri.it\/de\/wp-json\/wp\/v2\/pages\/7044\/revisions"}],"predecessor-version":[{"id":7047,"href":"https:\/\/consfrancoforte.esteri.it\/de\/wp-json\/wp\/v2\/pages\/7044\/revisions\/7047"}],"up":[{"embeddable":true,"href":"https:\/\/consfrancoforte.esteri.it\/de\/wp-json\/wp\/v2\/pages\/267"}],"wp:attachment":[{"href":"https:\/\/consfrancoforte.esteri.it\/de\/wp-json\/wp\/v2\/media?parent=7044"}],"curies":[{"name":"wp","href":"https:\/\/api.w.org\/{rel}","templated":true}]}}