{"id":537,"date":"2023-03-02T15:31:18","date_gmt":"2023-03-02T14:31:18","guid":{"rendered":"https:\/\/consfrancoforte.esteri.it\/servizi-consolari-e-visti\/servizi-per-il-cittadino-italiano\/carte-di-identita\/"},"modified":"2026-03-25T10:30:31","modified_gmt":"2026-03-25T09:30:31","slug":"carte-di-identita","status":"publish","type":"page","link":"https:\/\/consfrancoforte.esteri.it\/de\/servizi-consolari-e-visti\/servizi-per-il-cittadino-italiano\/carte-di-identita\/","title":{"rendered":"Personalausweise"},"content":{"rendered":"<hr \/>\n<div><\/div>\n<div class=\"sr-only\"><\/div>\n<div>\n<div class=\"corpoPagina\"><strong>Abteilung f\u00fcr Personalausweise (Ufficio Carte d\u2019Identit\u00e0)<br \/>\n<\/strong>Tel.: 0049 (0)69 7531 &#8211; 302 (12:00 &#8211; 13:00)<br \/>\nFax: 0049 (0)69 7531 &#8211; 126<br \/>\ne-mail:\u00a0<strong><a title=\"ci_confran@esteri.it\" href=\"mailto:ci_confran@esteri.it\">ci_confran@esteri.it<\/a><\/strong><\/div>\n<div class=\"corpoPagina\" style=\"text-align: center;\"><strong>\u00a0######<\/strong><\/div>\n<div>\n<p>&nbsp;<\/p>\n<\/div>\n<p><span style=\"text-decoration: underline; color: #ff0000;\">Bitte beachten Sie, dass der Personalausweis in Papierform, unabh\u00e4ngig von dem auf dem Dokument angegebenen Ablaufdatum, am 3. August 2026 seine G\u00fcltigkeit verliert. <\/span><\/p>\n<p><span style=\"text-decoration: underline; color: #ff0000;\">Landsleuten, die nur im Besitz des Papierdokuments sind, wird daher empfohlen, ab sofort einen Termin f\u00fcr die Ausstellung des CIE zu vereinbaren.<\/span><\/p>\n<\/div>\n<p><span style=\"text-decoration: underline;\"><strong>Es wird darauf hingewiesen, dass ab dem 1. Juni 2026 die im AIRE (Register der im Ausland lebenden Italiener) eingetragenen Staatsangeh\u00f6rigen ihren Antrag auf Ausstellung der elektronischen Identit\u00e4tskarte bei den italienischen Gemeinden stellen k\u00f6nnen.<\/strong><\/span><\/p>\n<p><span style=\"text-decoration: underline;\"><strong>Die elektronische Identit\u00e4tskarte wird nach denselben Modalit\u00e4ten zugestellt, die auch bei einem Antrag \u00fcber die ital. Auslandsvertretungen gelten. Der B\u00fcrger kann den Personalausweis pers\u00f6nlich bei der Gemeinde abholen oder den Versand ins Ausland beantragen.<\/strong><\/span><\/p>\n<div>\n<p>Am Tag des Termins wird der alte Personalausweis eingezogen<\/p>\n<p>Wir bitten Sie, bereits mit biometrischen Fotos zu Ihren Terminen zu kommen.<\/p>\n<p>&nbsp;<\/p>\n<p style=\"text-align: center;\"><strong><em>\u00a0######<\/em><\/strong><\/p>\n<p class=\"corpoPagina\"><strong>\u00a0ELEKTRONISCHER PERSONALAUSWEIS (CIE)<\/strong><\/p>\n<p class=\"corpoPagina\"><strong>Ab 1. Oktober 2020 stellt das Italienische Generalkonsulat in Frankfurt am Main elektronische Personalausweise (CIE) im Plastikkartenformat aus.<\/strong><\/p>\n<p class=\"corpoPagina\"><strong>Ab 10. September 2020 k\u00f6nnen keine Antr\u00e4ge auf Ausstellung von Personalausweisen in Papierform (CIC) mehr gestellt werden. Antr\u00e4ge, die ab diesem Datum eingehen, werden nicht mehr ber\u00fccksichtigt. Ab 15. September 2020 gilt f\u00fcr die Ausstellung des CIE das nachfolgend beschriebene Terminbuchungsverfahren (Achtung: eine Beantragung des CIE ohne Termin direkt am Schalter ist nicht m\u00f6glich).<\/strong><\/p>\n<p class=\"corpoPagina\"><strong>1)\u00a0Was ist ein elektronischer Personalausweis?<\/strong><\/p>\n<p class=\"corpoPagina\"><strong>Der Personalausweis ist ein pers\u00f6nliches Ausweisdokument, das zur Identifizierung und f\u00fcr Reisen innerhalb der Europ\u00e4ischen Union, in einige Schengen-Staaten (z.B. Island, Norwegen und die Schweiz) sowie in weitere L\u00e4nder, mit denen bilaterale Abkommen bestehen (siehe einzelne L\u00e4nder\u00fcbersichten \u201cschede Paese\u201d auf der Internetseite\u00a0<a href=\"http:\/\/www.viaggiaresicuri.it\/\">www.viaggiaresicuri.it<\/a>) g\u00fcltig ist.<\/strong><\/p>\n<p class=\"corpoPagina\"><strong>Der elektronische Personalausweis (CIE) ist der neue Personalausweis im Scheckkartenformat. Er erf\u00fcllt die gleichen Funktionen wie der Personalausweis in Papierform und gibt au\u00dferdem Zugang zu den Online-Diensten der italienischen Beh\u00f6rden.<\/strong><\/p>\n<p class=\"corpoPagina\"><strong><br \/>\n2) F\u00fcr wen kann der elektronische Personalausweis ausgestellt werden?<\/strong><\/p>\n<p class=\"corpoPagina\"><strong>Das Italienische Generalkonsulat in Frankfurt kann den Personalausweis nur italienischen Staatsb\u00fcrgern mit rechtm\u00e4\u00dfigem Wohnsitz in ihrem Konsularbezirk (L\u00e4nder Hessen, Saarland, Rheinland-Pfalz, Unterfranken) ausstellen, die im Register des Konsulats eingetragen sind und deren pers\u00f6nliche Daten bereits im Register der im Ausland ans\u00e4ssigen Italiener (A.I.R.E.) (Anagrafe degli Italiani Residenti all&#8217;Estero) des Innenministeriums verzeichnet sind.<\/strong><\/p>\n<p class=\"corpoPagina\"><strong>Wer nicht im A.I.R.E. registriert ist, muss zun\u00e4chst \u00fcber das\u00a0<a href=\"https:\/\/consfrancoforte.esteri.it\/consolato_francoforte\/de\/i_servizi\/per_i_cittadini\/fast-it.html\">FAST IT-Portal\u00a0<\/a>(in italienischer Sprache) seine Eintragung veranlassen und seine Eintragung in dieses Register durch die zust\u00e4ndige italienische Meldegemeinde abwarten, bevor er einen Antrag stellen kann (bei B\u00fcrgern, die nicht im A.I.R.E. registriert sind, bleibt die Zust\u00e4ndigkeit f\u00fcr die Ausstellung eines Personalausweises bei der Wohnsitzgemeinde).<\/strong><\/p>\n<p class=\"corpoPagina\"><strong>Unerl\u00e4ssliche Voraussetzung f\u00fcr die Eintragung von im Ausland geborenen italienischen Staatsangeh\u00f6rigen in die A.I.R.E.-Datenbank ist, dass die Geburtsurkunde bereits ins Personenstandsregister der entsprechenden Gemeinde \u00fcbertragen wurde.<\/strong><\/p>\n<p class=\"corpoPagina\"><strong>Hat sich die Wohnadresse (im Vergleich zur der Konsulardienststelle mitgeteilten Adresse), ge\u00e4ndert, muss die Adress\u00e4nderung \u00fcber das\u00a0<a href=\"https:\/\/consfrancoforte.esteri.it\/consolato_francoforte\/de\/i_servizi\/per_i_cittadini\/fast-it.html\">FAST IT-Portal<\/a>\u00a0beantragt werden.<\/strong><\/p>\n<p class=\"corpoPagina\"><strong>Eine weitere Voraussetzung f\u00fcr den Erhalt des CIE ist der Besitz einer von der Steuerbeh\u00f6rde (Agenzia delle Entrate) best\u00e4tigten Steuernummer. Besitzt der Antragsteller keine Steuernummer oder ist diese nicht best\u00e4tigt, so veranlasst die Konsularkanzlei die Beantragung \u00fcber die Steuerbeh\u00f6rde.<\/strong><br \/>\n<strong><br \/>\n3) Ab wann kann ein elektronischer Personalausweis\u00a0 (CIE) beantragt werden?\u00a0<\/strong><\/p>\n<p class=\"corpoPagina\"><strong>Terminanfragen f\u00fcr die Ausstellung eines elektronischen Personalausweises k\u00f6nnen ab 15. September 2020 gestellt werden.<\/strong><\/p>\n<p class=\"corpoPagina\"><strong>4) Wie wird der elektronische Personalausweis (CIE) beantragt?\u00a0<\/strong><\/p>\n<p class=\"corpoPagina\"><strong>Die Beantragung eines elektronischen Personalausweises muss \u00fcber die Online-Reservierungsplattform\u00a0<a href=\"https:\/\/prenotami.esteri.it\/\">Prenot@mi<\/a>\u00a0erfolgen.\u00a0<\/strong><\/p>\n<p class=\"corpoPagina\"><strong>5) Wie vereinbart man einen Termin auf der Online-Reservierungsplattform \u201ePrenot@mi\u201c?<\/strong><\/p>\n<p class=\"corpoPagina\"><strong>Wenn Sie auf der Plattform \u201ePrenot@mi\u201c bereits als Nutzer registriert sind, klicken Sie auf den Button &#8222;login utente gi\u00e0 registrato&#8220; (Login registrierte Nutzer) und geben ihre Zugangsdaten ein:<\/strong><\/p>\n<p class=\"corpoPagina\"><strong>Username: Ihre E-Mail-Adresse<\/strong><\/p>\n<p class=\"corpoPagina\"><strong>Password: das bei Ihrer Registrierung gew\u00e4hlte Passwort<\/strong><\/p>\n<p class=\"corpoPagina\"><strong>Sie gelangen so zur Seite mit dem aktuellen Dienstleistungsangebot. Dort w\u00e4hlen Sie den Service \u201eCarta di Identit\u00e0\u201c (Personalausweis) aus und tragen die Daten der Person ein, f\u00fcr die der Personalausweis bestimmt ist (sog. Antragsteller \u201crichiedente\u201d). Wenn der Termin also der Verl\u00e4ngerung eines Personalausweises f\u00fcr ein Kind dienen soll, so m\u00fcssen bei den Daten f\u00fcr den Termin die Daten des Kindes angegeben werden, auch wenn die Person, die den Termin bucht, faktisch ein Elternteil ist.<\/strong><\/p>\n<p class=\"corpoPagina\"><strong>Sie gelangen dann zum Terminkalender und k\u00f6nnen dort ein Ihnen passendes Datum ausw\u00e4hlen.<\/strong><\/p>\n<p class=\"corpoPagina\"><strong>Achtung: Wenn der Nutzer bereits registriert ist, aber bei einem anderen Konsulat, so muss er vor der Terminvereinbarung den Ortswechsel eingeben. Hierf\u00fcr ist nach dem Einw\u00e4hlen in das eigene Nutzerkonto auf der ersten Seite links der entsprechende Button Ortswechsel \u201ccambia sede\u201d anzuklicken.<\/strong><\/p>\n<p class=\"corpoPagina\"><strong>Wenn Sie ein neuer Nutzer sind, m\u00fcssen sie sich zun\u00e4chst auf dem Portal registrieren. Klicken Sie hierf\u00fcr auf \u201cRegistrazione nuovo utente\u201d (Registrierung f\u00fcr neue Nutzer). Nach Abschluss der Registrierung gehen Sie wieder in den Bereich \u201eprenotazione\u201c (Terminreservierung) und geben Ihre Nutzerdaten ein. Sie erhalten dann Zugang zum Dienstleistungsangebot und gehen weiter vor wie oben angegeben.<\/strong><\/p>\n<p class=\"corpoPagina\"><strong>Ab dem Zeitpunkt der Terminbuchung vergehen mindestens f\u00fcnfzehn Tage, die notwendig sind, damit die Konsulardienststelle die Personendaten \u00fcberpr\u00fcfen kann, um eventuelle Abweichungen zwischen den beim Konsulat vorliegenden Daten und den Daten bei der italienischen Gemeinde zu bereinigen und festzustellen, ob Gr\u00fcnde vorliegen, die einer Ausstellung des Dokuments entgegenstehen.<\/strong><\/p>\n<p class=\"corpoPagina\"><strong>ACHTUNG: Sollten sich bei den \u00dcberpr\u00fcfungen Anhaltspunkte ergeben, die eine Ausstellung des CIE (vor\u00fcbergehend oder dauerhaft) verhindern, kontaktiert die Konsulardienststelle den Betreffenden, um den Termin abzusagen.<\/strong><\/p>\n<p class=\"corpoPagina\"><strong>\u00a06) Kann man den Termin f\u00fcr eine andere Person buchen?<\/strong><\/p>\n<p class=\"corpoPagina\"><strong>Ja, die M\u00f6glichkeit besteht\u00a0f\u00fcr Familienmitgliedern. Um die notwendigen \u00dcberpr\u00fcfungen zu erm\u00f6glichen, m\u00fcssen bei der Terminbuchung jedoch die Daten aller Personen angegeben werden, die einen CIE erhalten sollen (Antragsteller). Wenn am Schalter Personen vorsprechen, deren Daten bei der Terminbuchung nicht ins System eingegeben wurden, kann der CIE-Antrag nicht weiterbearbeitet werden.<\/strong><\/p>\n<p class=\"corpoPagina\"><strong>Bei minderj\u00e4hrigen Kindern kann der Elternteil von seinem Nutzerkonto aus einen Termin f\u00fcr das Kind buchen. In diesem Fall m\u00fcssen Sie in dem f\u00fcr den Termin auszuf\u00fcllenden Formular die erste Frage\u00a0<em>\u201eL\u2019appuntamento \u00e8 per\u201c (der Termin ist f\u00fcr)<\/em>\u00a0mit der Angabe\u00a0<em>\u201emio figlio\u201c (mein Kind)<\/em>\u00a0beantworten und dann die Daten des Kindes und nicht des Elternteils, der das Formular ausf\u00fcllt, eingeben.<\/strong><\/p>\n<p class=\"corpoPagina\"><strong>Wenn Sie einen Termin f\u00fcr ein anderes Familienmitglied buchen m\u00f6chten, k\u00f6nnen Sie sich dementsprechend mit Ihrem Konto anmelden, im Feld\u00a0<em>\u201eL\u2018appuntamento \u00e8 per\u201c<\/em><em>\u00a0(Termin ist f\u00fcr) \u201eun altro familiare\u201d (ein anderes Familienmitglied)<\/em>\u00a0ausw\u00e4hlen und dann mit der Eingabe aller Daten zu diesem Familienmitglied (das ja der\u00a0<em>Antragsteller<\/em>\u00a0sein wird) fortfahren.<\/strong><\/p>\n<p class=\"corpoPagina\"><strong>Das System erlaubt es Ihnen auch, einen Mehrfachtermin, d.h. am selben Datum f\u00fcr sich und andere zu buchen. In diesem Fall besteht das auszuf\u00fcllende Formular aus mehreren Teilen (gegebenenfalls m\u00fcssen Sie nach unten scrollen) und erfordert das Ausf\u00fcllen eines Datenblatts f\u00fcr jede Person, die einen Termin am selben Datum w\u00fcnscht, d.h. f\u00fcr den ersten Antragsteller und dann f\u00fcr jeden weiteren Antragsteller.<\/strong><\/p>\n<p class=\"corpoPagina\"><strong>7) Welche Unterlagen muss man beim Termin zur Beantragung des CIE mitbringen?<\/strong><\/p>\n<p class=\"corpoPagina\"><strong>Am Tag des Termins muss der Antragsteller Folgendes vorlegen:<\/strong><\/p>\n<div class=\"corpoPagina\">\n<ul>\n<li><strong>Den fr\u00fcheren Personalausweis (falls Sie keinen haben; ein anderes Ausweisdokument, falls Sie kein anderes Ausweisdokument haben, zwei Zeugen, die keine Verwandten des Antragstellers sind); falls der CIE f\u00fcr einen Minderj\u00e4hrigen beantragt wird, muss auch der begleitende Elternteil ein Ausweisdokument vorlegen. Der fr\u00fchere Personalausweis<\/strong><br \/>\n<strong>wird im Konsulat zur\u00fcckgezogen.<\/strong><\/li>\n<li><strong>1 biometrisches Foto (nicht \u00e4lter als 6 Monate, Frontalaufnahme, in Farbe, Format 35 x 45 mm, siehe diese <a href=\"https:\/\/consfrancoforte.esteri.it\/wp-content\/uploads\/2023\/04\/4997_f_cons57DatiBiometriciindicazioniicao.pdf\">Anweisungen<\/a>).<\/strong><\/li>\n<li><a href=\"https:\/\/consfrancoforte.esteri.it\/wp-content\/uploads\/2023\/06\/Dichiarazione-assenza-inibitoria-giudiziale-002.pdf\">Ausgef\u00fclltes Formular<\/a><strong>, dass es keine gerichtliche Verbote gegen die Ausstellung des Reisepasses gibt<\/strong><\/li>\n<li><strong>a) Wird der Ausweis fuer ein Minderj\u00e4hriges Kind beantragt, ist eine Einverst\u00e4ndniserkl\u00e4rung \u00a0der beiden Elternteile erforderlich.\u00a0<em>Hiermit finden sie die Einverst\u00e4ndniserkl\u00e4rung:\u00a0<a href=\"https:\/\/consfrancoforte.esteri.it\/wp-content\/uploads\/2023\/04\/ATTO-DI-ASSENSO-PER-RILASCIO-CIE-A-FAVORE-MINORENNI.pdf\" target=\"_blank\" rel=\"noopener noreferrer\">https:\/\/consfrancoforte.esteri.it\/CONSOLATO_FRANCOFORTE\/resource\/doc\/2020\/09\/atto_di_assenso_per_rilascio_cie_a_favore_minorenni.pdf<\/a><br \/>\n<\/em><\/strong><\/li>\n<\/ul>\n<\/div>\n<p><strong>Ist der andere Elternteil nicht B\u00fcrger der Europ\u00e4ischen Union, so muss dessen Unterschrift auf dem Zustimmungsdokument beglaubigt werden: entweder im Konsulat zum Zeitpunkt des Termins oder bei der deutschen Wohngemeinde oder einer anderen Beh\u00f6rde oder von einem Notar. Um die Richtigkeit der vorgelegten Einverst\u00e4ndniserkl\u00e4rung zu \u00fcberpr\u00fcfen, ist es notwendig, dass der Minderj\u00e4hrige im Melderegister eingetragen ist oder das Original der Geburtsurkunde vorgelegt wird, aus der Mutterschaft und Vaterschaft des Kindes hervorgehen.<\/strong><\/p>\n<ul>\n<li><strong>Ist der Antragsteller aufgrund von Diebstahl oder Verlust nicht mehr im Besitz des vorherigen Dokuments, muss beim Termin das\u00a0<a href=\"https:\/\/consfrancoforte.esteri.it\/wp-content\/uploads\/2023\/04\/denuncia_anzeige.pdf\">Diebstahl- oder Verlustanzeigeformular<\/a>\u00a0vorgelegt werden, ebenso die bei den deutschen Beh\u00f6rden (Polizei oder Fundb\u00fcro der Gemeinde) erstattete Anzeige. Diese kann auch online bei der Internetwache erstattet werden (jedes Bundesland hat eine eigene Internetseite; der Beleg kommt einige Tage sp\u00e4ter per Post).<\/strong><\/li>\n<\/ul>\n<p><strong>F\u00fcr den CIE entstehen Ihnen folgende Kosten:<\/strong><\/p>\n<p><strong>o\u00a0 21,95 Euro im Falle einer Erstausstellung oder Verl\u00e4ngerung. <\/strong><\/p>\n<ul>\n<li><strong>\u00a0Wichtig<\/strong><u>: wenn der vorherige Personalausweis in Papierform war und ein elektronischer Personalausweis beantragt wird, ist trotzdem der Betrag von 21,95 Euro zu zahlen.<\/u><\/li>\n<\/ul>\n<p><strong>o\u00a0\u00a0\u00a0 27,11 Euro im Falle eines Duplikats (neue elektronische Karte, die vor Ablauf von 180 Tagen nach Ablauf der vorherigen Karte aufgrund von Diebstahl, Verlust, Besch\u00e4digung oder pers\u00f6nlichen Daten\u00e4nderungen beantragt wird)<br \/>\n<\/strong><\/p>\n<ul>\n<li><strong>siehe <a href=\"https:\/\/consfrancoforte.esteri.it\/wp-content\/uploads\/2024\/08\/Istruzioni-pagamento-percezioni-consolari_2024.pdf\">Hinweise zur Zahlung<\/a><\/strong><\/li>\n<\/ul>\n<ul>\n<li>Um die Bearbeitungszeiten am Schalter zu verk\u00fcrzen, werden die Mitb\u00fcrger:innen gebeten, die konsularischen Geb\u00fchren, mindestens f\u00fcnf Arbeitstage vor dem Termin per Bank\u00fcberweisung zu zahlen. Weitere Infos finden sie in dem\u00a0 Merkblatt <a href=\"https:\/\/consfrancoforte.esteri.it\/wp-content\/uploads\/2024\/08\/Istruzioni-pagamento-percezioni-consolari_2024.pdf\">Hinweise zur Zahlung<\/a>.<\/li>\n<\/ul>\n<p><strong>8) Welche Schritte werden am Tag des Termins durchgef\u00fchrt?<\/strong><\/p>\n<p><strong>Am Tag des Termins nimmt der Konsularbeamte die im vorangegangenen Punkt angegebenen Unterlagen entgegen. Er nimmt die Erkennung und Verifizierung des Fotos vor und nimmtdie Fingerabdr\u00fccke und die Unterschrift (au\u00dfer bei Minderj\u00e4hrigen unter 12 Jahren) auf.<\/strong><\/p>\n<p><strong>Minderj\u00e4hrige unter 12 Jahren m\u00fcssen ebenfalls anwesend sein, da ihre Identifizierung durch den Konsularbeamten erforderlich ist. Minderj\u00e4hrige m\u00fcssen immer von einem ihrer Elternteile oder dem Tr\u00e4ger der elterlichen Verantwortung begleitet werden.<\/strong><\/p>\n<p><strong>Falls der Minderj\u00e4hrige nicht im Konsulat anwesend sein kann, muss man auf dem Postweg ein beglaubigtes biometrisches Passbild \u00fcbersenden. Die Beglaubigung erfolgt durch einen Notar oder durch die Gemeinde- Stadtverwaltung<\/strong>.<\/p>\n<p>&nbsp;<\/p>\n<p><strong>9) Wie erhalte ich den elektronischen Personalausweis?<\/strong><\/p>\n<p><strong>Der CIE wird vom Innenministerium ausgestellt und von der Staatsdruckerei (Istituto Poligrafico e Zecca dello Stato) hergestellt. Diese schickt ihn per Einschreiben an die vom Antragsteller angegebene Wohnadresse\u00a0<em>(oder Anschrift)<\/em>. Au\u00dfer in Sonderf\u00e4llen sollte der CIE innerhalb von 15 Tagen ab dem Tag des Termins auf dem Postweg eintreffen (das Einschreiben kann \u00fcber den Tracking-Code selbst online verfolgt werden).<\/strong><\/p>\n<p><strong>Bei Nichtzustellung wird die Sendung nach Ablauf der Aufbewahrungsfrist bei der Post f\u00fcr weitere Zustellversuche an die Konsulardienststelle zur\u00fcckgeschickt.<\/strong><\/p>\n<p><strong><br \/>\n10) Wie lange ist der Personalausweis g\u00fcltig?<\/strong><\/p>\n<p><strong>Die G\u00fcltigkeitsdauer eines Personalausweises variiert je nach Alter des Inhabers und betr\u00e4gt:<\/strong><\/p>\n<p><strong>\u2022 3 Jahre f\u00fcr Minderj\u00e4hrige im Alter zwischen 0 und 3 Jahre;<\/strong><\/p>\n<p><strong>\u2022 5 Jahre f\u00fcr Minderj\u00e4hrige im Alter zwischen 3 Jahren und dem Erreichen der Vollj\u00e4hrigkeit (18 Jahre);<\/strong><\/p>\n<p><strong>\u2022 10 Jahre ab einem Alter von 18 Jahren.<\/strong><\/p>\n<p><strong>11) Was ist eine Einverst\u00e4ndniserkl\u00e4rung?<\/strong><\/p>\n<p><strong>Wenn ein Ausweis f\u00fcr einen Minderj\u00e4hrigen \/ eine Minderj\u00e4hrige beantragt wird, m\u00fcssen beide Elternteile eine Einverst\u00e4ndniserkl\u00e4rung unterzeichnen <\/strong><strong>( <a href=\"https:\/\/consfrancoforte.esteri.it\/wp-content\/uploads\/2023\/04\/ATTO-DI-ASSENSO-PER-RILASCIO-CIE-A-FAVORE-MINORENNI.pdf\">https:\/\/consfrancoforte.esteri.it\/CONSOLATO_FRANCOFORTE\/resource\/doc\/2020\/09\/atto_di_assenso_per_rilascio_cie_a_favore_minorenni.pdf<\/a>); eine Fotokopie seines Ausweisdokuments ist der Einverst\u00e4ndniserkl\u00e4rung beizuf\u00fcgen.<\/strong><br \/>\n<strong>Ist ein Elternteil nicht B\u00fcrger der Europ\u00e4ischen Union, so muss dessen Unterschrift von der Konsulardienststelle oder der deutschen Wohnsitzgemeinde oder einer anderen zust\u00e4ndigen Beh\u00f6rde (Notar) pers\u00f6nlich beglaubigt werden.<\/strong><\/p>\n<p><strong>Um die Richtigkeit der vorgelegten Einverst\u00e4ndniserkl\u00e4rung zu \u00fcberpr\u00fcfen, ist es notwendig, dass der Minderj\u00e4hrige im Melderegister eingetragen ist oder das Original der Geburtsurkunde vorgelegt wird, aus der Mutterschaft und Vaterschaft des Kindes hervorgehen.<\/strong><\/p>\n<p><strong>Im Falle des Todes eines Elternteils ist die Sterbeurkunde desselben vorzulegen.<\/strong><\/p>\n<p><strong>Falls der Antragsteller die Einverst\u00e4ndniserkl\u00e4rung des anderen Elternteils nicht vorlegen kann (z.B. wenn der andere Elternteil unauffindbar ist oder nicht beantwortet), ist es empfehlenswert, sich mit dem Generalkonsulat in Verbindung zu setzen (<a href=\"mailto:ci_confran@esteri.it\">ci_confran@esteri.it<\/a>\u00a0) vor dem Termin im Konsulat.<\/strong><\/p>\n<p><strong>12) Kann mein Personalausweis ge\u00e4ndert werden?<\/strong><\/p>\n<p><strong>Nein. Der Personalausweis ist ein Identit\u00e4tsdokument, keine Wohnsitzbescheinigung und kein Personenstandsdokument. Es ist nicht m\u00f6glich, die Adresse auf dem Personalausweis zu aktualisieren. Hat sich die Adresse ge\u00e4ndert, so sollten Sie eine Kopie der von den deutschen Beh\u00f6rden ausgestellten Anmeldebest\u00e4tigung oder Meldebescheinigung mitf\u00fchren.<\/strong><\/p>\n<p><strong>13) K\u00f6nnen verheirateten Frauen den Familiennamen ihres Mannes eintragen lassen?<\/strong><\/p>\n<p><strong>Nein, das ist leider nicht m\u00f6glich.<\/strong><\/p>\n<p><strong>Kontaktdaten des Personalausweisb\u00fcros:<br \/>\nTel.: 0049 (0)69 7531 &#8211; 302 (12:00 &#8211; 13:00)<\/strong><br \/>\n<strong>Fax: 0049 (0)69 7531 &#8211; 126<\/strong><br \/>\n<strong>Posta elettronica:\u00a0<a href=\"mailto:ci_confran@esteri.it\">ci_confran@esteri.it<\/a><\/strong><\/p>\n<p><strong>Sonderf\u00e4lle:<\/strong><\/p>\n<p>F\u00fcr\u00a0<strong>Minderj\u00e4hrige bis zu 12 Jahren<\/strong>\u00a0sowie\u00a0<strong>Staatsb\u00fcrger, die aufgrund dauerhafter Invalidit\u00e4t (nachgewiesen durch ein \u00e4rztliches Attest)<\/strong>\u00a0nicht pers\u00f6nlich im Generalkonsulat vorstellig werden k\u00f6nnen, ist\u00a0<strong>die Aufnahme der Fingerabdr\u00fccke nicht notwendig; der Antragsteller muss aber pers\u00f6nlich ausgewiesen werden oder das biometrische Passbild muss beglaubigt werden<\/strong>.<\/p>\n<p>In diesen F\u00e4llen kann die Ausstellung des Reisepasses weiterhin durch unsere Abteilung postalisch abgewickelt werden. Die Antragsteller sind aber darum gebeten, ein durch einen Notar oder durch die Gemeinde- Stadtverwaltung beglaubigtes Passbild zu \u00fcbersenden.<\/p>\n<p>Falls diese Beglaubigung nicht m\u00f6glich ist, muss der Antragsteller einen online Termin auf das Portal\u00a0<a href=\"https:\/\/prenotami.esteri.it\/\">PRENOT@MI<\/a>\u00a0vereinbaren und dann sich pers\u00f6nlich im Konsulat vorstellen.<\/p>\n<p><strong>In dringenden F\u00e4llen und unter Vorlage entsprechender Belege<\/strong>\u00a0ist es weiterhin m\u00f6glich ohne Termin von der Ausweisabteilung empfangen zu werden. Das Konsulat beh\u00e4lt sich jedoch vor, die Belege und die Dringlichkeit zu pr\u00fcfen.<\/p>\n<p style=\"text-align: center;\"><strong>######<\/strong><\/p>\n<div class=\"corpoPagina\"><strong>WAS IST DIE BEGLEITSBESCHEINIGUNG?<\/strong><\/div>\n<div class=\"corpoPagina\">\n<p><strong>Minderj\u00e4hrige unter vierzehn Jahren k\u00f6nnen nur in Begleitung wenigstens eines Elternteils ausreisen. Falls das Kind mit einer dritten Person (z.B. Gro\u00dfeltern, Onkel\/Tante, Freunden, Lehrern) oder mit Personal einer Reisegesellschaft reist, ist eine Begleitbescheinigung der Person oder der Reisegesellschaft, welcher sie das Kind anvertrauen, erforderlich. Diese Genehmigung ist nur auf eine Reise begrenzt.<\/strong><\/p>\n<p><strong>Um die Bescheinigung zu erhalten, muss man pers\u00f6nlich oder per Post Folgendes vorlegen:<\/strong><\/p>\n<ul>\n<li><strong><a href=\"https:\/\/consfrancoforte.esteri.it\/wp-content\/uploads\/2024\/08\/Nuova_accompagnamento-Minori.pdf\" target=\"_parent\" rel=\"noopener\">Antragsformular<\/a>;<\/strong><\/li>\n<li><strong>Kopie\u00a0eines Ausweisdokuments beider Eltern;<\/strong><\/li>\n<li><strong>Kopie\u00a0eines Ausweisdokuments beider Eltern des Minderj\u00e4hrigen;<\/strong><\/li>\n<li><strong>Kopie\u00a0eines Ausweisdokuments der Begleitperson (empfohlen);<\/strong><\/li>\n<li><strong>Vorfrankierten Briefumschlag 0,70 \u20ac (nur falls der Antrag per Post gesendet wird).<\/strong><\/li>\n<\/ul>\n<p><a href=\"https:\/\/consfrancoforte.esteri.it\/wp-content\/uploads\/2024\/08\/Istruzioni-pagamento-percezioni-consolari_2024.pdf\"><strong>Hinweise zur Zahlung der konsularischen Geb\u00fchren<\/strong><\/a><\/p>\n<\/div>\n<\/div>\n<hr \/>\n","protected":false},"excerpt":{"rendered":"Abteilung f\u00fcr Personalausweise (Ufficio Carte d\u2019Identit\u00e0) Tel.: 0049 (0)69 7531 &#8211; 302 (12:00 &#8211; 13:00) Fax: 0049 (0)69 7531 &#8211; 126 e-mail:\u00a0ci_confran@esteri.it \u00a0###### &nbsp; Bitte beachten Sie, dass der Personalausweis in Papierform, unabh\u00e4ngig von dem auf dem Dokument angegebenen Ablaufdatum, am 3. August 2026 seine G\u00fcltigkeit verliert. Landsleuten, die nur im Besitz des Papierdokuments sind, [&hellip;]","protected":false},"author":4,"featured_media":0,"parent":125,"menu_order":0,"comment_status":"closed","ping_status":"closed","template":"","meta":{"footnotes":""},"class_list":["post-537","page","type-page","status-publish","hentry"],"_links":{"self":[{"href":"https:\/\/consfrancoforte.esteri.it\/de\/wp-json\/wp\/v2\/pages\/537","targetHints":{"allow":["GET"]}}],"collection":[{"href":"https:\/\/consfrancoforte.esteri.it\/de\/wp-json\/wp\/v2\/pages"}],"about":[{"href":"https:\/\/consfrancoforte.esteri.it\/de\/wp-json\/wp\/v2\/types\/page"}],"author":[{"embeddable":true,"href":"https:\/\/consfrancoforte.esteri.it\/de\/wp-json\/wp\/v2\/users\/4"}],"replies":[{"embeddable":true,"href":"https:\/\/consfrancoforte.esteri.it\/de\/wp-json\/wp\/v2\/comments?post=537"}],"version-history":[{"count":6,"href":"https:\/\/consfrancoforte.esteri.it\/de\/wp-json\/wp\/v2\/pages\/537\/revisions"}],"predecessor-version":[{"id":8920,"href":"https:\/\/consfrancoforte.esteri.it\/de\/wp-json\/wp\/v2\/pages\/537\/revisions\/8920"}],"up":[{"embeddable":true,"href":"https:\/\/consfrancoforte.esteri.it\/de\/wp-json\/wp\/v2\/pages\/125"}],"wp:attachment":[{"href":"https:\/\/consfrancoforte.esteri.it\/de\/wp-json\/wp\/v2\/media?parent=537"}],"curies":[{"name":"wp","href":"https:\/\/api.w.org\/{rel}","templated":true}]}}