{"id":529,"date":"2023-03-08T17:12:12","date_gmt":"2023-03-08T16:12:12","guid":{"rendered":"https:\/\/consfrancoforte.esteri.it\/servizi-consolari-e-visti\/servizi-per-il-cittadino-italiano\/altri-servizi\/modulistica\/"},"modified":"2025-05-12T11:29:25","modified_gmt":"2025-05-12T09:29:25","slug":"modulistica","status":"publish","type":"page","link":"https:\/\/consfrancoforte.esteri.it\/de\/servizi-consolari-e-visti\/servizi-per-il-cittadino-italiano\/altri-servizi\/modulistica\/","title":{"rendered":"Formulare und Antr\u00e4ge"},"content":{"rendered":"<p><a href=\"https:\/\/consfrancoforte.esteri.it\/wp-content\/uploads\/2024\/08\/Istruzioni-pagamento-percezioni-consolari_2024.pdf\">Hinweise zur Zahlung der konsularischen Geb\u00fchren<\/a><\/p>\n<p><strong>Einwohnermeldeamt:<\/strong><\/p>\n<p>F\u00fcr die Eintragung in das AIRE oder\u00a0die Adresse\u00e4nderung benutzen\u00a0Sie bitte diese Homepage:<\/p>\n<p><strong>\u00a0\u00a0 \u00a0<a href=\"https:\/\/serviziconsolarionline.esteri.it\/ScoFE\/index.sco\">https:\/\/serviziconsolarionline.esteri.it\/ScoFE\/index.sco<\/a><\/strong><\/p>\n<ul>\n<li><a href=\"https:\/\/consfrancoforte.esteri.it\/wp-content\/uploads\/2023\/04\/modulo_cambio_comune_aire_01.03.2022.pdf\" target=\"_blank\" rel=\"noopener\"><strong>Formular f\u00fcr den wechsel der AIRE Gemeinde<\/strong><\/a><\/li>\n<li><a href=\"https:\/\/consfrancoforte.esteri.it\/wp-content\/uploads\/2023\/04\/modello_cambio_aire_figli_minori_01.03.2022-1.pdf\" target=\"_blank\" rel=\"noopener\"><strong>Formular f\u00fcr den wechsel der AIRE (Minderj\u00e4hrige)<\/strong><\/a><\/li>\n<li><a href=\"https:\/\/consfrancoforte.esteri.it\/wp-content\/uploads\/2023\/04\/modulo_dichiarazione_convivenza_di_fatto.docx\" target=\"_blank\" rel=\"noopener\"><strong>Erkl\u00e4rung einer &#8222;de facto&#8220; Partnerschaft (convivenza di fatto)<\/strong><\/a><\/li>\n<\/ul>\n<p><strong>Sozialabteilung:<\/strong><\/p>\n<ul>\n<li><a href=\"https:\/\/consfrancoforte.esteri.it\/wp-content\/uploads\/2023\/04\/10372_f_cons57Modulorichiestadiassistenza.pdf\" target=\"_blank\" rel=\"noopener\"><strong>Antrag f\u00fcr direkte Unterst\u00fctzung<\/strong><\/a><\/li>\n<\/ul>\n<p><strong><br \/>\nNotariat:<\/strong><\/p>\n<ul>\n<li><a href=\"https:\/\/consfrancoforte.esteri.it\/wp-content\/uploads\/2023\/04\/77737_f_cons57Deleganotarile.pdf\" target=\"_blank\" rel=\"noopener\"><strong>Vollmacht<\/strong><\/a><\/li>\n<\/ul>\n<p><strong>Personalausweis:<\/strong><\/p>\n<ul>\n<li><a href=\"https:\/\/consfrancoforte.esteri.it\/wp-content\/uploads\/2023\/04\/denuncia_anzeige.pdf\" target=\"_blank\" rel=\"noopener\"><strong>Anzeige \u00fcber den Verlust oder den Diebstahl eines Personalausweises<\/strong><\/a><\/li>\n<li><strong><a href=\"https:\/\/consfrancoforte.esteri.it\/wp-content\/uploads\/2023\/04\/ATTO-DI-ASSENSO-PER-RILASCIO-CIE-A-FAVORE-DI-RICHIEDENTI-CON-FIGLI-MINORI.pdf\">Einverst\u00e4ndniserkl\u00e4rung des anderen Elternteils<\/a><\/strong><\/li>\n<\/ul>\n<p><strong>Passabteilung:<\/strong><\/p>\n<ul>\n<li><strong><strong><a href=\"https:\/\/consfrancoforte.esteri.it\/wp-content\/uploads\/2023\/06\/DOMANDA_PASS_MAGGIORENNI_TEDESCO_-2023.pdf\">Antrag auf Ausstellung eines Reisepasses<\/a><\/strong><\/strong><\/li>\n<li><a href=\"https:\/\/consfrancoforte.esteri.it\/wp-content\/uploads\/2023\/04\/domandarilasciopass_minori_bilingue.pdf\"><strong>Antrag auf Ausstellung des Reisepasses an Minderjaehringe<\/strong><\/a><\/li>\n<li><strong><strong><a href=\"https:\/\/consfrancoforte.esteri.it\/de\/servizi-consolari-e-visti\/servizi-per-il-cittadino-italiano\/passaporti-e-carte-didentita\/\">Anleitungen und Hinweise zur Ausstellung des Reisepasses<\/a><\/strong><\/strong><\/li>\n<li><strong><strong><a href=\"https:\/\/consfrancoforte.esteri.it\/de\/servizi-consolari-e-visti\/servizi-per-il-cittadino-italiano\/passaporti-e-carte-didentita\/\">Anleitungen und Hinweise zur Ausstellung des Reisepasses an Minderjaehrige<\/a><\/strong><\/strong><\/li>\n<li><strong><strong><a href=\"https:\/\/consfrancoforte.esteri.it\/wp-content\/uploads\/2023\/04\/ATTO-DI-ASSENSO-PER-RILASCIO-CIE-A-FAVORE-MINORENNI.pdf\">Einverst\u00e4ndniserkl\u00e4rung des anderen Elternteils<\/a>\u00a0(zur Ausstellung des Passes f\u00fcr minderj\u00e4hrige Kinder)<\/strong><\/strong><\/li>\n<li><strong><strong><a href=\"https:\/\/consfrancoforte.esteri.it\/wp-content\/uploads\/2023\/04\/denuncia_anzeige.pdf\">Anzeige \u00fcber den Verlust oder den Diebstahl eines Reisepasses<\/a><\/strong><\/strong><\/li>\n<li><a href=\"https:\/\/consfrancoforte.esteri.it\/wp-content\/uploads\/2024\/08\/Nuova_accompagnamento-Minori.pdf\"><strong><strong>Erkl\u00e4rung zur Begleitung von Minderj\u00e4hrigen<\/strong><\/strong><\/a><\/li>\n<li><strong><strong><a href=\"https:\/\/consfrancoforte.esteri.it\/consolato_francoforte\/resource\/doc\/2021\/12\/antrag_etd_erwachsene_nuova_sede.pdf\">Antrag auf Ausstellung des Emergency Travel Documents (ETD)<\/a><\/strong><\/strong><\/li>\n<li><strong><strong><a href=\"https:\/\/consfrancoforte.esteri.it\/consolato_francoforte\/resource\/doc\/2021\/12\/deuantrag_etd_minderjhrige.pdf\">Antrag auf Ausstellung des Emergency Travel Documents (ETD) fuer Minderjaehrige<\/a><\/strong><\/strong><\/li>\n<\/ul>\n<p><strong>Standesamt:<\/strong><\/p>\n<ul>\n<li><strong><strong><a href=\"https:\/\/consfrancoforte.esteri.it\/wp-content\/uploads\/2023\/04\/richiesta_ccm.pdf\">Antrag auf Ausstellung eines Ehef\u00e4higkeitszeugnisses (ein Italiener, ein nicht Italiener)<\/a><\/strong><\/strong><\/li>\n<li><strong><strong><a href=\"https:\/\/consfrancoforte.esteri.it\/wp-content\/uploads\/2023\/04\/ccm_2_italiani.pdf\">Antrag auf Ausstellung eines Ehef\u00e4higkeitszeugnisses\u00a0(zwei Italiener)<\/a><\/strong><\/strong><\/li>\n<li><strong><a href=\"https:\/\/consfrancoforte.esteri.it\/wp-content\/uploads\/2023\/04\/richiesta_trascrizione_divorzio_12.10.2022.pdf\">Registrierung eines Scheidungsurteils<\/a><\/strong><\/li>\n<li><strong><strong><a href=\"https:\/\/consfrancoforte.esteri.it\/wp-content\/uploads\/2025\/05\/20250512_DE_Antragsformular_GEBURT.pdf\">Antrag auf Registrierung einer Geburtsurkunde<\/a><\/strong><\/strong><\/li>\n<li><strong><strong><a href=\"https:\/\/consfrancoforte.esteri.it\/wp-content\/uploads\/2023\/04\/richiesta_trascrizione_matrimonio_aggiornata_25.09.2020.pdf\">Antrag auf Registrierung einer Heiratsurkunde<\/a><\/strong><\/strong><\/li>\n<li><strong><strong><a href=\"https:\/\/consfrancoforte.esteri.it\/resource\/2016\/02\/79681_f_cons57Modulorichiestatrascrizionecertificatodimorte.pdf\">Antrag auf Registrierung einer Sterbeurkunde<\/a><\/strong><\/strong><\/li>\n<li><strong><strong><a href=\"https:\/\/consfrancoforte.esteri.it\/wp-content\/uploads\/2023\/04\/82330_f_cons57RichiestaTrascrizioneUCELDEbilingue.pdf\">Antrag auf Registrierung einer eingetragenen Lebenspartnerschaft<\/a><\/strong><\/strong><\/li>\n<li><strong><strong><a href=\"https:\/\/consfrancoforte.esteri.it\/resource\/2016\/08\/82336_f_cons57RichiestaTrascrizioneUCgenericobilingue1.pdf\">Antrag auf Registrierung einer homosexuellen Ehe\/Partneschaft<\/a><\/strong><\/strong><\/li>\n<li><strong><a href=\"https:\/\/consfrancoforte.esteri.it\/wp-content\/uploads\/2023\/04\/dichiarazione_di_volont.docx\">Willenserkl\u00e4rung zur Erteilung des doppelten Nachnamenszur Erteilung des doppelten Nachnamens<\/a><\/strong><\/li>\n<\/ul>\n<p><strong><br \/>\nVisa-Abteilung:<br \/>\n<\/strong><\/p>\n<p>Werden Sie weniger als 3 Monate in Italien verbringen? F\u00fcllen Sie eines der folgenden Formulare aus:<\/p>\n<ul>\n<li><strong><a href=\"https:\/\/consfrancoforte.esteri.it\/wp-content\/uploads\/2024\/07\/Nuovo_Modulo-visto-Schengen.pdf\" target=\"_blank\" rel=\"noopener\">Schengen Visa (Italienisch und Deutsch)<\/a><\/strong><\/li>\n<\/ul>\n<p>Werden Sie mehr als 3 Monate in Italien verbringen? F\u00fcllen Sie eines der folgenden Formulare aus:<\/p>\n<ul>\n<li><strong><strong><a title=\"Visto Nazionale\" href=\"https:\/\/consfrancoforte.esteri.it\/wp-content\/uploads\/2023\/04\/70792_f_cons57Formulario_visto_nazionale.pdf\" target=\"_blank\" rel=\"noopener\">Visto Nazionale (Italienisch)<\/a><\/strong><\/strong><\/li>\n<li><strong><strong><a title=\"Visto Nazionale\" href=\"https:\/\/consfrancoforte.esteri.it\/wp-content\/uploads\/2023\/04\/70793_f_cons57Application_national_visa.pdf\" target=\"_blank\" rel=\"noopener\">Visto Nazionale (Englisch)<\/a><\/strong><\/strong><\/li>\n<\/ul>\n<p>Andere Formul\u00e4re<\/p>\n<ul>\n<li><a href=\"https:\/\/consfrancoforte.esteri.it\/resource\/2016\/03\/80799_f_cons57Modelloinvitoperaffari1.pdf\" target=\"_blank\" rel=\"noopener\"><strong>Einladungsbrief (f\u00fcr ein Gesch\u00e4ftsvisum) &#8211; Italienisch<\/strong><\/a><\/li>\n<li><strong><strong><a href=\"https:\/\/consfrancoforte.esteri.it\/resource\/2016\/03\/80800_f_cons57Dichiarazionediospitalit1.pdf\" target=\"_blank\" rel=\"noopener\">Verpflichtungserkl\u00e4rung (private Unterkunft, Sponsorship) &#8211; Italienisch und Englisch<\/a><\/strong><\/strong><\/li>\n<\/ul>\n<p><strong>Staatsangeh\u00f6rigkeit:<\/strong><\/p>\n<ul>\n<li><a href=\"https:\/\/consfrancoforte.esteri.it\/wp-content\/uploads\/2023\/04\/cittadinanza_per_matrimonio_istruzioni_tedesco_versione_def.pdf\" target=\"_blank\" rel=\"noopener\"><strong>Unterlagen zur Beantragung der italienischen Staatsangeh\u00f6rigkeit<\/strong><\/a><\/li>\n<li><a href=\"https:\/\/consfrancoforte.esteri.it\/wp-content\/uploads\/2023\/04\/richiesta_certificato_di_cittadinanza_def.pdf\" target=\"_blank\" rel=\"noopener\"><strong>Antrag auf Beantragung der italienischen Staatsangeh\u00f6rigkeitbescheinigung<\/strong><\/a><\/li>\n<li><a href=\"https:\/\/consfrancoforte.esteri.it\/wp-content\/uploads\/2023\/04\/anerkennung_des_besitzes_der_italienischen_staatsangehrigkeitabs.pdf\" target=\"_blank\" rel=\"noopener\"><strong>Anerkennung des Besitzes der italienischen Staatsangeh\u00f6rigkeit durch Abstammung<\/strong><\/a><\/li>\n<li><a href=\"https:\/\/consfrancoforte.esteri.it\/wp-content\/uploads\/2023\/04\/45419_f_cons57AttoNotorio.pdf\" target=\"_blank\" rel=\"noopener\"><strong>Eidesstattliche Erkl\u00e4rung<\/strong><\/a><\/li>\n<li><a href=\"https:\/\/consfrancoforte.esteri.it\/wp-content\/uploads\/2023\/04\/58233_f_cons57AttoNotorio2.pdf\" target=\"_blank\" rel=\"noopener\"><strong>Eidesstattliche Erkl\u00e4rung 2<\/strong><\/a><\/li>\n<li><a href=\"https:\/\/consfrancoforte.esteri.it\/resource\/2016\/02\/80036_f_cons57DichiarazioneSostAttoNotoriet_riacquistocittad_ITA.pdf\" target=\"_blank\" rel=\"noopener\"><strong>Eidesstattliche Erkl\u00e4rung (Wiedererwerb)<\/strong><\/a><\/li>\n<li><a href=\"https:\/\/consfrancoforte.esteri.it\/resource\/2016\/02\/80037_f_cons57AttoNotorio3.pdf\" target=\"_blank\" rel=\"noopener\"><strong>Eidesstattliche Erkl\u00e4rung (Verzicht)<\/strong><\/a><\/li>\n<\/ul>\n<p>&nbsp;<\/p>\n<p><strong>Steuernummer:<\/strong><\/p>\n<ul>\n<li><a href=\"https:\/\/consfrancoforte.esteri.it\/wp-content\/uploads\/2023\/04\/CF_aa4_8_modello_ted.pdf\" target=\"_blank\" rel=\"noopener\"><strong>Antrag auf italienische Steuernummer\/Ersatzsteuerk\u00e4rtchen<\/strong><\/a><\/li>\n<\/ul>\n<p><strong>Schulabteilung<\/strong><strong>\u00a0<\/strong><\/p>\n<ul>\n<li><strong><a href=\"https:\/\/consfrancoforte.esteri.it\/wp-content\/uploads\/2025\/03\/Antrag_Wertigkeitserklarung_Anleitung-2.pdf\">Wertigkeitserkl\u00e4rung &#8211; Anleitung<\/a><\/strong><\/li>\n<li><strong><a href=\"https:\/\/consfrancoforte.esteri.it\/wp-content\/uploads\/2025\/03\/DV-Modulo-richiesta.pdf\">Antrag\u00a0auf Ausstellung einer\u00a0Wertigkeitserkl\u00e4rung (Dichiarazione di valore)<\/a><br \/>\n<\/strong><\/li>\n<li><strong><a href=\"https:\/\/consfrancoforte.esteri.it\/wp-content\/uploads\/2025\/03\/Request_declarationofvalue__instructions-2.pdf\">Declaration of value-Instructions<\/a><\/strong><\/li>\n<li><a href=\"https:\/\/consfrancoforte.esteri.it\/wp-content\/uploads\/2025\/03\/Elenco-traduttori-giurati-febbraio-2025.pdf\" target=\"_blank\" rel=\"noopener\"><strong>Erm\u00e4chtigte \u00dcbersetzer<\/strong><\/a><\/li>\n<\/ul>\n<p>&nbsp;<\/p>\n","protected":false},"excerpt":{"rendered":"Hinweise zur Zahlung der konsularischen Geb\u00fchren Einwohnermeldeamt: F\u00fcr die Eintragung in das AIRE oder\u00a0die Adresse\u00e4nderung benutzen\u00a0Sie bitte diese Homepage: \u00a0\u00a0 \u00a0https:\/\/serviziconsolarionline.esteri.it\/ScoFE\/index.sco Formular f\u00fcr den wechsel der AIRE Gemeinde Formular f\u00fcr den wechsel der AIRE (Minderj\u00e4hrige) Erkl\u00e4rung einer &#8222;de facto&#8220; Partnerschaft (convivenza di fatto) Sozialabteilung: Antrag f\u00fcr direkte Unterst\u00fctzung Notariat: Vollmacht Personalausweis: Anzeige \u00fcber den Verlust [&hellip;]","protected":false},"author":6,"featured_media":0,"parent":265,"menu_order":0,"comment_status":"closed","ping_status":"closed","template":"","meta":{"footnotes":""},"class_list":["post-529","page","type-page","status-publish","hentry"],"_links":{"self":[{"href":"https:\/\/consfrancoforte.esteri.it\/de\/wp-json\/wp\/v2\/pages\/529","targetHints":{"allow":["GET"]}}],"collection":[{"href":"https:\/\/consfrancoforte.esteri.it\/de\/wp-json\/wp\/v2\/pages"}],"about":[{"href":"https:\/\/consfrancoforte.esteri.it\/de\/wp-json\/wp\/v2\/types\/page"}],"author":[{"embeddable":true,"href":"https:\/\/consfrancoforte.esteri.it\/de\/wp-json\/wp\/v2\/users\/6"}],"replies":[{"embeddable":true,"href":"https:\/\/consfrancoforte.esteri.it\/de\/wp-json\/wp\/v2\/comments?post=529"}],"version-history":[{"count":6,"href":"https:\/\/consfrancoforte.esteri.it\/de\/wp-json\/wp\/v2\/pages\/529\/revisions"}],"predecessor-version":[{"id":6203,"href":"https:\/\/consfrancoforte.esteri.it\/de\/wp-json\/wp\/v2\/pages\/529\/revisions\/6203"}],"up":[{"embeddable":true,"href":"https:\/\/consfrancoforte.esteri.it\/de\/wp-json\/wp\/v2\/pages\/265"}],"wp:attachment":[{"href":"https:\/\/consfrancoforte.esteri.it\/de\/wp-json\/wp\/v2\/media?parent=529"}],"curies":[{"name":"wp","href":"https:\/\/api.w.org\/{rel}","templated":true}]}}