{"id":492,"date":"2023-03-01T17:35:12","date_gmt":"2023-03-01T16:35:12","guid":{"rendered":"https:\/\/consfrancoforte.esteri.it\/servizi-consolari-e-visti\/servizi-per-il-cittadino-italiano\/altri-servizi\/documenti-didentita-ed-altri-servizi-consolari\/"},"modified":"2025-07-03T12:06:56","modified_gmt":"2025-07-03T10:06:56","slug":"documenti-didentita-ed-altri-servizi-consolari","status":"publish","type":"page","link":"https:\/\/consfrancoforte.esteri.it\/de\/servizi-consolari-e-visti\/servizi-per-il-cittadino-italiano\/altri-servizi\/documenti-didentita-ed-altri-servizi-consolari\/","title":{"rendered":"Ausweisdokumente und sonstige konsularische Dienste"},"content":{"rendered":"<p>Um direkt und schnell zu den Informationsseiten und Formularen der verschiedenen konsularischen Dienste zu gelangen, klicken Sie einfach auf die einzelnen Stichworte<\/p>\n<p>&#8211; <a href=\"https:\/\/consfrancoforte.esteri.it\/de\/servizi-consolari-e-visti\/servizi-per-il-cittadino-italiano\/altri-servizi\/modulistica\/\">Formulare und Antr\u00e4ge<\/a><\/p>\n<p>&#8211; <a href=\"https:\/\/consfrancoforte.esteri.it\/de\/servizi-consolari-e-visti\/servizi-per-il-cittadino-italiano\/passaporti-e-carte-didentita\/\">Reisepass<\/a><\/p>\n<p>&#8211;<a href=\"https:\/\/consfrancoforte.esteri.it\/de\/servizi-consolari-e-visti\/servizi-per-il-cittadino-italiano\/carte-di-identita\/\"> Elektronischer Personalausweis<\/a><\/p>\n<p><a href=\"https:\/\/consfrancoforte.esteri.it\/de\/servizi-consolari-e-visti\/servizi-per-il-cittadino-italiano\/emergency-travel-documents-etd\/\">&#8211; ETD<\/a><\/p>\n<p>&#8211; <a href=\"https:\/\/consfrancoforte.esteri.it\/de\/servizi-consolari-e-visti\/servizi-per-il-cittadino-italiano\/anagrafe-degli-italiani-residenti-allestero-aire\/\">Meldeamt (AIRE)<\/a><\/p>\n<p>&#8211; <a href=\"https:\/\/consfrancoforte.esteri.it\/de\/servizi-consolari-e-visti\/servizi-per-il-cittadino-italiano\/stato-civile\/\">Standesamt<\/a><\/p>\n<p>&#8211; <a href=\"https:\/\/consfrancoforte.esteri.it\/de\/servizi-consolari-e-visti\/servizi-per-il-cittadino-italiano\/altri-servizi\/albo-consolare\/\">Konsularischer Register<\/a><\/p>\n<p>&#8211; <a href=\"https:\/\/consfrancoforte.esteri.it\/de\/servizi-consolari-e-visti\/servizi-per-il-cittadino-italiano\/codice-fiscale\/\">Italienische Steuernummer<\/a><\/p>\n<p>&#8211; <a href=\"https:\/\/consfrancoforte.esteri.it\/de\/servizi-consolari-e-visti\/servizi-per-il-cittadino-straniero\/cittadinanza\/\">Staatsangeh\u00f6rigkeit<\/a><\/p>\n<p>&#8211; <a href=\"https:\/\/consfrancoforte.esteri.it\/de\/servizi-consolari-e-visti\/servizi-per-il-cittadino-italiano\/altri-servizi\/elenchi-ed-indirizzi-utili\/\">N\u00fctzliche Listen und Adresse<\/a><\/p>\n<p><strong>Zus\u00e4tzliche Informationen \u00fcber<\/strong> konsularische Dienstleistungen finden Sie <a href=\"https:\/\/consfrancoforte.esteri.it\/de\/servizi-consolari-e-visti\/servizi-per-il-cittadino-italiano\/\">auf dieser Seite<\/a><\/p>\n","protected":false},"excerpt":{"rendered":"Um direkt und schnell zu den Informationsseiten und Formularen der verschiedenen konsularischen Dienste zu gelangen, klicken Sie einfach auf die einzelnen Stichworte &#8211; Formulare und Antr\u00e4ge &#8211; Reisepass &#8211; Elektronischer Personalausweis &#8211; ETD &#8211; Meldeamt (AIRE) &#8211; Standesamt &#8211; Konsularischer Register &#8211; Italienische Steuernummer &#8211; Staatsangeh\u00f6rigkeit &#8211; N\u00fctzliche Listen und Adresse Zus\u00e4tzliche Informationen \u00fcber konsularische [&hellip;]","protected":false},"author":6,"featured_media":0,"parent":265,"menu_order":0,"comment_status":"closed","ping_status":"closed","template":"","meta":{"footnotes":""},"class_list":["post-492","page","type-page","status-publish","hentry"],"_links":{"self":[{"href":"https:\/\/consfrancoforte.esteri.it\/de\/wp-json\/wp\/v2\/pages\/492","targetHints":{"allow":["GET"]}}],"collection":[{"href":"https:\/\/consfrancoforte.esteri.it\/de\/wp-json\/wp\/v2\/pages"}],"about":[{"href":"https:\/\/consfrancoforte.esteri.it\/de\/wp-json\/wp\/v2\/types\/page"}],"author":[{"embeddable":true,"href":"https:\/\/consfrancoforte.esteri.it\/de\/wp-json\/wp\/v2\/users\/6"}],"replies":[{"embeddable":true,"href":"https:\/\/consfrancoforte.esteri.it\/de\/wp-json\/wp\/v2\/comments?post=492"}],"version-history":[{"count":1,"href":"https:\/\/consfrancoforte.esteri.it\/de\/wp-json\/wp\/v2\/pages\/492\/revisions"}],"predecessor-version":[{"id":7057,"href":"https:\/\/consfrancoforte.esteri.it\/de\/wp-json\/wp\/v2\/pages\/492\/revisions\/7057"}],"up":[{"embeddable":true,"href":"https:\/\/consfrancoforte.esteri.it\/de\/wp-json\/wp\/v2\/pages\/265"}],"wp:attachment":[{"href":"https:\/\/consfrancoforte.esteri.it\/de\/wp-json\/wp\/v2\/media?parent=492"}],"curies":[{"name":"wp","href":"https:\/\/api.w.org\/{rel}","templated":true}]}}