{"id":399,"date":"2023-03-01T11:27:00","date_gmt":"2023-03-01T10:27:00","guid":{"rendered":"https:\/\/consfrancoforte.esteri.it\/italia-e-germania\/diplomazia-culturale\/studiare-litaliano-in-germania\/"},"modified":"2026-04-21T13:10:27","modified_gmt":"2026-04-21T11:10:27","slug":"studiare-litaliano-in-germania","status":"publish","type":"page","link":"https:\/\/consfrancoforte.esteri.it\/de\/italia-e-germania\/diplomazia-culturale\/studiare-litaliano-in-germania\/","title":{"rendered":"Italienisch lernen in Deutschland &#8211; Anerkennung von Abschl\u00fcssen &#8211; Wertigkeitserkl\u00e4rung &#8211;"},"content":{"rendered":"<p>In unserem Konsularbezirk gibt es zahlreiche M\u00f6glichkeiten, Italienisch in der Schule zu lernen. Nachfolgend einige wichtige Beispiele:<\/p>\n<p><strong>VEREINBARUNG F\u00dcR DEN BILINGUALEN DEUTSCH-ITALIENISCHEN UNTERRICHT IN FRANKFURT<\/strong><\/p>\n<p>Seit 1997 besteht zwischen dem Land Hessen und dem italienischen Generalkonsulat in Frankfurt\u00a0<a href=\"https:\/\/consfrancoforte.esteri.it\/consolato_francoforte\/resource\/doc\/2016\/11\/d-_protocollo_intesa_sez.bilingui.pdf\">eine bilaterale Vereinbarung<\/a>\u00a0f\u00fcr den bilingualen deutsch-italienischen Unterricht an einigen Schulen (drei Grundschulen, einem Gymnasium und, seit einiger<br \/>\nZeit, einer Realschule) in Frankfurt. Das bilinguale Projekt erm\u00f6glicht, die gesamte Schulbahn bis zum Realschulabschluss bzw. zum Abitur zweisprachig zu absolvieren. Italien tr\u00e4gt konkret durch die Entsendung von italienischen Lehrkr\u00e4ften zu diesem Projekt<br \/>\nbei.<\/p>\n<p>F\u00fcr Informationen wenden Sie sich an\u00a0<strong>die Schulabteilung des Generalkonsulats<\/strong>\u00a0(siehe Kontakte unten) oder direkt an die Schulen:<\/p>\n<ul>\n<li><strong><a href=\"http:\/\/www.muehlbergschule.dehttps\/\/willemerschulefrankfurt.wordpress.com\">http:\/\/www.muehlbergschule.de<\/a><\/strong><\/li>\n<li><strong><a href=\"http:\/\/holzhausen.frankfurt.schule.hessen.de\/\">https:\/\/willemerschulefrankfurt.wordpress.com<\/a><\/strong><\/li>\n<li><strong><a href=\"http:\/\/www.deutschherrenschule.de\/\">http:\/\/holzhausen.frankfurt.schule.hessen.de<\/a><\/strong><\/li>\n<li><strong><a href=\"http:\/\/freiherr-vom-stein.de\/\">http:\/\/www.deutschherrenschule.de<\/a><\/strong><\/li>\n<li><strong><a href=\"http:\/\/freiherr-vom-stein.de\/\">http:\/\/freiherr-vom-stein.de<\/a><\/strong><\/li>\n<\/ul>\n<p>In Frankfurt befindet sich au\u00dferdem ein bilingualer Kindergarten, &#8222;Pinocchio&#8220; unter der Leitung des Bistums Limburg. F\u00fcr Informationen bitte\u00a0<strong>hier<\/strong>\u00a0klicken.<\/p>\n<p>Informationen \u00fcber die T\u00e4tigkeit des Elternvereins\u00a0<strong>BILIS<\/strong>\u00a0im Rahmen des deutsch-italienischen bilingualen Programms in Frankfurt finden Sie unter\u00a0<strong><a href=\"http:\/\/bilis.org\/\">http:\/\/bilis.org<\/a><\/strong>.<\/p>\n<p><strong>Deutscher Italianistenverband<\/strong><\/p>\n<p>An zahlreichen Schulen wird Italienisch als Fremdsprache angeboten. Der \u201cDeutsche Italianistenverband&#8220; (<strong><a href=\"http:\/\/www.italianistenverband.de\/\">http:\/\/www.italianistenverband.de<\/a><\/strong>) vereint Linguisten und Lehrkr\u00e4fte unserer Sprache in Deutschland.<\/p>\n<p><strong>Associazione Docenti d&#8217;Italiano in Germania (ADI)<\/strong><\/p>\n<p><strong>ADI (<a href=\"http:\/\/www.adi-germania.org\/\">http:\/\/www.adi-germania.org<\/a>)\u00a0<\/strong>vertitt die Lehrkr\u00e4fte\u00a0f\u00fcr Italienisch in allen deutschen Schulen und arbeitet im Bereich Ausbildung und F\u00f6rderung der italienischen Sprache und Unterricht.<\/p>\n<p><strong>BEKANNTMACHUNGEN UND AUSSCHREIBUNGEN VON WETTBEWERBEN F\u00dcR ITALIENISCHE SCHULEN IM AUSLAND<\/strong><\/p>\n<p>Fur weitere Informationen (nur auf Italienisch) <a href=\"https:\/\/consfrancoforte.esteri.it\/it\/italia-e-germania\/diplomazia-culturale\/studiare-litaliano-in-germania\/avvisi-e-bandi-di-concorso-per-le-scuole-italiane-allestero\/\">hier clicken<\/a><\/p>\n<p><strong>UNTERRICHT DER ITALIENISCHEN SPRACHE UND KULTUR (D.LGS. 297\/1994)<\/strong><\/p>\n<p>Im unserem Konsularbezirk wird der Unterricht der italienischen Sprache und Kultur von einigen Bildungstr\u00e4gern angeboten, die vom Italienischen Au\u00dfenministerium finanziert werden. Nachfolgend die Kontaktdaten:<\/p>\n<ul>\n<li><strong><a href=\"http:\/\/www.coascitsaar.de\/\">http:\/\/www.coascitsaar.de<\/a><\/strong><\/li>\n<li><strong><a href=\"http:\/\/www.ialcisl.de\/\">http:\/\/www.ialcisl.de<\/a><\/strong><\/li>\n<\/ul>\n<p><strong>F\u00dcR WEITERE INFOS:<\/strong><\/p>\n<p>Schulabteilung des Generalkonsulats<br \/>\nLeiterin: Dott.ssa Alessandra CANEPA<br \/>\nTel.: 0049 (0)69 7531 &#8211; 120 \/ 121<br \/>\nE-mail:\u00a0<a href=\"mailto:ufficioscuola.francoforte@esteri.it\">ufficioscuola.francoforte@esteri.it<\/a><\/p>\n<p style=\"text-align: center;\">######<\/p>\n<p><strong>Anerkennung von Abschl\u00fcssen<\/strong><\/p>\n<p>Ausl\u00e4ndische Abschl\u00fcsse werden in Italien nicht automatisch anerkannt. Nicht-italienische Staatsangeh\u00f6rige, die an der Anerkennung der Gleichwertigkeit und Wirksamkeit (&#8220; Gleichwertigkeit &#8222;) ihrer ausl\u00e4ndischen Abschl\u00fcsse (die sie an offiziell anerkannten Bildungseinrichtungen erworben haben) mit den entsprechenden italienischen Abschl\u00fcssen interessiert sind, k\u00f6nnen einen Antrag \u00fcber das Studentenb\u00fcro des Konsulats stellen.<\/p>\n<p>Italienische Staatsangeh\u00f6rige hingegen m\u00fcssen sich direkt an ein italienisches Schulamt wenden, allerdings immer nach Beantragung einer &#8222;Dichiarazione di valore&#8220; beim Studentenb\u00fcro des Konsulats.<\/p>\n<p>Im Ausland erworbene Bildungsabschl\u00fcsse haben, sobald sie f\u00fcr gleichwertig mit italienischen Abschl\u00fcssen erkl\u00e4rt wurden (achte Klasse, Abitur oder Hochschulabschluss), in Italien rechtlichen Wert; das bedeutet zum Beispiel, dass die Person, die die italienische Staatsb\u00fcrgerschaft besitzt, das Recht hat, an von der italienischen Verwaltung ausgeschriebenen Auswahlverfahren teilzunehmen.<\/p>\n<p>Die Dokumente, die beim Konsulat vorgelegt werden m\u00fcssen, um die Erkl\u00e4rung \u00fcber den Wert und die Gleichwertigkeit des Abschlusses zu beantragen, sind<\/p>\n<p>&#8211; Diplom oder Zeugnis im Original oder in amtlicher Form, das mit dem Siegel oder Pr\u00e4gestempel der Schule oder der Hochschuleinrichtung versehen und vom zust\u00e4ndigen Beamten leserlich unterzeichnet ist<\/p>\n<p>&#8211; eine originalgetreue \u00dcbersetzung des Dokuments ins Italienische. Die \u00dcbersetzung kann von der betreffenden Person selbst oder von einem \u00dcbersetzer angefertigt werden; das Konsulat kann sich das Recht vorbehalten, die vom Antragsteller vorgelegten \u00dcbersetzungen zu genehmigen.<\/p>\n<p>&nbsp;<\/p>\n<p style=\"text-align: center;\">######<\/p>\n<p><strong>Wertigkeitserkl\u00e4rung<\/strong><\/p>\n<p>Ausl\u00e4nder und Italiener:innen mit Wohnsitz im Ausland k\u00f6nnen sich an italienischen\u00a0 Universit\u00e4ten einschreiben, indem sie beim Konsulat einen Antrag stellen, dem die vorgeschriebenen Unterlagen beigef\u00fcgt werden m\u00fcssen. Diese Unterlagen m\u00fcssen von den zust\u00e4ndigen italienischen Beh\u00f6rden auf der Grundlage der Bewertung der im Ausland erworbenen Abschl\u00fcsse genehmigt werden.<\/p>\n<p>Das Studentenb\u00fcro des Konsulats muss au\u00dferdem feststellen und bescheinigen, dass der Schulabschluss die Zulassung zum Studium in dem Land erm\u00f6glicht, in dem er erworben wurde (&#8222;Dichiarazione di valore&#8220;).<\/p>\n<p><strong>Formulare:<\/strong><\/p>\n<ul>\n<li><strong><a href=\"https:\/\/consfrancoforte.esteri.it\/wp-content\/uploads\/2025\/01\/Richiesta_dichiarazionedivalore_istruzioni.pdf\">Dichiarazione di valore (istruzioni)<\/a><\/strong><\/li>\n<li><strong><a href=\"https:\/\/consfrancoforte.esteri.it\/wp-content\/uploads\/2023\/08\/dvmodrichiesta_modITDEU.pdf\">Dichiarazione di valore (modulo\/Formular it-deu)<\/a>\u00a0<\/strong><\/li>\n<li><strong><a href=\"https:\/\/consfrancoforte.esteri.it\/wp-content\/uploads\/2025\/01\/Antrag_Wertigkeitserklarung_Anleitung-1.pdf\">Wertigkeitserkl\u00e4rung-Anleitung<\/a><\/strong><\/li>\n<li><strong><a href=\"https:\/\/consfrancoforte.esteri.it\/wp-content\/uploads\/2025\/01\/Request_declarationofvalue__instructions-1.pdf\">Declaration of Value-Instructions\u00a0<\/a><\/strong><\/li>\n<li><a href=\"https:\/\/consfrancoforte.esteri.it\/wp-content\/uploads\/2025\/03\/Elenco-traduttori-giurati-febbraio-2025.pdf\"><strong>Liste der beeidigten \u00dcbersetzer:innen\/Elenco traduttori giurati in lingua Italiana<\/strong><\/a><\/li>\n<\/ul>\n","protected":false},"excerpt":{"rendered":"In unserem Konsularbezirk gibt es zahlreiche M\u00f6glichkeiten, Italienisch in der Schule zu lernen. Nachfolgend einige wichtige Beispiele: VEREINBARUNG F\u00dcR DEN BILINGUALEN DEUTSCH-ITALIENISCHEN UNTERRICHT IN FRANKFURT Seit 1997 besteht zwischen dem Land Hessen und dem italienischen Generalkonsulat in Frankfurt\u00a0eine bilaterale Vereinbarung\u00a0f\u00fcr den bilingualen deutsch-italienischen Unterricht an einigen Schulen (drei Grundschulen, einem Gymnasium und, seit einiger Zeit, [&hellip;]","protected":false},"author":6,"featured_media":0,"parent":130,"menu_order":0,"comment_status":"closed","ping_status":"closed","template":"","meta":{"footnotes":""},"class_list":["post-399","page","type-page","status-publish","hentry"],"_links":{"self":[{"href":"https:\/\/consfrancoforte.esteri.it\/de\/wp-json\/wp\/v2\/pages\/399","targetHints":{"allow":["GET"]}}],"collection":[{"href":"https:\/\/consfrancoforte.esteri.it\/de\/wp-json\/wp\/v2\/pages"}],"about":[{"href":"https:\/\/consfrancoforte.esteri.it\/de\/wp-json\/wp\/v2\/types\/page"}],"author":[{"embeddable":true,"href":"https:\/\/consfrancoforte.esteri.it\/de\/wp-json\/wp\/v2\/users\/6"}],"replies":[{"embeddable":true,"href":"https:\/\/consfrancoforte.esteri.it\/de\/wp-json\/wp\/v2\/comments?post=399"}],"version-history":[{"count":6,"href":"https:\/\/consfrancoforte.esteri.it\/de\/wp-json\/wp\/v2\/pages\/399\/revisions"}],"predecessor-version":[{"id":9436,"href":"https:\/\/consfrancoforte.esteri.it\/de\/wp-json\/wp\/v2\/pages\/399\/revisions\/9436"}],"up":[{"embeddable":true,"href":"https:\/\/consfrancoforte.esteri.it\/de\/wp-json\/wp\/v2\/pages\/130"}],"wp:attachment":[{"href":"https:\/\/consfrancoforte.esteri.it\/de\/wp-json\/wp\/v2\/media?parent=399"}],"curies":[{"name":"wp","href":"https:\/\/api.w.org\/{rel}","templated":true}]}}