{"id":373,"date":"2023-10-28T11:47:45","date_gmt":"2023-10-28T09:47:45","guid":{"rendered":"https:\/\/consfrancoforte.esteri.it\/?page_id=373"},"modified":"2023-03-01T16:45:19","modified_gmt":"2023-03-01T15:45:19","slug":"unsere-kulturevents","status":"publish","type":"page","link":"https:\/\/consfrancoforte.esteri.it\/de\/italia-e-germania\/diplomazia-culturale\/unsere-kulturevents\/","title":{"rendered":"Unsere Kulturevents"},"content":{"rendered":"<p><img loading=\"lazy\" decoding=\"async\" class=\"alignnone wp-image-366 img-fluid aligncenter\" src=\"https:\/\/consfrancoforte.esteri.it\/wp-content\/uploads\/2023\/02\/lacittaideale-300x76.jpg\" alt=\"\" width=\"336\" height=\"85\" srcset=\"https:\/\/consfrancoforte.esteri.it\/wp-content\/uploads\/2023\/02\/lacittaideale-300x76.jpg 300w, https:\/\/consfrancoforte.esteri.it\/wp-content\/uploads\/2023\/02\/lacittaideale.jpg 565w\" sizes=\"auto, (max-width: 336px) 100vw, 336px\" \/><\/p>\n<p><strong>KULTUREVENTS DES ITALIENISCHEN GENERALKONSULATS FRANKFURT\/MAIN<\/strong><\/p>\n<p>Das Kulturb\u00fcro des Generalkonsulats bietet der deutschen und italienischen \u00d6ffentlichkeit in Zusammenarbeit mit verschiedenen institutionellen Partnern, Universit\u00e4ten, Museen und deutsch-italienischen Vereinen kulturelle Initiativen in verschiedenen Bereichen an, die von Literatur \u00fcber Film bis hin zu Musik und Wissenschaft reichen<\/p>\n<p>Eine bilinguale Fassung von dieser Seite mit dem <a href=\"https:\/\/consfrancoforte.esteri.it\/it\/italia-e-germania\/diplomazia-culturale\/i-nostri-eventi-culturali\/\">Programm der kommenden Veranstaltungen<\/a> <strong>ist in der italienische Sektion verf\u00fcgbar<\/strong>.<\/p>\n","protected":false},"excerpt":{"rendered":"KULTUREVENTS DES ITALIENISCHEN GENERALKONSULATS FRANKFURT\/MAIN Das Kulturb\u00fcro des Generalkonsulats bietet der deutschen und italienischen \u00d6ffentlichkeit in Zusammenarbeit mit verschiedenen institutionellen Partnern, Universit\u00e4ten, Museen und deutsch-italienischen Vereinen kulturelle Initiativen in verschiedenen Bereichen an, die von Literatur \u00fcber Film bis hin zu Musik und Wissenschaft reichen Eine bilinguale Fassung von dieser Seite mit dem Programm der kommenden [&hellip;]","protected":false},"author":6,"featured_media":0,"parent":130,"menu_order":0,"comment_status":"closed","ping_status":"closed","template":"","meta":{"footnotes":""},"class_list":["post-373","page","type-page","status-publish","hentry"],"_links":{"self":[{"href":"https:\/\/consfrancoforte.esteri.it\/de\/wp-json\/wp\/v2\/pages\/373","targetHints":{"allow":["GET"]}}],"collection":[{"href":"https:\/\/consfrancoforte.esteri.it\/de\/wp-json\/wp\/v2\/pages"}],"about":[{"href":"https:\/\/consfrancoforte.esteri.it\/de\/wp-json\/wp\/v2\/types\/page"}],"author":[{"embeddable":true,"href":"https:\/\/consfrancoforte.esteri.it\/de\/wp-json\/wp\/v2\/users\/6"}],"replies":[{"embeddable":true,"href":"https:\/\/consfrancoforte.esteri.it\/de\/wp-json\/wp\/v2\/comments?post=373"}],"version-history":[{"count":0,"href":"https:\/\/consfrancoforte.esteri.it\/de\/wp-json\/wp\/v2\/pages\/373\/revisions"}],"up":[{"embeddable":true,"href":"https:\/\/consfrancoforte.esteri.it\/de\/wp-json\/wp\/v2\/pages\/130"}],"wp:attachment":[{"href":"https:\/\/consfrancoforte.esteri.it\/de\/wp-json\/wp\/v2\/media?parent=373"}],"curies":[{"name":"wp","href":"https:\/\/api.w.org\/{rel}","templated":true}]}}