{"id":32,"date":"2023-02-03T15:03:17","date_gmt":"2023-02-03T14:03:17","guid":{"rendered":"https:\/\/consfrancoforte.esteri.it\/italia-e-germania\/"},"modified":"2023-02-03T18:50:20","modified_gmt":"2023-02-03T17:50:20","slug":"italia-e-germania","status":"publish","type":"page","link":"https:\/\/consfrancoforte.esteri.it\/de\/italia-e-germania\/","title":{"rendered":"Italien und Deutschland"},"content":{"rendered":"<p>Die deutsch-italienischen Beziehungen sind in allen Bereichen der bilateralen Zusammenarbeit sehr intensiv, sei es nun in Politik, Wirtschaft, Handel oder Wissenschaft, nicht zu vergessen auch der au\u00dferordentlich rege Kulturaustausch.<\/p>\n<p>Die Basis f\u00fcr diese freundschaftlichen und komplement\u00e4ren Beziehungen beh\u00e4lt im wechselvollen politischen und gesellschaftlichen Geschehen der Chronik beider L\u00e4nder stets festen Bestand.<\/p>\n<p>Weitere Infos finden Sie\u00a0<a href=\"http:\/\/www.ambberlino.esteri.it\/ambasciata_berlino\/de\/i_rapporti_bilaterali\/\"><strong>hier<\/strong><\/a>.<\/p>\n","protected":false},"excerpt":{"rendered":"Die deutsch-italienischen Beziehungen sind in allen Bereichen der bilateralen Zusammenarbeit sehr intensiv, sei es nun in Politik, Wirtschaft, Handel oder Wissenschaft, nicht zu vergessen auch der au\u00dferordentlich rege Kulturaustausch. Die Basis f\u00fcr diese freundschaftlichen und komplement\u00e4ren Beziehungen beh\u00e4lt im wechselvollen politischen und gesellschaftlichen Geschehen der Chronik beider L\u00e4nder stets festen Bestand. Weitere Infos finden Sie\u00a0hier.","protected":false},"author":1,"featured_media":0,"parent":0,"menu_order":0,"comment_status":"closed","ping_status":"closed","template":"","meta":{"footnotes":""},"class_list":["post-32","page","type-page","status-publish","hentry"],"_links":{"self":[{"href":"https:\/\/consfrancoforte.esteri.it\/de\/wp-json\/wp\/v2\/pages\/32","targetHints":{"allow":["GET"]}}],"collection":[{"href":"https:\/\/consfrancoforte.esteri.it\/de\/wp-json\/wp\/v2\/pages"}],"about":[{"href":"https:\/\/consfrancoforte.esteri.it\/de\/wp-json\/wp\/v2\/types\/page"}],"author":[{"embeddable":true,"href":"https:\/\/consfrancoforte.esteri.it\/de\/wp-json\/wp\/v2\/users\/1"}],"replies":[{"embeddable":true,"href":"https:\/\/consfrancoforte.esteri.it\/de\/wp-json\/wp\/v2\/comments?post=32"}],"version-history":[{"count":0,"href":"https:\/\/consfrancoforte.esteri.it\/de\/wp-json\/wp\/v2\/pages\/32\/revisions"}],"wp:attachment":[{"href":"https:\/\/consfrancoforte.esteri.it\/de\/wp-json\/wp\/v2\/media?parent=32"}],"curies":[{"name":"wp","href":"https:\/\/api.w.org\/{rel}","templated":true}]}}