{"id":268,"date":"2023-02-03T20:28:47","date_gmt":"2023-02-03T19:28:47","guid":{"rendered":"https:\/\/consfrancoforte.esteri.it\/servizi-consolari-e-visti\/servizi-per-il-cittadino-italiano\/emergency-travel-documents-etd\/"},"modified":"2026-04-15T15:54:57","modified_gmt":"2026-04-15T13:54:57","slug":"emergency-travel-documents-etd","status":"publish","type":"page","link":"https:\/\/consfrancoforte.esteri.it\/de\/servizi-consolari-e-visti\/servizi-per-il-cittadino-italiano\/emergency-travel-documents-etd\/","title":{"rendered":"Emergency Travel Documents (ETD)"},"content":{"rendered":"<p><strong>WAS IST EIN EMERGENCY TRAVEL DOCUMENT (ETD)?<\/strong><\/p>\n<p>Das Emergency Travel Document (ETD) ist ein Reisedokument, das italienischen Staatsangeh\u00f6rigen und EU-B\u00fcrgern ausgestellt wird, die sich in Drittl\u00e4ndern aufhalten und deren Reisepass oder Reisedokument verloren gegangen, gestohlen oder zerst\u00f6rt wurde oder nicht innerhalb einer angemessenen Frist beschafft werden kann.<\/p>\n<p>Es handelt sich um ein vorl\u00e4ufiges Dokument, dessen G\u00fcltigkeit auf die Zeit beschr\u00e4nkt ist, die f\u00fcr die R\u00fcckkehr nach Italien oder, in Ausnahmef\u00e4llen, in das Wohnsitzland unbedingt erforderlich ist.<\/p>\n<p>Das ETD kann auch an Staatsangeh\u00f6rige von Mitgliedstaaten der Europ\u00e4ischen Union ausgestellt werden, sofern zuvor eine formelle Genehmigung durch eine diplomatische oder konsularische Vertretung oder das Au\u00dfenministerium des Heimatlandes des Antragstellers eingeholt wurde.<\/p>\n<p>Es wird daran erinnert, dass <strong>das ETD<\/strong> gem\u00e4\u00df den geltenden Vorschriften ein Reisedokument ist, das nur f\u00fcr eine einzige R\u00fcckreise nach Italien oder in den Staat des st\u00e4ndigen Wohnsitzes oder, in Ausnahmef\u00e4llen, zu einem anderen Zielort g\u00fcltig ist, wobei <strong>die G\u00fcltigkeitsdauer maximal 15 Tage betr\u00e4gt<\/strong>. Es ist daher erforderlich, sich erst kurz vor der geplanten Abreise zu unseren B\u00fcros zu begeben (auch ohne Termin).<\/p>\n<p>Der Antrag auf ein ETD wird mit diesem<a href=\"https:\/\/consfrancoforte.esteri.it\/wp-content\/uploads\/2025\/12\/ETD_Nuovomodulo.pdf\"> Formular<\/a> gestellt und muss folgende Unterlagen enthalten:<\/p>\n<ul>\n<li>\u2013 Anzeige des Diebstahls, des Verlusts oder der Zerst\u00f6rung des Reisepasses oder eines anderen Reisedokuments bei der \u00f6rtlichen Polizeibeh\u00f6rde;<\/li>\n<li>\u2013 Kopie (auch digital) des oben genannten Dokuments oder eines anderen Ausweises\u00a0\u00a0\u00a0\u00a0 (falls dieses nicht vorliegt, m\u00fcssen Sie sich in Begleitung von zwei Zeugen, die zur Best\u00e4tigung der Identit\u00e4t des Antragstellers einen Ausweis mit sich f\u00fchren m\u00fcssen, zu unseren B\u00fcros begeben);<\/li>\n<li>\u2013 1 Standardfotos gem\u00e4\u00df ICAO-Vorgaben;<\/li>\n<li>\u2013 Reisedokument (sofern m\u00f6glich)<\/li>\n<\/ul>\n<p>Die ETD wird ab dem 09.12.2025 kostenlos ausgestellt.<\/p>\n<p>Es ist daher erforderlich, sich erst kurz vor der geplanten Abreise in unseren B\u00fcros zu melden (auch ohne Terminvereinbarung).<\/p>\n<p><strong>Informationen zur Einreise in die Vereinigten Staaten von Amerika (USA)<\/strong><\/p>\n<p>Wir weisen unsere Staatsb\u00fcrger darauf hin, dass das Generalkonsulat keine Einreiseinformationen sowie Informationen bez\u00fcglich der Visaausstellungen f\u00fcr die USA erteilt. Wir verweisen hierf\u00fcr auf die zust\u00e4ndigen Internetseiten des Consulate General of the United States in Frankfurt, des\u00a0<a href=\"http:\/\/www.state.gov\/\">U.S. Department of State<\/a>\u00a0und des\u00a0<a href=\"https:\/\/esta.cbp.dhs.gov\/esta\/\">ESTA &#8211; Electronic System for Travel Authorization<\/a>.<br \/>\nEin g\u00fcltiger biometrischer Reisepass mit Fingerabdruck und die elektronische Einreisegenehmigung (ESTA &#8211; Electronic System for Travel Authorization) sind jedenfalls erforderlich.<\/p>\n","protected":false},"excerpt":{"rendered":"WAS IST EIN EMERGENCY TRAVEL DOCUMENT (ETD)? Das Emergency Travel Document (ETD) ist ein Reisedokument, das italienischen Staatsangeh\u00f6rigen und EU-B\u00fcrgern ausgestellt wird, die sich in Drittl\u00e4ndern aufhalten und deren Reisepass oder Reisedokument verloren gegangen, gestohlen oder zerst\u00f6rt wurde oder nicht innerhalb einer angemessenen Frist beschafft werden kann. Es handelt sich um ein vorl\u00e4ufiges Dokument, dessen [&hellip;]","protected":false},"author":3,"featured_media":0,"parent":125,"menu_order":2,"comment_status":"closed","ping_status":"closed","template":"","meta":{"footnotes":""},"class_list":["post-268","page","type-page","status-publish","hentry"],"_links":{"self":[{"href":"https:\/\/consfrancoforte.esteri.it\/de\/wp-json\/wp\/v2\/pages\/268","targetHints":{"allow":["GET"]}}],"collection":[{"href":"https:\/\/consfrancoforte.esteri.it\/de\/wp-json\/wp\/v2\/pages"}],"about":[{"href":"https:\/\/consfrancoforte.esteri.it\/de\/wp-json\/wp\/v2\/types\/page"}],"author":[{"embeddable":true,"href":"https:\/\/consfrancoforte.esteri.it\/de\/wp-json\/wp\/v2\/users\/3"}],"replies":[{"embeddable":true,"href":"https:\/\/consfrancoforte.esteri.it\/de\/wp-json\/wp\/v2\/comments?post=268"}],"version-history":[{"count":5,"href":"https:\/\/consfrancoforte.esteri.it\/de\/wp-json\/wp\/v2\/pages\/268\/revisions"}],"predecessor-version":[{"id":9349,"href":"https:\/\/consfrancoforte.esteri.it\/de\/wp-json\/wp\/v2\/pages\/268\/revisions\/9349"}],"up":[{"embeddable":true,"href":"https:\/\/consfrancoforte.esteri.it\/de\/wp-json\/wp\/v2\/pages\/125"}],"wp:attachment":[{"href":"https:\/\/consfrancoforte.esteri.it\/de\/wp-json\/wp\/v2\/media?parent=268"}],"curies":[{"name":"wp","href":"https:\/\/api.w.org\/{rel}","templated":true}]}}