{"id":267,"date":"2023-02-03T20:31:34","date_gmt":"2023-02-03T19:31:34","guid":{"rendered":"https:\/\/consfrancoforte.esteri.it\/servizi-consolari-e-visti\/servizi-per-il-cittadino-straniero\/cittadinanza\/"},"modified":"2025-07-03T11:49:20","modified_gmt":"2025-07-03T09:49:20","slug":"cittadinanza","status":"publish","type":"page","link":"https:\/\/consfrancoforte.esteri.it\/de\/servizi-consolari-e-visti\/servizi-per-il-cittadino-straniero\/cittadinanza\/","title":{"rendered":"Staatsangeh\u00f6rigkeit"},"content":{"rendered":"<div class=\"entry-content\">\n<p><a href=\"https:\/\/www.esteri.it\/it\/servizi-consolari-e-visti\/italiani-all-estero\/cittadinanza\/\" target=\"_blank\" rel=\"noopener\">F\u00fcr allgemeine Informationen auf der Webseite des italienischen Au\u00dfenministeriums (MAECI) bitte hier klicken<\/a><\/p>\n<p>Die italienische Staatsangeh\u00f6rigkeit wird derzeit durch das Gesetz Nr. 91 vom 5. Februar 1992 geregelt.<br \/>\nDie italienische Staatsangeh\u00f6rigkeit basiert auf dem Prinzip des\u00a0<em>jus sanguinis<\/em>\u00a0(nach Abstammung), demzufolge das Kind eines italienischen Vaters oder einer italienischen Mutter unabh\u00e4ngig vom Geburtsort ebenfalls die italienische Staatsangeh\u00f6rigkeit hat.<br \/>\nAu\u00dfer durch Abstammung kann die italienische Staatsangeh\u00f6rigkeit nach geltendem Recht auch unter bestimmten anderen Umst\u00e4nden erworben werden.<br \/>\nDie Nachpr\u00fcfung und Entgegennahme von Einb\u00fcrgerungsantr\u00e4gen erfolgen ausschlie\u00dflich durch die f\u00fcr den Wohnort des Antragstellers zust\u00e4ndige Dienststelle.<\/p>\n<p>Wegen der Vielfalt der F\u00e4lle und Komplexit\u00e4t der Antragsbearbeitung wird Einb\u00fcrgerungsbewerbern mit Wohnsitz in den L\u00e4ndern Hessen, Rheinland Pfalz, Saarland und Unterfranken vorher per Mail an <strong><a href=\"mailto:cittadinanza.francoforte@esteri.it\">cittadinanza.francoforte@esteri.it <\/a><\/strong>einen Termin zu vereinbaren.<\/p>\n<p>Mit Wirkung vom 5. Oktober 2018 hat sich gem\u00e4\u00df Art. 9-bis des Gesetzes 91\/92 der durch Art. 1 des Gesetzes Nr. 94\/2009 eingef\u00fchrte Beitrag f\u00fcr Antr\u00e4ge oder Erkl\u00e4rungen zu Wahl, Erwerb, Neuerwerb, Verzicht oder Zuerkennung der italienischen Staatsangeh\u00f6rigkeit von 200,- EUR (zweihundert) auf 250,- EUR (zweihundertf\u00fcnfzig) erh\u00f6ht.<\/p>\n<p>Die wichtigsten F\u00e4lle:<br \/>\n\u2013\u00a0<a class=\"\" href=\"https:\/\/ambberlino.esteri.it\/de\/servizi-consolari-e-visti\/servizi-per-il-cittadino-straniero\/cittadinanza\/cittadinanza-iure-sanguinis\/\" data-focus-mouse=\"false\">Staatsangeh\u00f6rigkeit durch Abstammung (Iure Sanguinis)<\/a><br \/>\n\u2013\u00a0<a href=\"https:\/\/ambberlino.esteri.it\/de\/servizi-consolari-e-visti\/servizi-per-il-cittadino-straniero\/cittadinanza\/erwerb-der-staatsangehoerigkeit-wegen-eheschliessung\/\">Erwerb der Staatsangeh\u00f6rigkeit wegen Eheschliessung<\/a><br \/>\n\u2013\u00a0<a href=\"https:\/\/ambberlino.esteri.it\/de\/servizi-consolari-e-visti\/servizi-per-il-cittadino-straniero\/cittadinanza\/wiedererwerb-der-italienischen-staatsangehoerigkeit\/\">Wiedererwerb der italienischen Staatsangeh\u00f6rigkeit (nach deren Verlust)<\/a><\/p>\n<p><strong>Datenschutz-Grundverordnung (EU) 2016\/679<\/strong><br \/>\n<a href=\"https:\/\/ambberlino.esteri.it\/wp-content\/uploads\/2023\/01\/informativa_cittadinanza_deu_.pdf\" target=\"_blank\" rel=\"noopener\">Informationsblatt zum Schutz nat\u00fcrlicher Personen hinsichtlich der Verarbeitung personenbezogener Daten zum Zwecke der Anerkennung der italienischen Staatsangeh\u00f6rigkeit durch Abstammung\/Herkunft oder ihres Erwerbs durch Einb\u00fcrgerungoder ihres Erwerbs durch Einb\u00fcrgerung<\/a> (auf Italienisch)<\/p>\n<p>&nbsp;<\/p>\n<\/div>\n<p>&nbsp;<\/p>\n<p>&nbsp;<\/p>\n","protected":false},"excerpt":{"rendered":"F\u00fcr allgemeine Informationen auf der Webseite des italienischen Au\u00dfenministeriums (MAECI) bitte hier klicken Die italienische Staatsangeh\u00f6rigkeit wird derzeit durch das Gesetz Nr. 91 vom 5. Februar 1992 geregelt. Die italienische Staatsangeh\u00f6rigkeit basiert auf dem Prinzip des\u00a0jus sanguinis\u00a0(nach Abstammung), demzufolge das Kind eines italienischen Vaters oder einer italienischen Mutter unabh\u00e4ngig vom Geburtsort ebenfalls die italienische Staatsangeh\u00f6rigkeit [&hellip;]","protected":false},"author":3,"featured_media":0,"parent":127,"menu_order":2,"comment_status":"closed","ping_status":"closed","template":"","meta":{"footnotes":""},"class_list":["post-267","page","type-page","status-publish","hentry"],"_links":{"self":[{"href":"https:\/\/consfrancoforte.esteri.it\/de\/wp-json\/wp\/v2\/pages\/267","targetHints":{"allow":["GET"]}}],"collection":[{"href":"https:\/\/consfrancoforte.esteri.it\/de\/wp-json\/wp\/v2\/pages"}],"about":[{"href":"https:\/\/consfrancoforte.esteri.it\/de\/wp-json\/wp\/v2\/types\/page"}],"author":[{"embeddable":true,"href":"https:\/\/consfrancoforte.esteri.it\/de\/wp-json\/wp\/v2\/users\/3"}],"replies":[{"embeddable":true,"href":"https:\/\/consfrancoforte.esteri.it\/de\/wp-json\/wp\/v2\/comments?post=267"}],"version-history":[{"count":2,"href":"https:\/\/consfrancoforte.esteri.it\/de\/wp-json\/wp\/v2\/pages\/267\/revisions"}],"predecessor-version":[{"id":7037,"href":"https:\/\/consfrancoforte.esteri.it\/de\/wp-json\/wp\/v2\/pages\/267\/revisions\/7037"}],"up":[{"embeddable":true,"href":"https:\/\/consfrancoforte.esteri.it\/de\/wp-json\/wp\/v2\/pages\/127"}],"wp:attachment":[{"href":"https:\/\/consfrancoforte.esteri.it\/de\/wp-json\/wp\/v2\/media?parent=267"}],"curies":[{"name":"wp","href":"https:\/\/api.w.org\/{rel}","templated":true}]}}