{"id":266,"date":"2023-02-03T20:31:23","date_gmt":"2023-02-03T19:31:23","guid":{"rendered":"https:\/\/consfrancoforte.esteri.it\/servizi-consolari-e-visti\/servizi-per-il-cittadino-straniero\/visti\/"},"modified":"2024-05-06T17:30:43","modified_gmt":"2024-05-06T15:30:43","slug":"visti","status":"publish","type":"page","link":"https:\/\/consfrancoforte.esteri.it\/de\/servizi-consolari-e-visti\/servizi-per-il-cittadino-straniero\/visti\/","title":{"rendered":"Visum f\u00fcr Italien"},"content":{"rendered":"<p><strong>BITTE BEACHTEN:<\/strong>\u00a0Die Informationen dieser Webseite gelten\u00a0<strong>lediglich f\u00fcr nicht-EU Staatsb\u00fcrger<\/strong>, die in Deutschland ans\u00e4ssig sind und ein Visum f\u00fcr die Einreise nach Italien ben\u00f6tigen. Italienische Staatsb\u00fcrger, die Informationen bez\u00fcglich der Visabestimmungen f\u00fcr andere L\u00e4nder ben\u00f6tigen, m\u00fcssen sich an die Auslandsvertretungen (Botschaft oder Konsulat) der jeweiligen L\u00e4nder wenden. Allgemeine L\u00e4nder- und Visainformationen in italienischer Sprache finden Sie auch unter\u00a0<a href=\"https:\/\/www.viaggiaresicuri.it\/home\">www.viaggiaresicuri.it<\/a>.<\/p>\n<p>&nbsp;<\/p>\n<p><strong>INFORMATION FOR VISA APPLICANTS<\/strong><\/p>\n<p>We strongly recommend you to have a look to the <strong>Visa Information Website<\/strong>\u00a0of the Italian Foreign Ministry, in which you can find many information on visa application and procedures. This website is available in many languages:\u00a0<a href=\"http:\/\/vistoperitalia.esteri.it\/\">http:\/\/vistoperitalia.esteri.it<\/a>.<\/p>\n<p>In order to apply for a visa, you must book an appointment at this General Consulate using the following online platform:\u00a0<a href=\"https:\/\/prenotami.esteri.it\/\">https:\/\/prenotami.esteri.it<\/a><\/p>\n<p>Visa application\u00a0<strong>forms<\/strong>\u00a0can be downloaded from the following internet website:\u00a0<a href=\"https:\/\/consfrancoforte.esteri.it\/it\/servizi-consolari-e-visti\/servizi-per-il-cittadino-italiano\/altri-servizi\/modulistica\/\">https:\/\/consfrancoforte.esteri.it\/it\/servizi-consolari-e-visti\/servizi-per-il-cittadino-italiano\/altri-servizi\/modulistica\/<\/a><\/p>\n<p>Please, take a look at our\u00a0<a href=\"https:\/\/consfrancoforte.esteri.it\/wp-content\/uploads\/2023\/07\/Informativa-TDP-visti-ENG.pdf\">notice on data protection<\/a><\/p>\n<p>&nbsp;<\/p>\n<p><strong>FREQUENTLY ASKED QUESTIONS<\/strong><\/p>\n<p><strong>DOCUMENTS AND CERTIFICATES.<\/strong> All documents must be presented in original; <u>a photocopy is also required<\/u>. This also includes the applicants passports and German residence permits.<\/p>\n<p><strong>PASSPORTS AND TRAVEL DOCUMENTS. M<\/strong>ake sure that your passport has a validity of at least three months beyond the visa you are applying for. Also, make sure that at least two empty \u2018VISA\u2019 pages are left.<\/p>\n<p><strong>\u00a0<\/strong><strong>MINORS.<\/strong> If one or both parents do not appear in person on the application day, a parental consent notarised by a German notary is mandatory.<\/p>\n<p><strong>\u00a0<\/strong><strong>VISA FEE<\/strong>. Visa fees are payable in cash (euro) and <u>Maestro<\/u> card at the Visa Office of this Consulate.<\/p>\n<p><strong>ERASMUS STUDENTS<\/strong>. Erasmus students (enrolled in a German University) that aim to spend in Italy up to 1 year to integrate their German study programme do not need an Italian visa. Erasmus students are only required to register at the local Questura within 8 working days from their entry in Italy.<\/p>\n<p><strong>STUDY VISA<\/strong>. Students who aim to enroll in an Italian University must apply for a visa within the 29th of November. <strong>ATTENTION<\/strong>: A certified B2-level knowledge of Italian or English (depending on the classes which will be attended) is required.<\/p>\n<p><strong>APPOINTMENTS FOR FAMILIES<\/strong>. Families are allowed to book 1 single appointment for all its members.<\/p>\n<p>&nbsp;<\/p>\n<p><strong>CONTACTS:<\/strong><\/p>\n<p>e-mail:\u00a0<a href=\"mailto:visti.francoforte@esteri.it\">visti.francoforte@esteri.it<\/a><\/p>\n","protected":false},"excerpt":{"rendered":"BITTE BEACHTEN:\u00a0Die Informationen dieser Webseite gelten\u00a0lediglich f\u00fcr nicht-EU Staatsb\u00fcrger, die in Deutschland ans\u00e4ssig sind und ein Visum f\u00fcr die Einreise nach Italien ben\u00f6tigen. Italienische Staatsb\u00fcrger, die Informationen bez\u00fcglich der Visabestimmungen f\u00fcr andere L\u00e4nder ben\u00f6tigen, m\u00fcssen sich an die Auslandsvertretungen (Botschaft oder Konsulat) der jeweiligen L\u00e4nder wenden. Allgemeine L\u00e4nder- und Visainformationen in italienischer Sprache finden Sie [&hellip;]","protected":false},"author":3,"featured_media":0,"parent":127,"menu_order":0,"comment_status":"closed","ping_status":"closed","template":"","meta":{"footnotes":""},"class_list":["post-266","page","type-page","status-publish","hentry"],"_links":{"self":[{"href":"https:\/\/consfrancoforte.esteri.it\/de\/wp-json\/wp\/v2\/pages\/266","targetHints":{"allow":["GET"]}}],"collection":[{"href":"https:\/\/consfrancoforte.esteri.it\/de\/wp-json\/wp\/v2\/pages"}],"about":[{"href":"https:\/\/consfrancoforte.esteri.it\/de\/wp-json\/wp\/v2\/types\/page"}],"author":[{"embeddable":true,"href":"https:\/\/consfrancoforte.esteri.it\/de\/wp-json\/wp\/v2\/users\/3"}],"replies":[{"embeddable":true,"href":"https:\/\/consfrancoforte.esteri.it\/de\/wp-json\/wp\/v2\/comments?post=266"}],"version-history":[{"count":2,"href":"https:\/\/consfrancoforte.esteri.it\/de\/wp-json\/wp\/v2\/pages\/266\/revisions"}],"predecessor-version":[{"id":3279,"href":"https:\/\/consfrancoforte.esteri.it\/de\/wp-json\/wp\/v2\/pages\/266\/revisions\/3279"}],"up":[{"embeddable":true,"href":"https:\/\/consfrancoforte.esteri.it\/de\/wp-json\/wp\/v2\/pages\/127"}],"wp:attachment":[{"href":"https:\/\/consfrancoforte.esteri.it\/de\/wp-json\/wp\/v2\/media?parent=266"}],"curies":[{"name":"wp","href":"https:\/\/api.w.org\/{rel}","templated":true}]}}