{"id":263,"date":"2023-02-03T20:31:33","date_gmt":"2023-02-03T19:31:33","guid":{"rendered":"https:\/\/consfrancoforte.esteri.it\/servizi-consolari-e-visti\/servizi-per-il-cittadino-italiano\/codice-fiscale\/"},"modified":"2026-04-15T12:03:15","modified_gmt":"2026-04-15T10:03:15","slug":"codice-fiscale","status":"publish","type":"page","link":"https:\/\/consfrancoforte.esteri.it\/de\/servizi-consolari-e-visti\/servizi-per-il-cittadino-italiano\/codice-fiscale\/","title":{"rendered":"Italienische Steuernummer (codice fiscale)"},"content":{"rendered":"<p><span style=\"text-decoration: underline; color: #ff0000;\">Bitte beachten Sie, dass die Steuernummer automatisch auf der Italienische ELEKTRONISCHEN IDENTIT\u00c4TSKARTE (CIE) eingetragen ist.<\/span><\/p>\n<div class=\"entry-content\">\n<p>Ab dem <strong>15.07.2024<\/strong> m\u00fcssen die \u00a0Italiener:innen, die im Konsularbezirk Frankfurt am Main im \u00a0AIRE \u2013 Register \u00a0(Register der im Ausland ans\u00e4ssigen Italiener)\u00a0 registriert sind, die Bescheinigung \u00fcber die Steuernummer f\u00fcr sich und eventuelle minderj\u00e4hrige Kinder direkt \u00fcber das Portal <a href=\"http:\/\/Ab dem 15.07.2024 k\u00f6nnen die \u00a0Italiener, die im Konsularbezirk Freiburg im \u00a0AIRE \u2013 Register \u00a0(Register der im Ausland ans\u00e4ssigen Italiener)\u00a0 registriert sind, die Bescheinigung \u00fcber die Steuernummer f\u00fcr sich und eventuelle minderj\u00e4hrige Kinder direkt \u00fcber das Portal Fast it herunterladen. Wie das geht? 1.Loggen Sie sich in das Fast It Portal ein; 2.Klicken Sie auf \u201eKonsulatsregister und AIRE\u201c und dann auf \u201eZuweisung Steuernummer\u201c; 3.Best\u00e4tigen Sie die Daten und starten Sie den Antrag; 4.Laden Sie die Bescheinigung \u00fcber die Zuweisung der Steuernummer herunter. Wenn Sie die Zuweisungsbescheinigung f\u00fcr die Steuernummer nicht herunterladen k\u00f6nnen: 1.Registrieren Sie sich auf dem Fast It-Portal oder melden Sie sich an, wenn Sie bereits ein aktives Konto haben; 2.Beantragen Sie die \u201eOnline Vereinigung\u201c, indem Sie auf \u201eKonsulatsregister und AIRE\u201c und dann auf \u201eihre Dateien\u00a0 einsehen\u201c klicken; 3.Innerhalb weniger Tage erhalten Sie die Nachricht \u00fcber die erfolgreiche Zuordnung in Ihrer Mailbox. 4.Loggen Sie sich wieder in das Portal ein und laden Sie das Zertifikat herunter.\"><strong>Fast it<\/strong><\/a> herunterladen.<\/p>\n<\/div>\n<p><strong>Italienische Steuernummer (codice fiscale)<\/strong><\/p>\n<ol>\n<li><strong>\u00a0\u00a0\u00a0\u00a0\u00a0\u00a0\u00a0\u00a0\u00a0\u00a0\u00a0 Was ist das?<\/strong><\/li>\n<li><strong>\u00a0\u00a0\u00a0\u00a0\u00a0\u00a0\u00a0\u00a0\u00a0\u00a0\u00a0 Wozu braucht man sie?<\/strong><\/li>\n<li><strong>\u00a0\u00a0\u00a0\u00a0\u00a0\u00a0\u00a0\u00a0\u00a0\u00a0\u00a0 Wie beantragt man sie?\u00a0 <\/strong><\/li>\n<\/ol>\n<ol>\n<li><strong>Was ist das?<\/strong><\/li>\n<\/ol>\n<p>Die italienische Steuernummer (Codice fiscale) ist ein von der italienischen Steuerbeh\u00f6rde (Agenzia delle Entrate) ausgestellter Code aus Buchstaben und Zahlen. Sie dient dazu, den B\u00fcrger (Italiener oder Ausl\u00e4nder) in den Beziehungen mit der \u00f6ffentlichen Verwaltung, Privatpersonen und K\u00f6rperschaften Italiens zu identifizieren. F\u00fcr nat\u00fcrliche Personen wird die italienische Steuernummer auf der Grundlage pers\u00f6nlicher Daten erstellt.<\/p>\n<ol>\n<li><strong>Wozu braucht man sie?<\/strong><\/li>\n<\/ol>\n<p>Bei jeder administrativen Verpflichtung wie etwa die Begleichung von Steuern, Abgaben, Geb\u00fchren usw. oder auch bei Gesch\u00e4ftst\u00e4tigkeiten jeglicher Art (Annahme von Erbschaften, Vertr\u00e4ge mit \u00f6ffentlichen oder privaten Einrichtungen, Beantragung von Finanzierungen, Sponsoring, Vermietung oder \u00dcberlassung von Immobilien usw.) ist die handelnde Person verpflichtet, ihre italienische Steuernummer anzugeben.<\/p>\n<ol>\n<li><strong>Wie beantragt man sie?<\/strong><\/li>\n<\/ol>\n<p><u>IM AIRE EINGETRAGENE ITALIENISCHE STAATSB\u00dcRGER MIT WOHNSITZ IM AUSLAND<\/u><\/p>\n<p>Vollj\u00e4hrige italienische Staatsangeh\u00f6rige, die im AIRE eingetragen sind, k\u00f6nnen \u00fcber das Online-Portal Fast-it eine <strong>italienische Steuernummer<\/strong> f\u00fcr sich selbst und ihre minderj\u00e4hrigen Kinder <strong>beantragen<\/strong>. Daf\u00fcr m\u00fcssen sie lediglich auf den entsprechenden Bereich zugreifen und den Anweisungen folgen. Ebenfalls \u00fcber das <a href=\"https:\/\/serviziconsolari.esteri.it\/ScoFE\/services\/service-info.sco?serviceId=95&amp;sCode=GCF#_blank\"><strong>Fast-it-Portal<\/strong><\/a> k\u00f6nnen Sie die Bescheinigung \u00fcber Zuweisung einer italienischen Steuernummer herunterladen, sobald die Bearbeitung des Antrags abgeschlossen ist.<\/p>\n<p><strong><em>Wie?<\/em><\/strong><\/p>\n<ol>\n<li>Verbinden Sie sich mit dem <a href=\"https:\/\/serviziconsolari.esteri.it\/ScoFE\/services\/service-info.sco?serviceId=95&amp;sCode=GCF#_blank\">Fast-it-Portal<\/a>.<\/li>\n<li>Klicken Sie auf \u201eAnagrafe Consolare e AIRE\u201c (Konsularverzeichnis und AIRE) und dann auf \u201eAttribuzione Codice Fiscale\u201c (Zuweisung einer Steuernummer).<\/li>\n<li>Best\u00e4tigen Sie die Daten und starten Sie den Antrag.<\/li>\n<li>Nach Bearbeitung des Antrags durch das Konsulat k\u00f6nnen Sie die Bescheinigung \u00fcber die Zuweisung der Steuernummer selbst herunterladen.<\/li>\n<\/ol>\n<p><strong><em>Wenn Sie die Bescheinigung \u00fcber die Zuweisung der Steuernummer nicht herunterladen k\u00f6nnen:<\/em><\/strong><\/p>\n<ol>\n<li>Registrieren Sie sich auf dem\u00a0<a href=\"https:\/\/serviziconsolari.esteri.it\/#_blank\">FAST-IT-Portal<\/a>, oder melden Sie sich an, wenn Sie bereits einen aktiven Account haben.<\/li>\n<li>Beantragen Sie die \u201eAssociazione Online\u201c (Online-Verkn\u00fcpfung), indem Sie auf \u201eAnagrafe Consolare e AIRE\u201c (Konsularverzeichnis und AIRE) und dann auf \u201eVisualizzare la propria scheda anagrafica\u201d (Eintrag Ihrer personenbezogenen Daten anzeigen) klicken.<\/li>\n<li>Sie erhalten eine E-Mail zur Best\u00e4tigung der erfolgten Verkn\u00fcpfung.<\/li>\n<li>Melden Sie sich erneut auf dem Portal an und laden Sie die Bescheinigung herunter.<\/li>\n<\/ol>\n<p>Vollj\u00e4hrige B\u00fcrger, die im AIRE registriert sind und bereits eine italienische Steuernummer haben, k\u00f6nnen <strong>die Bescheinigung \u00fcber die Zuweisung einer Steuernummer direkt \u00fcber das Online-Portal Fast-it herunterladen<\/strong>. Dazu m\u00fcssen sie nur auf den entsprechenden Bereich zugreifen und den Anweisungen zur Beantragung einer Steuernummer folgen. In diesem Fall ist die Unterst\u00fctzung des Konsulats f\u00fcr die Ausstellung der Bescheinigung nicht erforderlich.<\/p>\n<p>Wer auch die <strong>Karte mit der Steuernummer (tesserino del codice fiscale)<\/strong> erhalten m\u00f6chte, muss sowohl eine italienische Steuernummer als auch die Karte dazu beantragen. Daf\u00fcr ist das entsprechende Formular zusammen mit einer Kopie eines Ausweisdokuments einzureichen.<\/p>\n<p>Bei <strong>Verlust oder Zerst\u00f6rung der Bescheinigung in Papierform oder der Plastikkarte<\/strong> kann ein Duplikat in gleicher Weise wie die urspr\u00fcngliche Zuweisung beantragt werden.<\/p>\n<p><strong><u>AUSL\u00c4NDISCHE STAATSANGEH\u00d6RIGE, DIE NICHT IN ITALIEN ANS\u00c4SSIG SIND<\/u><\/strong><\/p>\n<p><strong>Ausl\u00e4ndische Staatsangeh\u00f6rige, die eine Steuernummer f\u00fcr den Kauf von Immobilien oder f\u00fcr andere kommerzielle\/finanzielle Aktivit\u00e4ten oder sonstige Rechtsgesch\u00e4fte<\/strong>\u00a0in Italien ben\u00f6tigen, k\u00f6nnen einen Vertreter beauftragen, der die Steuernummer in ihrem Namen bei der <a href=\"https:\/\/www.agenziaentrate.gov.it\/portale\/web\/deutsch\">italienischen Steuerbeh\u00f6rde<\/a> beantragt.<\/p>\n<p><strong>F\u00dcR DEN KAUF-VERKAUF UND DIE ANMIETUNG VON IMMOBILIEN IN ITALIEN<br \/>\n<\/strong><\/p>\n<p><strong>Der Antrag muss pers\u00f6nlich oder durch eine bevollm\u00e4chtigte Person (Notar, Anwalt, Steuerberater, Immobilienmakler, \u2026) bei einer beliebigen <a href=\"https:\/\/www.agenziaentrate.gov.it\/portale\/web\/deutsch\">Dienststelle der<\/a> <a href=\"https:\/\/www.agenziaentrate.gov.it\/portale\/lista-uffici\" target=\"_blank\" rel=\"noopener\">Agenzia delle Entrate<\/a> (Amt f\u00fcr Steuer) gestellt\u00a0 werden.<\/strong><\/p>\n<p>Ausl\u00e4ndische Staatsangeh\u00f6rige, die eine Steuernummer f\u00fcr die <strong>Einleitung eines Gerichtsverfahrens in Italien<\/strong> ben\u00f6tigen, k\u00f6nnen dem von ihnen beauftragten Rechtsanwalt, die Beantragung der Steuernummer bei einer beliebigen Dienststelle der italienischen Steuerbeh\u00f6rde \u00fcbertragen.<\/p>\n<p>Die Adressen der Dienststellen der Agenzia delle Entrate finden Sie im Internet unter <a href=\"http:\/\/www.agenziaentrate.it\">www.agenziaentrate.it<\/a><\/p>\n<p><strong>Staatsangeh\u00f6rige aus EU-L\u00e4ndern, die einen Aufenthalt in Italien planen,<\/strong> m\u00fcssen f\u00fcr die Beantragung der italienischen Steuernummer das Formular AA4\/8 bei einem \u00f6rtlichen B\u00fcro der italienischen Steuerbeh\u00f6rde einreichen. Der Antrag muss begr\u00fcndet sein. Au\u00dferdem ist ein g\u00fcltiges Ausweisdokument (Reisepass oder f\u00fcr die Ausreise g\u00fcltiger Personalausweis) beizuf\u00fcgen.<\/p>\n<p><strong>STUDIERENDE<\/strong>, die f\u00fcr die Vor-Immatrikulation an der Universit\u00e4t eine Steuernummer ben\u00f6tigen, k\u00f6nnen diese automatisch auf dem Portal <a href=\"https:\/\/www.universitaly.it\/\"><strong>UNIVERSITALY<\/strong><\/a> bei der Vor-Immatrikulation beantragen. Die Zuweisung der Steuernummer kann folgenderma\u00dfen abgeschlossen werden:<\/p>\n<p><u>f\u00fcr Studierende aus Nicht-EU-L\u00e4ndern;<\/u> beim Sportello Unico dell\u2019Immigrazione (zentrale Anlaufstelle f\u00fcr Einwanderung) oder bei der Questura (Polizeipr\u00e4sidium) zum Zeitpunkt der Beantragung der Aufenthaltserlaubnis oder<\/p>\n<p><u>f\u00fcr Studierende aus EU-L\u00e4ndern;<\/u> durch Vorlage des Formulars <a href=\"https:\/\/ambberlino.esteri.it\/de\/servizi-consolari-e-visti\/servizi-per-il-cittadino-italiano\/codice-fiscale\/Vordrucke%20AA48%20Editierbare_AA4_8_Modello_TED.pdf\">AA4\/8<\/a> bei der italienischen Steuerbeh\u00f6rde.<\/p>\n<p><strong>Staatsangeh\u00f6rige aus Nicht-EU-L\u00e4ndern, die einen Aufenthalt in Italien planen,<\/strong> erhalten eine Steuernummer bei den folgenden Beh\u00f6rden:<\/p>\n<p>\u2013 bei der zentralen Anlaufstelle f\u00fcr Einwanderung (Sportello unico per l\u2019Immigrazione). Diese gibt es in jeder Pr\u00e4fektur. Sie ist f\u00fcr die Ausstellung einer Einreisegenehmigung f\u00fcr ausl\u00e4ndische Staatsangeh\u00f6rige zust\u00e4ndig, die eine Aufenthaltserlaubnis aufgrund einer abh\u00e4ngigen Besch\u00e4ftigung oder Familienzusammenf\u00fchrung beantragen.<\/p>\n<p>\u2013 beim Polizeipr\u00e4sidium (Questura). Diese B\u00fcros der Staatspolizei sind f\u00fcr ausl\u00e4ndische Staatsangeh\u00f6rige zust\u00e4ndig, die andere Arten von Aufenthaltsgenehmigungen beantragen.<\/p>\n<p><strong>Hinweis<\/strong>: <span style=\"text-decoration: underline;\">ausl\u00e4ndische Staatsangeh\u00f6rige<\/span> k\u00f6nnen eine italienische Steuernummer <strong>nur<\/strong> dann bei dem f\u00fcr ihren Wohnsitz zust\u00e4ndigen italienischen Konsulat beantragen, <strong>wenn der ausl\u00e4ndische Staatsangeh\u00f6rige nicht in der Lage ist, eine Person (Notar:in, Anwalt:in, Steuerberater:in, Immobilienmakler;in etc) mit der Beantragung der Steuernummer bei der italienischen Steuerbeh\u00f6rde zu beauftragen<\/strong>. In diesem Fall senden Sie bitte folgende Dokumente per E-Mail an:\u00a0<a href=\"mailto:francoforte.codicifiscali@esteri.it\"><strong>francoforte.codicifiscali@esteri.it<\/strong><\/a><strong>\u00a0<\/strong><\/p>\n<p><strong>Das Konsulat wird die Begr\u00fcndung des Antrags pr\u00fcfen.<\/strong><\/p>\n<ul>\n<li>das vollst\u00e4ndig ausgef\u00fcllte und unterschriebene Antragsformular (<a href=\"https:\/\/consfrancoforte.esteri.it\/wp-content\/uploads\/2023\/04\/CF_aa4_8_modello_ted.pdf\" target=\"_blank\" rel=\"noopener\"><strong>hier klicken<\/strong><\/a>)<\/li>\n<li>Kopie eines g\u00fcltigen Lichtbildausweises, auf dem die pers\u00f6nlichen Daten vermerkt sind (kein F\u00fchrerschein)<\/li>\n<li>Nachweis des Wohnsitzes (R\u00fcckseite des Personalausweises oder Meldebescheinigung) im Konsularbezirk (Bundesl\u00e4nder Hessen, Rheinland-Pfalz, Saarland, und Unter Franken)<\/li>\n<li>Begr\u00fcndung des Antrags<\/li>\n<\/ul>\n<p>Bevor Sie das Antragsformular absenden, vergewissern Sie sich bitte, dass Sie die oben genannten Dokumente in einem der folgenden Formate (pdf, doc, docx, jpg, jpeg) senden k\u00f6nnen und dass die Dateigr\u00f6\u00dfe 5 MB nicht \u00fcberschreitet.<\/p>\n<p>Bei <strong>Antr\u00e4gen f\u00fcr Minderj\u00e4hrige<\/strong> ist eine Kopie eines Ausweises des Minderj\u00e4hrigen und des antragstellenden Erwachsenen sowie eine Kopie der Geburtsurkunde oder eines anderen Dokuments (Teil des Reisepasses oder Personalausweis, in dem die Namen der Eltern angegeben sind) einzureichen. Aus diesem muss hervorgehen, dass der Antragsteller berechtigt ist, im Namen des Minderj\u00e4hrigen zu handeln. In diesem Fall muss der Wohnsitznachweis auf den Elternteil ausgestellt sein.<\/p>\n<p>&nbsp;<\/p>\n<p>&nbsp;<\/p>\n","protected":false},"excerpt":{"rendered":"Bitte beachten Sie, dass die Steuernummer automatisch auf der Italienische ELEKTRONISCHEN IDENTIT\u00c4TSKARTE (CIE) eingetragen ist. Ab dem 15.07.2024 m\u00fcssen die \u00a0Italiener:innen, die im Konsularbezirk Frankfurt am Main im \u00a0AIRE \u2013 Register \u00a0(Register der im Ausland ans\u00e4ssigen Italiener)\u00a0 registriert sind, die Bescheinigung \u00fcber die Steuernummer f\u00fcr sich und eventuelle minderj\u00e4hrige Kinder direkt \u00fcber das Portal Fast [&hellip;]","protected":false},"author":3,"featured_media":0,"parent":125,"menu_order":18,"comment_status":"closed","ping_status":"closed","template":"","meta":{"footnotes":""},"class_list":["post-263","page","type-page","status-publish","hentry"],"_links":{"self":[{"href":"https:\/\/consfrancoforte.esteri.it\/de\/wp-json\/wp\/v2\/pages\/263","targetHints":{"allow":["GET"]}}],"collection":[{"href":"https:\/\/consfrancoforte.esteri.it\/de\/wp-json\/wp\/v2\/pages"}],"about":[{"href":"https:\/\/consfrancoforte.esteri.it\/de\/wp-json\/wp\/v2\/types\/page"}],"author":[{"embeddable":true,"href":"https:\/\/consfrancoforte.esteri.it\/de\/wp-json\/wp\/v2\/users\/3"}],"replies":[{"embeddable":true,"href":"https:\/\/consfrancoforte.esteri.it\/de\/wp-json\/wp\/v2\/comments?post=263"}],"version-history":[{"count":7,"href":"https:\/\/consfrancoforte.esteri.it\/de\/wp-json\/wp\/v2\/pages\/263\/revisions"}],"predecessor-version":[{"id":7346,"href":"https:\/\/consfrancoforte.esteri.it\/de\/wp-json\/wp\/v2\/pages\/263\/revisions\/7346"}],"up":[{"embeddable":true,"href":"https:\/\/consfrancoforte.esteri.it\/de\/wp-json\/wp\/v2\/pages\/125"}],"wp:attachment":[{"href":"https:\/\/consfrancoforte.esteri.it\/de\/wp-json\/wp\/v2\/media?parent=263"}],"curies":[{"name":"wp","href":"https:\/\/api.w.org\/{rel}","templated":true}]}}