{"id":261,"date":"2023-02-03T20:30:19","date_gmt":"2023-02-03T19:30:19","guid":{"rendered":"https:\/\/consfrancoforte.esteri.it\/servizi-consolari-e-visti\/servizi-per-il-cittadino-italiano\/traduzione-e-legalizzazione-dei-documenti\/"},"modified":"2026-04-16T16:59:24","modified_gmt":"2026-04-16T14:59:24","slug":"traduzione-e-legalizzazione-dei-documenti","status":"publish","type":"page","link":"https:\/\/consfrancoforte.esteri.it\/de\/servizi-consolari-e-visti\/servizi-per-il-cittadino-italiano\/traduzione-e-legalizzazione-dei-documenti\/","title":{"rendered":"\u00dcbersetzung und Beglaubigung von Dokumenten"},"content":{"rendered":"<header class=\"entry-header\">Die Legalisation von Unterschriften ist f\u00fcr \u00f6ffentliche Urkunden und Dokumente nicht erforderlich, wenn diese von den folgenden Mitgliedstaaten des Europ\u00e4ischen \u00dcbereinkommens zur Befreiung von der Legalisation von Urkunden (London, 07. Juni 1968) ausgestellt wurden (vgl. Art. 33, letzter Absatz, D.P.R. Nr. 445\/2000): \u00d6sterreich, Griechenland, Malta, Portugal, Schweden, Zypern, Irland, Norwegen, Vereinigtes K\u00f6nigreich, Schweiz, Frankreich, Liechtenstein, Niederlande, Tschechische Republik, T\u00fcrkei, Deutschland, Luxemburg, Polen, Russische F\u00f6deration, Moldawien, Rum\u00e4nien, Belgien, Estland und Spanien.Die Verordnung (EU) 2016\/1191 des Europ\u00e4ischen Parlaments und des Rates vom 6. Juli 2016 sieht f\u00fcr alle Mitgliedstaaten der Europ\u00e4ischen Union (seit dem 16.02.2019) die Befreiung von der Legalisation und der Apostille (Art. 2, Abs. 1) f\u00fcr eine Reihe \u00f6ffentlicher Urkunden innerhalb der Union vor, ebenso wie weitere Vereinfachungen in Bezug auf beglaubigte Kopien und \u00dcbersetzungen.Auf Anfrage kann dieses Generalkonsulat dennoch einen Stempel anbringen, der die Befreiung von der Beglaubigung der Unterschrift des offiziellen \u00dcbersetzers gem\u00e4\u00df der EU-Verordnung 2016\/1191 bescheinigt.Handelt es sich hingegen um Urkunden privater Natur (z. B. Arbeitsvertr\u00e4ge, private Vollmachten, privatschriftliche Vereinbarungen usw.), kann die Legalisation der Unterschrift des \u00dcbersetzers erforderlich sein, um dem Dokument gem\u00e4\u00df Art. 33 des D.P.R. 445\/2000 Rechtsg\u00fcltigkeit in Italien zu verleihen.<\/p>\n<p>In diesem Fall kann das Konsulat die Legalisation der Unterschrift eines beeidigten \u00dcbersetzers vornehmen, sofern dieser seine Unterschrift hier hinterlegt hat.<\/p>\n<p>F\u00fcr weitere Informationen wenden Sie sich bitte an das B\u00fcro LAS unter der E-Mail-Adresse <a href=\"mailto:las.francoforte@esteri.it\">las.francoforte@esteri.it<\/a> oder telefonisch unter der Nummer 069-7531 305 (Montag bis Freitag von 12:00 bis 13:00 Uhr).<\/p>\n<p>Die Datenbank des deutschen Justizministeriums mit den \u00dcbersetzern und vereidigten \u00dcbersetzern f\u00fcr die italienische Sprache <a href=\"https:\/\/consfrancoforte.esteri.it\/de\/servizi-consolari-e-visti\/servizi-per-il-cittadino-italiano\/altri-servizi\/elenchi-ed-indirizzi-utili\/\"><strong>hier verf\u00fcgbar.<\/strong><\/a><\/p>\n<\/header>\n","protected":false},"excerpt":{"rendered":"Die Legalisation von Unterschriften ist f\u00fcr \u00f6ffentliche Urkunden und Dokumente nicht erforderlich, wenn diese von den folgenden Mitgliedstaaten des Europ\u00e4ischen \u00dcbereinkommens zur Befreiung von der Legalisation von Urkunden (London, 07. Juni 1968) ausgestellt wurden (vgl. Art. 33, letzter Absatz, D.P.R. Nr. 445\/2000): \u00d6sterreich, Griechenland, Malta, Portugal, Schweden, Zypern, Irland, Norwegen, Vereinigtes K\u00f6nigreich, Schweiz, Frankreich, Liechtenstein, [&hellip;]","protected":false},"author":3,"featured_media":0,"parent":125,"menu_order":14,"comment_status":"closed","ping_status":"closed","template":"","meta":{"footnotes":""},"class_list":["post-261","page","type-page","status-publish","hentry"],"_links":{"self":[{"href":"https:\/\/consfrancoforte.esteri.it\/de\/wp-json\/wp\/v2\/pages\/261","targetHints":{"allow":["GET"]}}],"collection":[{"href":"https:\/\/consfrancoforte.esteri.it\/de\/wp-json\/wp\/v2\/pages"}],"about":[{"href":"https:\/\/consfrancoforte.esteri.it\/de\/wp-json\/wp\/v2\/types\/page"}],"author":[{"embeddable":true,"href":"https:\/\/consfrancoforte.esteri.it\/de\/wp-json\/wp\/v2\/users\/3"}],"replies":[{"embeddable":true,"href":"https:\/\/consfrancoforte.esteri.it\/de\/wp-json\/wp\/v2\/comments?post=261"}],"version-history":[{"count":6,"href":"https:\/\/consfrancoforte.esteri.it\/de\/wp-json\/wp\/v2\/pages\/261\/revisions"}],"predecessor-version":[{"id":9372,"href":"https:\/\/consfrancoforte.esteri.it\/de\/wp-json\/wp\/v2\/pages\/261\/revisions\/9372"}],"up":[{"embeddable":true,"href":"https:\/\/consfrancoforte.esteri.it\/de\/wp-json\/wp\/v2\/pages\/125"}],"wp:attachment":[{"href":"https:\/\/consfrancoforte.esteri.it\/de\/wp-json\/wp\/v2\/media?parent=261"}],"curies":[{"name":"wp","href":"https:\/\/api.w.org\/{rel}","templated":true}]}}