{"id":260,"date":"2023-02-03T20:30:09","date_gmt":"2023-02-03T19:30:09","guid":{"rendered":"https:\/\/consfrancoforte.esteri.it\/servizi-consolari-e-visti\/servizi-per-il-cittadino-italiano\/servizi-notarili\/"},"modified":"2026-04-15T15:20:32","modified_gmt":"2026-04-15T13:20:32","slug":"servizi-notarili","status":"publish","type":"page","link":"https:\/\/consfrancoforte.esteri.it\/de\/servizi-consolari-e-visti\/servizi-per-il-cittadino-italiano\/servizi-notarili\/","title":{"rendered":"Notariat"},"content":{"rendered":"<p><strong>Zustellung gerichtlicher und aussergerichtlicher Schriftst\u00fccke<br \/>\n<\/strong>Tel.: 0049 (0)69 7531 &#8211; 305 (12:00 &#8211; 13:00)<br \/>\ne-mail:\u00a0<a href=\"mailto:las.francoforte@esteri.it\">las.francoforte@esteri.it<\/a>;\u00a0<a href=\"mailto:con.francoforte@cert.esteri.it\">con.francoforte@cert.esteri.it<\/a><\/p>\n<p><strong>Notariat<\/strong><\/p>\n<p>Ab dem 1. Januar 2012 stellt das Italienische Generalkonsulat Frankfurt am Main gem\u00e4\u00df Ministerialbeschuss vom 6. Dezember 2011 keine notariellen Urkunden mehr aus.<br \/>\nAusnahmen bilden geheime und internationale Testamente.<br \/>\nDes Weiteren ist eine Ausstellung in Ausnahmesituationen, z.B. in \u00e4u\u00dferst dringenden F\u00e4llen, falls kein Notar vor Ort zur Verf\u00fcgung steht und falls eine Verz\u00f6gerung negative Folgen f\u00fcr den Antragsteller birgt, m\u00f6glich.<\/p>\n<p>Auf Grund der Mitgliedschaft Deutschlands bei der Internationalen Union des Notariats, sind in Deutschland ausgestellte notarielle Urkunden auch in Italien g\u00fcltig.<\/p>\n<p>Notare, die\u00a0die italienische\u00a0Sprache\u00a0beherrschen,\u00a0finden Sie\u00a0unter\u00a0<a title=\"www.deutsch-notarauskunft.de\" href=\"http:\/\/www.notar.de\/\">www.notar.de<\/a>.<\/p>\n<p><strong>TESTAMENTE ODER LETZTE WILLENSERKL\u00c4RUNGEN<\/strong><\/p>\n<p>Zu den Aufgaben des Notariats bei einem Konsulat geh\u00f6rt die Erstellung bestimmter Urkunden, die die letzten Willenserkl\u00e4rungen von Personen betreffen, die sich im Ausland aufhalten.<br \/>\nDas \u00f6ffentliche Testament ist die Willenserkl\u00e4rung des Erblassers, die gegen\u00fcber einem mit notariellen Aufgaben betrauten Beamten in Anwesenheit von zwei Zeugen abgegeben und schriftlich niedergelegt wird.<br \/>\nBeim geheimen Testament hingegen beschr\u00e4nken sich die Aufgaben der Notariatsstelle auf die formelle Entgegennahme der Urkunde (deren Inhalt geheim bleibt) und deren Hinterlegung in der Notariatsstelle.<br \/>\nDas eigenh\u00e4ndige Testament schlie\u00dflich muss nicht von einem Beamten des Notariats verfasst werden und kann an jedem Ort und bei jeder Person hinterlegt werden. In der Regel wird es beim Notariat hinterlegt, um den Verlust zu vermeiden und die sofortige Ver\u00f6ffentlichung nach dem Tod des Erblassers sicherzustellen.<\/p>\n","protected":false},"excerpt":{"rendered":"Zustellung gerichtlicher und aussergerichtlicher Schriftst\u00fccke Tel.: 0049 (0)69 7531 &#8211; 305 (12:00 &#8211; 13:00) e-mail:\u00a0las.francoforte@esteri.it;\u00a0con.francoforte@cert.esteri.it Notariat Ab dem 1. Januar 2012 stellt das Italienische Generalkonsulat Frankfurt am Main gem\u00e4\u00df Ministerialbeschuss vom 6. Dezember 2011 keine notariellen Urkunden mehr aus. Ausnahmen bilden geheime und internationale Testamente. Des Weiteren ist eine Ausstellung in Ausnahmesituationen, z.B. in \u00e4u\u00dferst [&hellip;]","protected":false},"author":3,"featured_media":0,"parent":125,"menu_order":12,"comment_status":"closed","ping_status":"closed","template":"","meta":{"footnotes":""},"class_list":["post-260","page","type-page","status-publish","hentry"],"_links":{"self":[{"href":"https:\/\/consfrancoforte.esteri.it\/de\/wp-json\/wp\/v2\/pages\/260","targetHints":{"allow":["GET"]}}],"collection":[{"href":"https:\/\/consfrancoforte.esteri.it\/de\/wp-json\/wp\/v2\/pages"}],"about":[{"href":"https:\/\/consfrancoforte.esteri.it\/de\/wp-json\/wp\/v2\/types\/page"}],"author":[{"embeddable":true,"href":"https:\/\/consfrancoforte.esteri.it\/de\/wp-json\/wp\/v2\/users\/3"}],"replies":[{"embeddable":true,"href":"https:\/\/consfrancoforte.esteri.it\/de\/wp-json\/wp\/v2\/comments?post=260"}],"version-history":[{"count":2,"href":"https:\/\/consfrancoforte.esteri.it\/de\/wp-json\/wp\/v2\/pages\/260\/revisions"}],"predecessor-version":[{"id":9317,"href":"https:\/\/consfrancoforte.esteri.it\/de\/wp-json\/wp\/v2\/pages\/260\/revisions\/9317"}],"up":[{"embeddable":true,"href":"https:\/\/consfrancoforte.esteri.it\/de\/wp-json\/wp\/v2\/pages\/125"}],"wp:attachment":[{"href":"https:\/\/consfrancoforte.esteri.it\/de\/wp-json\/wp\/v2\/media?parent=260"}],"curies":[{"name":"wp","href":"https:\/\/api.w.org\/{rel}","templated":true}]}}