{"id":254,"date":"2023-02-03T20:28:22","date_gmt":"2023-02-03T19:28:22","guid":{"rendered":"https:\/\/consfrancoforte.esteri.it\/italia-e-germania\/diplomazia-culturale\/lingua-e-cultura-italiana\/"},"modified":"2023-03-01T15:58:57","modified_gmt":"2023-03-01T14:58:57","slug":"lingua-e-cultura-italiana","status":"publish","type":"page","link":"https:\/\/consfrancoforte.esteri.it\/de\/italia-e-germania\/diplomazia-culturale\/lingua-e-cultura-italiana\/","title":{"rendered":"Italienische Sprache und Kultur"},"content":{"rendered":"<div class=\"container\">\n<div id=\"main\" role=\"main\">\n<div class=\"row\">\n<article id=\"articolo_centro\" class=\"col-md-19 col-sm-19 padding_articolo item-page\" role=\"main\" aria-label=\"articolo\">\n<div>\n<h1><img loading=\"lazy\" decoding=\"async\" class=\"alignnone size-full wp-image-367 img-fluid aligncenter\" src=\"https:\/\/consfrancoforte.esteri.it\/wp-content\/uploads\/2023\/02\/Stivaleculturale.png\" alt=\"\" width=\"252\" height=\"300\" \/><\/h1>\n<h1>F\u00f6rderung der italienischen Sprache, Leben und Kultur<\/h1>\n<p>Nach der Schliessung des Italienischen Kulturinstituts in Frankfurt im Jahr 2014 wurden die Aufgaben zur F\u00f6rderung der italienischen Sprache und Kultur von den italienischen Kulturinstituten in\u00a0<a href=\"http:\/\/www.iiccolonia.esteri.it\/\">K\u00f6ln<\/a>\u00a0(Hessen und Rheinland-Pfalz),\u00a0<a href=\"http:\/\/www.iicstoccarda.esteri.it\/\">Stuttgart<\/a>\u00a0(Saarland) und\u00a0<a href=\"http:\/\/www.iicmonaco.esteri.it\/\">M\u00fcnchen<\/a>\u00a0(Unterfranken) \u00fcbernommen. Die Kulturinstitute unterliegen dem Generalkonsul und sind Ansprechpartner f\u00fcr die Planung von umfangreichen Kulturveranstaltungen.<\/p>\n<p>Die Kulturabteilung des Generalkonsulats \u00fcbernimmt allt\u00e4gliche Aufgaben zur F\u00f6rderung der italienischen Sprache und Kultur in Frankfurt. Diese organisiert Veranstaltungen zum dynamischen Ideenaustausch auf den Gebieten der Kunst und Wissenschaft. Die Kulturabteilung bietet dem internationalen Frankfurter Publikum u. a. folgende Dienstleistungen an:<\/p>\n<p>&#8211; in Zusammenarbeit mit italienischen Institutionen, (z. B. mit der Italienischen Zentrale f\u00fcr Tourismus\u00a0<a href=\"http:\/\/www.enit.de\/\">ENIT<\/a>\u00a0und der\u00a0<a href=\"http:\/\/www.itkam.org\/\">Italienischen Handelskammer f\u00fcr DeutschlandDeutschland<\/a>), Universit\u00e4ten, Vereinen, Kunst- und Kulturbeh\u00f6rden organisiert die Kulturabteilung Veranstaltungen im Bereich Literatur, Kino, Musik usw.;<\/p>\n<p>unterh\u00e4lt einen YOU TUBE-Kanal <a href=\"https:\/\/www.youtube.com\/@italyinffm8851\">&#8218;Italyinffm&#8216;<\/a>, auf dem Sie aufgezeichnete oder Live-Veranstaltungen finden k\u00f6nnen;<\/p>\n<p>&#8211; unter der Leitung des Italienischen Kulturinstituts in K\u00f6ln organisiert die Kulturabteilung dreimal im Jahr die Pr\u00fcfungen f\u00fcr das\u00a0<a href=\"http:\/\/cils.unistrasi.it\/\"><strong>CILS-Zertifikat<\/strong><\/a>\u00a0(Universit\u00e0 per Stranieri di Siena) f\u00fcr Italienisch als Fremdsprache;<\/p>\n<p>&#8211; Informationsdienst f\u00fcr italienbezogene Kulturfragen.<\/p>\n<p>Wenn Sie Informationen \u00fcber die Veranstaltungen des Generalkonsulats w\u00fcnschen, melden Sie sich bitte unter\u00a0<strong><a href=\"mailto:francoforte.culturale@esteri.it\">francoforte.culturale@esteri.it<\/a><\/strong>\u00a0bei unserer\u00a0<strong>Mailinglist<\/strong>\u00a0an.<\/p>\n<p>Folgen Sie uns auf der Website und auf<a href=\"https:\/\/twitter.com\/ItalyinFFM\"> Twitter<\/a> und informieren Sie sich \u00fcber unsere Initiativen!<\/p>\n<p>Kontaktdaten der Kulturabteilung:<br \/>\nDr. Michele Santoriello<br \/>\nTel.: 0049 (0)69 7531-144<br \/>\nEmail:<strong>\u00a0<a href=\"mailto:francoforte.culturale@esteri.it\">francoforte.culturale@esteri.it<\/a><\/strong><\/p>\n<\/div>\n<hr \/>\n<\/article>\n<\/div>\n<\/div>\n<\/div>\n","protected":false},"excerpt":{"rendered":"F\u00f6rderung der italienischen Sprache, Leben und Kultur Nach der Schliessung des Italienischen Kulturinstituts in Frankfurt im Jahr 2014 wurden die Aufgaben zur F\u00f6rderung der italienischen Sprache und Kultur von den italienischen Kulturinstituten in\u00a0K\u00f6ln\u00a0(Hessen und Rheinland-Pfalz),\u00a0Stuttgart\u00a0(Saarland) und\u00a0M\u00fcnchen\u00a0(Unterfranken) \u00fcbernommen. Die Kulturinstitute unterliegen dem Generalkonsul und sind Ansprechpartner f\u00fcr die Planung von umfangreichen Kulturveranstaltungen. Die Kulturabteilung des Generalkonsulats [&hellip;]","protected":false},"author":3,"featured_media":0,"parent":130,"menu_order":2,"comment_status":"closed","ping_status":"closed","template":"","meta":{"footnotes":""},"class_list":["post-254","page","type-page","status-publish","hentry"],"_links":{"self":[{"href":"https:\/\/consfrancoforte.esteri.it\/de\/wp-json\/wp\/v2\/pages\/254","targetHints":{"allow":["GET"]}}],"collection":[{"href":"https:\/\/consfrancoforte.esteri.it\/de\/wp-json\/wp\/v2\/pages"}],"about":[{"href":"https:\/\/consfrancoforte.esteri.it\/de\/wp-json\/wp\/v2\/types\/page"}],"author":[{"embeddable":true,"href":"https:\/\/consfrancoforte.esteri.it\/de\/wp-json\/wp\/v2\/users\/3"}],"replies":[{"embeddable":true,"href":"https:\/\/consfrancoforte.esteri.it\/de\/wp-json\/wp\/v2\/comments?post=254"}],"version-history":[{"count":0,"href":"https:\/\/consfrancoforte.esteri.it\/de\/wp-json\/wp\/v2\/pages\/254\/revisions"}],"up":[{"embeddable":true,"href":"https:\/\/consfrancoforte.esteri.it\/de\/wp-json\/wp\/v2\/pages\/130"}],"wp:attachment":[{"href":"https:\/\/consfrancoforte.esteri.it\/de\/wp-json\/wp\/v2\/media?parent=254"}],"curies":[{"name":"wp","href":"https:\/\/api.w.org\/{rel}","templated":true}]}}