{"id":130,"date":"2023-02-03T18:59:52","date_gmt":"2023-02-03T17:59:52","guid":{"rendered":"https:\/\/consfrancoforte.esteri.it\/italia-e-germania\/diplomazia-culturale\/"},"modified":"2023-03-01T15:05:53","modified_gmt":"2023-03-01T14:05:53","slug":"diplomazia-culturale","status":"publish","type":"page","link":"https:\/\/consfrancoforte.esteri.it\/de\/italia-e-germania\/diplomazia-culturale\/","title":{"rendered":"Kulturdiplomatie"},"content":{"rendered":"<p><img loading=\"lazy\" decoding=\"async\" class=\"wp-image-366 img-fluid aligncenter\" src=\"https:\/\/consfrancoforte.esteri.it\/wp-content\/uploads\/2023\/02\/lacittaideale-300x76.jpg\" alt=\"\" width=\"339\" height=\"86\" srcset=\"https:\/\/consfrancoforte.esteri.it\/wp-content\/uploads\/2023\/02\/lacittaideale-300x76.jpg 300w, https:\/\/consfrancoforte.esteri.it\/wp-content\/uploads\/2023\/02\/lacittaideale.jpg 565w\" sizes=\"auto, (max-width: 339px) 100vw, 339px\" \/><\/p>\n<p>Die Kultur ist ein wesentliches Element der italienischen Identit\u00e4t in der Welt und stellt ein materielles und immaterielles Erbe dar, auf das zur\u00fcckgegriffen werden kann, um die Herausforderungen der heutigen Welt zu bew\u00e4ltigen. Dazu geh\u00f6ren auch die italienische Sprache als Erbe der Vergangenheit und Br\u00fccke in die Zukunft sowie die wissenschaftliche Forschung, ein Bereich, in dem Italien Spitzenleistungen auf Weltniveau vorweisen kann.<\/p>\n<p>Die Kulturf\u00f6rderung spielt daher eine grundlegende Rolle in der Au\u00dfenpolitik unseres Landes und stellt eines der wichtigsten Instrumente der Au\u00dfenwirkung dar.<\/p>\n<p>F\u00fcr alle Informationen \u00fcber die vom italienischen Generalkonsulat in Frankfurt organisierten kulturellen Veranstaltungen klicken Sie bitte <a href=\"https:\/\/consfrancoforte.esteri.it\/it\/italia-e-germania\/diplomazia-culturale\/i-nostri-eventi-culturali\/\">hier<\/a><\/p>\n","protected":false},"excerpt":{"rendered":"Die Kultur ist ein wesentliches Element der italienischen Identit\u00e4t in der Welt und stellt ein materielles und immaterielles Erbe dar, auf das zur\u00fcckgegriffen werden kann, um die Herausforderungen der heutigen Welt zu bew\u00e4ltigen. Dazu geh\u00f6ren auch die italienische Sprache als Erbe der Vergangenheit und Br\u00fccke in die Zukunft sowie die wissenschaftliche Forschung, ein Bereich, in [&hellip;]","protected":false},"author":3,"featured_media":0,"parent":32,"menu_order":2,"comment_status":"closed","ping_status":"closed","template":"","meta":{"footnotes":""},"class_list":["post-130","page","type-page","status-publish","hentry"],"_links":{"self":[{"href":"https:\/\/consfrancoforte.esteri.it\/de\/wp-json\/wp\/v2\/pages\/130","targetHints":{"allow":["GET"]}}],"collection":[{"href":"https:\/\/consfrancoforte.esteri.it\/de\/wp-json\/wp\/v2\/pages"}],"about":[{"href":"https:\/\/consfrancoforte.esteri.it\/de\/wp-json\/wp\/v2\/types\/page"}],"author":[{"embeddable":true,"href":"https:\/\/consfrancoforte.esteri.it\/de\/wp-json\/wp\/v2\/users\/3"}],"replies":[{"embeddable":true,"href":"https:\/\/consfrancoforte.esteri.it\/de\/wp-json\/wp\/v2\/comments?post=130"}],"version-history":[{"count":0,"href":"https:\/\/consfrancoforte.esteri.it\/de\/wp-json\/wp\/v2\/pages\/130\/revisions"}],"up":[{"embeddable":true,"href":"https:\/\/consfrancoforte.esteri.it\/de\/wp-json\/wp\/v2\/pages\/32"}],"wp:attachment":[{"href":"https:\/\/consfrancoforte.esteri.it\/de\/wp-json\/wp\/v2\/media?parent=130"}],"curies":[{"name":"wp","href":"https:\/\/api.w.org\/{rel}","templated":true}]}}