{"id":129,"date":"2023-02-03T19:00:15","date_gmt":"2023-02-03T18:00:15","guid":{"rendered":"https:\/\/consfrancoforte.esteri.it\/italia-e-germania\/diplomazia-scientifica\/"},"modified":"2023-03-01T15:41:13","modified_gmt":"2023-03-01T14:41:13","slug":"diplomazia-scientifica","status":"publish","type":"page","link":"https:\/\/consfrancoforte.esteri.it\/de\/italia-e-germania\/diplomazia-scientifica\/","title":{"rendered":"Wissenschaftliche Diplomatie"},"content":{"rendered":"<p><img loading=\"lazy\" decoding=\"async\" class=\"alignnone size-medium wp-image-441 img-fluid\" src=\"https:\/\/consfrancoforte.esteri.it\/wp-content\/uploads\/2023\/03\/Satellite-e-terra-300x169.jpg\" alt=\"\" width=\"300\" height=\"169\" srcset=\"https:\/\/consfrancoforte.esteri.it\/wp-content\/uploads\/2023\/03\/Satellite-e-terra-300x169.jpg 300w, https:\/\/consfrancoforte.esteri.it\/wp-content\/uploads\/2023\/03\/Satellite-e-terra-1024x576.jpg 1024w, https:\/\/consfrancoforte.esteri.it\/wp-content\/uploads\/2023\/03\/Satellite-e-terra-768x432.jpg 768w, https:\/\/consfrancoforte.esteri.it\/wp-content\/uploads\/2023\/03\/Satellite-e-terra.jpg 1920w\" sizes=\"auto, (max-width: 300px) 100vw, 300px\" \/><\/p>\n<p>INNOVATION UND FORSCHUNG<\/p>\n<p>Das Ministerium f\u00fcr ausw\u00e4rtige Angelegenheiten und internationale Zusammenarbeit (MAECI) f\u00f6rdert die Internationalisierung der italienischen Forschung und Wissenschaftsdiplomatie als grundlegende Instrumente f\u00fcr die Entwicklung der Zusammenarbeit zwischen Italien und dem Rest der Welt.<\/p>\n<p>Der T\u00e4tigkeit des MAECI liegt die \u00dcberzeugung zugrunde, dass es ohne Innovation und Unterst\u00fctzung der wissenschaftlichen Forschung keine wirtschaftliche Entwicklung geben kann.<\/p>\n<p>Die Aufrechterhaltung der Wettbewerbsf\u00e4higkeit auf immer komplexeren globalen M\u00e4rkten erfordert die st\u00e4ndige Anwendung neuer Technologien in den Produktionsprozessen, um innovative Produkte mit hohem Mehrwert zu erhalten. Aus dieser \u00dcberzeugung heraus ist ein immer umsichtigerer Einsatz der Ressourcen in diesem Sektor als Investition in das Wachstum des Landes, insbesondere in den innovativsten Sektoren, mit positiven wirtschaftlichen und kommerziellen Nebeneffekten erforderlich.<\/p>\n<p>Das Kulturb\u00fcro des italienischen Generalkonsulats organisiert das j\u00e4hrliche Wissenschaftsfestival &#8220; Galileo Galilei Science &amp; Space festival&#8220;\u00a0 und den nationalen Weltraumtag<\/p>\n","protected":false},"excerpt":{"rendered":"INNOVATION UND FORSCHUNG Das Ministerium f\u00fcr ausw\u00e4rtige Angelegenheiten und internationale Zusammenarbeit (MAECI) f\u00f6rdert die Internationalisierung der italienischen Forschung und Wissenschaftsdiplomatie als grundlegende Instrumente f\u00fcr die Entwicklung der Zusammenarbeit zwischen Italien und dem Rest der Welt. Der T\u00e4tigkeit des MAECI liegt die \u00dcberzeugung zugrunde, dass es ohne Innovation und Unterst\u00fctzung der wissenschaftlichen Forschung keine wirtschaftliche Entwicklung [&hellip;]","protected":false},"author":3,"featured_media":0,"parent":32,"menu_order":4,"comment_status":"closed","ping_status":"closed","template":"","meta":{"footnotes":""},"class_list":["post-129","page","type-page","status-publish","hentry"],"_links":{"self":[{"href":"https:\/\/consfrancoforte.esteri.it\/de\/wp-json\/wp\/v2\/pages\/129","targetHints":{"allow":["GET"]}}],"collection":[{"href":"https:\/\/consfrancoforte.esteri.it\/de\/wp-json\/wp\/v2\/pages"}],"about":[{"href":"https:\/\/consfrancoforte.esteri.it\/de\/wp-json\/wp\/v2\/types\/page"}],"author":[{"embeddable":true,"href":"https:\/\/consfrancoforte.esteri.it\/de\/wp-json\/wp\/v2\/users\/3"}],"replies":[{"embeddable":true,"href":"https:\/\/consfrancoforte.esteri.it\/de\/wp-json\/wp\/v2\/comments?post=129"}],"version-history":[{"count":0,"href":"https:\/\/consfrancoforte.esteri.it\/de\/wp-json\/wp\/v2\/pages\/129\/revisions"}],"up":[{"embeddable":true,"href":"https:\/\/consfrancoforte.esteri.it\/de\/wp-json\/wp\/v2\/pages\/32"}],"wp:attachment":[{"href":"https:\/\/consfrancoforte.esteri.it\/de\/wp-json\/wp\/v2\/media?parent=129"}],"curies":[{"name":"wp","href":"https:\/\/api.w.org\/{rel}","templated":true}]}}