{"id":128,"date":"2023-02-03T19:01:45","date_gmt":"2023-02-03T18:01:45","guid":{"rendered":"https:\/\/consfrancoforte.esteri.it\/italia-e-germania\/cooperazione-allo-sviluppo\/"},"modified":"2023-03-01T17:04:31","modified_gmt":"2023-03-01T16:04:31","slug":"cooperazione-allo-sviluppo","status":"publish","type":"page","link":"https:\/\/consfrancoforte.esteri.it\/de\/italia-e-germania\/cooperazione-allo-sviluppo\/","title":{"rendered":"Entwicklungskooperation"},"content":{"rendered":"<p>Die internationale Zusammenarbeit f\u00fcr nachhaltige Entwicklung und Kooperation ist ein unverzichtbarer und qualifizierter Bestandteil der italienischen Au\u00dfenpolitik.<\/p>\n<p>Weitere Informationen (auf English) finden Sie auf dem offiziellen Portal, Bereich Au\u00dfenpolitik und Zusammenarbeit, des<a href=\"https:\/\/www.esteri.it\/en\/politica-estera-e-cooperazione-allo-sviluppo\/\"> italienischen Au\u00dfenministeriums<\/a><\/p>\n","protected":false},"excerpt":{"rendered":"Die internationale Zusammenarbeit f\u00fcr nachhaltige Entwicklung und Kooperation ist ein unverzichtbarer und qualifizierter Bestandteil der italienischen Au\u00dfenpolitik. Weitere Informationen (auf English) finden Sie auf dem offiziellen Portal, Bereich Au\u00dfenpolitik und Zusammenarbeit, des italienischen Au\u00dfenministeriums","protected":false},"author":3,"featured_media":0,"parent":32,"menu_order":6,"comment_status":"closed","ping_status":"closed","template":"","meta":{"footnotes":""},"class_list":["post-128","page","type-page","status-publish","hentry"],"_links":{"self":[{"href":"https:\/\/consfrancoforte.esteri.it\/de\/wp-json\/wp\/v2\/pages\/128","targetHints":{"allow":["GET"]}}],"collection":[{"href":"https:\/\/consfrancoforte.esteri.it\/de\/wp-json\/wp\/v2\/pages"}],"about":[{"href":"https:\/\/consfrancoforte.esteri.it\/de\/wp-json\/wp\/v2\/types\/page"}],"author":[{"embeddable":true,"href":"https:\/\/consfrancoforte.esteri.it\/de\/wp-json\/wp\/v2\/users\/3"}],"replies":[{"embeddable":true,"href":"https:\/\/consfrancoforte.esteri.it\/de\/wp-json\/wp\/v2\/comments?post=128"}],"version-history":[{"count":0,"href":"https:\/\/consfrancoforte.esteri.it\/de\/wp-json\/wp\/v2\/pages\/128\/revisions"}],"up":[{"embeddable":true,"href":"https:\/\/consfrancoforte.esteri.it\/de\/wp-json\/wp\/v2\/pages\/32"}],"wp:attachment":[{"href":"https:\/\/consfrancoforte.esteri.it\/de\/wp-json\/wp\/v2\/media?parent=128"}],"curies":[{"name":"wp","href":"https:\/\/api.w.org\/{rel}","templated":true}]}}