{"id":125,"date":"2023-02-03T19:01:15","date_gmt":"2023-02-03T18:01:15","guid":{"rendered":"https:\/\/consfrancoforte.esteri.it\/servizi-consolari-e-visti\/servizi-per-il-cittadino-italiano\/"},"modified":"2025-10-27T16:00:56","modified_gmt":"2025-10-27T15:00:56","slug":"servizi-per-il-cittadino-italiano","status":"publish","type":"page","link":"https:\/\/consfrancoforte.esteri.it\/de\/servizi-consolari-e-visti\/servizi-per-il-cittadino-italiano\/","title":{"rendered":"F\u00fcr italienische Staatsb\u00fcrger"},"content":{"rendered":"<p><a href=\"https:\/\/consfrancoforte.esteri.it\/wp-content\/uploads\/2024\/08\/Istruzioni-pagamento-percezioni-consolari_2024.pdf\">HINWEISE ZUR ZAHLUNG DER KONSULARISCHEN GEB\u00dcHREN<\/a><\/p>\n<p>&nbsp;<\/p>\n<p><strong>Das Generalkonsulat weist darauf hin, dass f\u00fcr nachgewiesene Notf\u00e4lle (Gesundheitsprobleme, dringende Reisen, schwerwiegende famili\u00e4re Gr\u00fcnde, usw.) eine zus\u00e4tzliche Geb\u00fchr in H\u00f6he von 50 Euro f\u00e4llig ist. Diese Geb\u00fchr gilt f\u00fcr diejenigen, die ohne Termin beim Generalkonsulat vorsprechen und eine Dienstleistung innerhalb von 24 Stunden beantragen.<\/strong><\/p>\n<p><strong>Die Zahlung der Geb\u00fchr ist nicht automatisch gleichbedeutend mit der Ausstellung des Reisepasses am selben Tag, da diese Ausstellung in jedem Fall unter dem Vorbehalt fehlender Hindernisse erfolgt.<\/strong><\/p>\n<p><strong><a href=\"https:\/\/www.giustizia.it\/giustizia\/it\/3_3_1.wp\">Ein italienisches F\u00fchrungszeugnis in\u00a0Deutschland beantragen<\/a>\u00a0(Seite auf Italienisch und Englisch)<\/strong><\/p>\n<p>EU Datenschutz Grundverordnung<\/p>\n<p><strong><br \/>\n<\/strong>Am 25. Mai 2018 ist die neue EU Datenschutz Grundverordnung (DSGVO) in Kraft getreten.<\/p>\n<p><a href=\"https:\/\/consfrancoforte.esteri.it\/consolato_francoforte\/resource\/doc\/2018\/05\/informativa_servizi_consolari-ffm-de-tra.pdf\">Infos Konsularische Dienstleistungen<\/a>.<\/p>\n<p><a href=\"https:\/\/consfrancoforte.esteri.it\/consolato_francoforte\/resource\/doc\/2018\/05\/informativa_cittadinanza_ffm-de-tra.pdf\">Infos Staatsangeh\u00f6rigkeit<\/a>.<\/p>\n<p>&nbsp;<\/p>\n","protected":false},"excerpt":{"rendered":"HINWEISE ZUR ZAHLUNG DER KONSULARISCHEN GEB\u00dcHREN &nbsp; Das Generalkonsulat weist darauf hin, dass f\u00fcr nachgewiesene Notf\u00e4lle (Gesundheitsprobleme, dringende Reisen, schwerwiegende famili\u00e4re Gr\u00fcnde, usw.) eine zus\u00e4tzliche Geb\u00fchr in H\u00f6he von 50 Euro f\u00e4llig ist. Diese Geb\u00fchr gilt f\u00fcr diejenigen, die ohne Termin beim Generalkonsulat vorsprechen und eine Dienstleistung innerhalb von 24 Stunden beantragen. Die Zahlung der [&hellip;]","protected":false},"author":3,"featured_media":0,"parent":33,"menu_order":0,"comment_status":"closed","ping_status":"closed","template":"","meta":{"footnotes":""},"class_list":["post-125","page","type-page","status-publish","hentry"],"_links":{"self":[{"href":"https:\/\/consfrancoforte.esteri.it\/de\/wp-json\/wp\/v2\/pages\/125","targetHints":{"allow":["GET"]}}],"collection":[{"href":"https:\/\/consfrancoforte.esteri.it\/de\/wp-json\/wp\/v2\/pages"}],"about":[{"href":"https:\/\/consfrancoforte.esteri.it\/de\/wp-json\/wp\/v2\/types\/page"}],"author":[{"embeddable":true,"href":"https:\/\/consfrancoforte.esteri.it\/de\/wp-json\/wp\/v2\/users\/3"}],"replies":[{"embeddable":true,"href":"https:\/\/consfrancoforte.esteri.it\/de\/wp-json\/wp\/v2\/comments?post=125"}],"version-history":[{"count":3,"href":"https:\/\/consfrancoforte.esteri.it\/de\/wp-json\/wp\/v2\/pages\/125\/revisions"}],"predecessor-version":[{"id":7811,"href":"https:\/\/consfrancoforte.esteri.it\/de\/wp-json\/wp\/v2\/pages\/125\/revisions\/7811"}],"up":[{"embeddable":true,"href":"https:\/\/consfrancoforte.esteri.it\/de\/wp-json\/wp\/v2\/pages\/33"}],"wp:attachment":[{"href":"https:\/\/consfrancoforte.esteri.it\/de\/wp-json\/wp\/v2\/media?parent=125"}],"curies":[{"name":"wp","href":"https:\/\/api.w.org\/{rel}","templated":true}]}}