{"id":123,"date":"2023-02-03T18:59:39","date_gmt":"2023-02-03T17:59:39","guid":{"rendered":"https:\/\/consfrancoforte.esteri.it\/italia-e-germania\/diplomazia-economica\/"},"modified":"2023-03-01T15:53:37","modified_gmt":"2023-03-01T14:53:37","slug":"diplomazia-economica","status":"publish","type":"page","link":"https:\/\/consfrancoforte.esteri.it\/de\/italia-e-germania\/diplomazia-economica\/","title":{"rendered":"Wirtschaftsdiplomatie"},"content":{"rendered":"<p>Die italienische Wirtschaftsdiplomatie ist die T\u00e4tigkeit des Ministeriums f\u00fcr ausw\u00e4rtige Angelegenheiten und internationale Zusammenarbeit, die darauf abzielt, italienische Unternehmen im Ausland zu unterst\u00fctzen und das Wachstum des Landes in verschiedenen Bereichen zu f\u00f6rdern. Koordiniert von der Generaldirektion f\u00fcr die F\u00f6rderung des L\u00e4ndersystems der Farnesina &#8211; die ihrerseits in st\u00e4ndiger Verbindung mit Institutionen, Einrichtungen, Verb\u00e4nden, Unternehmen, Forschungszentren und Universit\u00e4ten steht &#8211; sind die mehr als 450 B\u00fcros, die \u00fcber die ganze Welt verteilt sind und Botschaften, Konsulate, ICE- und Enit-Einheiten, die heute in die diplomatischen und konsularischen Vertretungen integriert sind, italienische Kulturinstitute und B\u00fcros f\u00fcr wissenschaftliche und technologische Attach\u00e9s umfassen, t\u00e4glich damit besch\u00e4ftigt, Italien in seinen wirtschaftlichen, kulturellen und wissenschaftlichen Komponenten aus einer integrierten Perspektive zu f\u00f6rdern.<\/p>\n<p>Die strategischen Ziele, die die Wirtschaftsdiplomatie t\u00e4glich inspirieren, sind:<\/p>\n<p>Unterst\u00fctzung der Unternehmen bei der kommerziellen Durchdringung der aufstrebenden M\u00e4rkte und bei der Konsolidierung auf den traditionellen M\u00e4rkten<br \/>\nUnterst\u00fctzung der internationalen Aktivit\u00e4ten der Gebietsk\u00f6rperschaften;<br \/>\nAnziehung von produktiven Investitionen, Touristenstr\u00f6men und brillanten Talenten nach Italien;<br \/>\nF\u00f6rderung italienischer Investitionen im Ausland.<\/p>\n<p>Weitere Informationen (auf English) finden sie <a href=\"https:\/\/www.esteri.it\/en\/diplomazia-economica-e-politica-commerciale\/diplomaziaeconomica\/\">hier<\/a><\/p>\n","protected":false},"excerpt":{"rendered":"Die italienische Wirtschaftsdiplomatie ist die T\u00e4tigkeit des Ministeriums f\u00fcr ausw\u00e4rtige Angelegenheiten und internationale Zusammenarbeit, die darauf abzielt, italienische Unternehmen im Ausland zu unterst\u00fctzen und das Wachstum des Landes in verschiedenen Bereichen zu f\u00f6rdern. Koordiniert von der Generaldirektion f\u00fcr die F\u00f6rderung des L\u00e4ndersystems der Farnesina &#8211; die ihrerseits in st\u00e4ndiger Verbindung mit Institutionen, Einrichtungen, Verb\u00e4nden, Unternehmen, [&hellip;]","protected":false},"author":3,"featured_media":0,"parent":32,"menu_order":0,"comment_status":"closed","ping_status":"closed","template":"","meta":{"footnotes":""},"class_list":["post-123","page","type-page","status-publish","hentry"],"_links":{"self":[{"href":"https:\/\/consfrancoforte.esteri.it\/de\/wp-json\/wp\/v2\/pages\/123","targetHints":{"allow":["GET"]}}],"collection":[{"href":"https:\/\/consfrancoforte.esteri.it\/de\/wp-json\/wp\/v2\/pages"}],"about":[{"href":"https:\/\/consfrancoforte.esteri.it\/de\/wp-json\/wp\/v2\/types\/page"}],"author":[{"embeddable":true,"href":"https:\/\/consfrancoforte.esteri.it\/de\/wp-json\/wp\/v2\/users\/3"}],"replies":[{"embeddable":true,"href":"https:\/\/consfrancoforte.esteri.it\/de\/wp-json\/wp\/v2\/comments?post=123"}],"version-history":[{"count":0,"href":"https:\/\/consfrancoforte.esteri.it\/de\/wp-json\/wp\/v2\/pages\/123\/revisions"}],"up":[{"embeddable":true,"href":"https:\/\/consfrancoforte.esteri.it\/de\/wp-json\/wp\/v2\/pages\/32"}],"wp:attachment":[{"href":"https:\/\/consfrancoforte.esteri.it\/de\/wp-json\/wp\/v2\/media?parent=123"}],"curies":[{"name":"wp","href":"https:\/\/api.w.org\/{rel}","templated":true}]}}