{"id":121,"date":"2023-02-03T18:59:09","date_gmt":"2023-02-03T17:59:09","guid":{"rendered":"https:\/\/consfrancoforte.esteri.it\/chi-siamo\/numeri-di-emergenza\/"},"modified":"2025-08-04T12:57:39","modified_gmt":"2025-08-04T10:57:39","slug":"numeri-di-emergenza","status":"publish","type":"page","link":"https:\/\/consfrancoforte.esteri.it\/de\/chi-siamo\/numeri-di-emergenza\/","title":{"rendered":"Notfallnummer"},"content":{"rendered":"<div>\n<p><strong>Notfallnummer<\/strong><\/p>\n<div>\n<p>Bitte beachten Sie, dass Sie in Notf\u00e4llen die Notdienste in jedem Land der Europ\u00e4ischen Union kostenlos &#8211; 24 Stunden am Tag &#8211; unter der einheitlichen Notrufnummer <strong>112<\/strong> von jedem Festnetz- oder Mobiltelefon aus anrufen k\u00f6nnen. Es ist darauf hinzuweisen, dass diese Nummer (112) wesentlich besser f\u00fcr die Meldung schwerer Notf\u00e4lle geeignet ist, da sie unbeschadet der einschl\u00e4gigen konsularischen Zust\u00e4ndigkeiten direkt mit den \u00f6ffentlichen Sicherheits- und Rettungseinrichtungen in Deutschland verbunden ist.<\/p>\n<p><strong>Rufbereitschaftsdienst<\/strong><\/p>\n<p><strong>Der Bereitschaftsdienst des Italienischen Generalkonsulats<\/strong> in Frankfurt am Main <strong>ist f\u00fcr Notfalleins\u00e4tze in den Bundesl\u00e4ndern Hessen, Rheinland-Pfalz, Saarland und im Bezirk Unterfranken reserviert<\/strong>, die nicht auf die normalen B\u00fcro\u00f6ffnungszeiten verschoben werden k\u00f6nnen.<\/p>\n<p>Nur <strong>im Falle<\/strong> <strong>eines\u00a0schwerwiegenden konsularischen Notfalls<\/strong> kann das Notfall-Handy unter der Nummer<strong> +49 171 4904491<\/strong> w\u00e4hrend der folgenden Stunden kontaktiert werden:<\/p>\n<p>&#8211; <strong>Montag bis Freitag, von 17.00 Uhr bis 22.00 Uhr<\/strong>;<\/p>\n<p>&#8211; <strong>an Wochenenden und Feiertagen, von 9.00 bis 22.00 Uhr<\/strong>.<\/p>\n<p>&nbsp;<\/p>\n<p><strong>Bei ABSOLUTEN NOTF\u00c4LLEN<\/strong> au\u00dferhalb der B\u00fcro\u00f6ffnungszeiten oder auf Abruf ist es m\u00f6glich, sich an die beiden folgenden Nummern des Ministeriums f\u00fcr Ausw\u00e4rtige Angelegenheiten und internationale Zusammenarbeit (Ministero degli Affari Esteri e della Cooperazione Internazionale)\u00a0zu wenden<\/p>\n<p>&#8211;\u00a0Notfallbeauftragter\/in des Ministeriums f\u00fcr ausw\u00e4rtige Angelegenheiten und internationale Zusammenarbeit : +39-06-36912666<\/p>\n<p>&#8211; Krisenstab: +39-06-36225<\/p>\n<\/div>\n<\/div>\n","protected":false},"excerpt":{"rendered":"Notfallnummer Bitte beachten Sie, dass Sie in Notf\u00e4llen die Notdienste in jedem Land der Europ\u00e4ischen Union kostenlos &#8211; 24 Stunden am Tag &#8211; unter der einheitlichen Notrufnummer 112 von jedem Festnetz- oder Mobiltelefon aus anrufen k\u00f6nnen. Es ist darauf hinzuweisen, dass diese Nummer (112) wesentlich besser f\u00fcr die Meldung schwerer Notf\u00e4lle geeignet ist, da sie [&hellip;]","protected":false},"author":3,"featured_media":0,"parent":34,"menu_order":8,"comment_status":"closed","ping_status":"closed","template":"","meta":{"footnotes":""},"class_list":["post-121","page","type-page","status-publish","hentry"],"_links":{"self":[{"href":"https:\/\/consfrancoforte.esteri.it\/de\/wp-json\/wp\/v2\/pages\/121","targetHints":{"allow":["GET"]}}],"collection":[{"href":"https:\/\/consfrancoforte.esteri.it\/de\/wp-json\/wp\/v2\/pages"}],"about":[{"href":"https:\/\/consfrancoforte.esteri.it\/de\/wp-json\/wp\/v2\/types\/page"}],"author":[{"embeddable":true,"href":"https:\/\/consfrancoforte.esteri.it\/de\/wp-json\/wp\/v2\/users\/3"}],"replies":[{"embeddable":true,"href":"https:\/\/consfrancoforte.esteri.it\/de\/wp-json\/wp\/v2\/comments?post=121"}],"version-history":[{"count":1,"href":"https:\/\/consfrancoforte.esteri.it\/de\/wp-json\/wp\/v2\/pages\/121\/revisions"}],"predecessor-version":[{"id":7100,"href":"https:\/\/consfrancoforte.esteri.it\/de\/wp-json\/wp\/v2\/pages\/121\/revisions\/7100"}],"up":[{"embeddable":true,"href":"https:\/\/consfrancoforte.esteri.it\/de\/wp-json\/wp\/v2\/pages\/34"}],"wp:attachment":[{"href":"https:\/\/consfrancoforte.esteri.it\/de\/wp-json\/wp\/v2\/media?parent=121"}],"curies":[{"name":"wp","href":"https:\/\/api.w.org\/{rel}","templated":true}]}}