{"id":120,"date":"2023-02-03T18:58:56","date_gmt":"2023-02-03T17:58:56","guid":{"rendered":"https:\/\/consfrancoforte.esteri.it\/chi-siamo\/contatti\/"},"modified":"2025-12-19T12:20:00","modified_gmt":"2025-12-19T11:20:00","slug":"contatti","status":"publish","type":"page","link":"https:\/\/consfrancoforte.esteri.it\/de\/chi-siamo\/contatti\/","title":{"rendered":"Kontakte"},"content":{"rendered":"<p><strong>Adresse\u00a0und Kontaktdaten des Generalkonsulates<\/strong><\/p>\n<p><strong><em>Italienisches Generalkonsulat \u2013 Frankfurt am Main<\/em><\/strong><\/p>\n<p><strong><em>Danziger Platz 12,<\/em><\/strong><\/p>\n<p><strong><em>60314 Frankfurt am Main<\/em><\/strong><\/p>\n<p>Telefon:\u00a0<strong>0049 (0)69 7531-0\u00a0(von 12.00 bis 13.00 Uhr)<\/strong><br \/>\nFax:\u00a0<strong>0049 (0)69 7531-104<\/strong><br \/>\nEmail:\u00a0<strong><a href=\"mailto:segreteria.francoforte@esteri.it\">segreteria.francoforte@esteri.it<\/a><\/strong><\/p>\n<p><a href=\"https:\/\/consfrancoforte.esteri.it\/it\/chi-siamo\/contatti\/come-comunicare-con-il-consolato\/\">Wie erreiche ich telefonisch das Generalkonsulat<\/a>?<\/p>\n<p>\u00d6ffnungszeiten:<\/p>\n<p>Von Montag bis Freitag 9.00-12.30 \u00a0 <strong>\u00a0<\/strong><br \/>\nMittwoch auch 14.30-17.00<\/p>\n<p>Die Abteilungen REISEP\u00c4SSE, PERSONALAUSWEISE und VISA empfangen nur nach Terminvereinbarung unter <strong><a href=\"https:\/\/prenotami.esteri.it\">https:\/\/prenotami.esteri.it<\/a><\/strong><\/p>\n<p><strong><em>Personen ohne Termin werden\u00a0ausschlie\u00dflich<\/em><\/strong>\u00a0<strong><em>in nachgewiesen dringenden F\u00e4llen und im Rahmen der verf\u00fcgbaren Kapazit\u00e4ten\u00a0empfangen.<\/em><\/strong><\/p>\n<p><a href=\"https:\/\/consfrancoforte.esteri.it\/wp-content\/uploads\/2025\/12\/Festivita-2026.pdf\"><strong>Gesetzliche Feiertage 2026<\/strong><\/a><\/p>\n<p><a href=\"https:\/\/consfrancoforte.esteri.it\/wp-content\/uploads\/2024\/10\/IT_-Festivita-2025.pdf\"><strong>Gesetzliche Feiertage 2025<\/strong><\/a><\/p>\n<p style=\"text-align: center;\">###<\/p>\n<p style=\"text-align: center;\"><strong>Aktivierung einer Telefonzentrale<\/strong><\/p>\n<p>Wir m\u00f6chten unsere Nutzer:innen unserer konsularischen Dienste dar\u00fcber informieren, dass <strong><u>ab dem 5. Januar 2026<\/u><\/strong> montags bis freitags<strong> von 10:00 bis 12:00 Uhr<\/strong> ein telefonischer Bereitschaftsdienst unter der folgenden Nummer erreichbar sein wird: <strong>+49 69 7953 9565<\/strong><\/p>\n<p>Bevor Sie anrufen, bitten wir unsere Landsleute, die Seiten der Website des Konsulats zu konsultieren und gegebenenfalls die zust\u00e4ndigen \u00c4mter per E-Mail zu kontaktieren, damit die Telefonleitung f\u00fcr echte Notf\u00e4lle frei bleibt.<\/p>\n<p style=\"text-align: center;\">###<\/p>\n<p>F\u00dcR ALLE FRAGEN, F\u00dcR WELCHE DIE ANWESENHEIT IM KONSULAT NICHT ERFORDERLICH IST, BENUTZEN SIE BITTE DIE ONLINE-DIENSTE (HOMEPAGE, ONLINE-TERMINVEREINBARUNG, EMAIL).<\/p>\n<p>ES WIRD GEBETEN, IM KONSULAT WEITERHIN EINEN MINDESTABSTAND UNTER PERSONEN VON 1,5 METER ZU HALTEN<\/p>\n<p><strong><a href=\"https:\/\/consfrancoforte.esteri.it\/wp-content\/uploads\/2024\/08\/Istruzioni-pagamento-percezioni-consolari_2024.pdf\">Bankverbindung<\/a><\/strong><\/p>\n<p>In Notf\u00e4llen k\u00f6nnen Sie \u2013 24 Stunden t\u00e4glich \u2013 in allen europ\u00e4ischen L\u00e4ndern die einheitliche\u00a0<strong>Notrufnummer 112<\/strong>\u00a0von jedem Mobiltelefon oder Festnetzanschluss kostenlos erreichen. Abgesehen von F\u00e4llen konsularischer Zust\u00e4ndigkeiten ist es sinnvoll, diese Nummer anzuw\u00e4hlen, da sie direkt mit den entsprechenden Einsatzkr\u00e4ften in Deutschland verbunden ist.<\/p>\n<p>Nur in au\u00dferordentlich dringenden konsularischen Angelegenheiten k\u00f6nnen Sie folgende Notrufnummer w\u00e4hlen:\u00a0<strong>+49 171-4904491<\/strong>. Sprechzeiten:<\/p>\n<p><strong>von Montag bis Freitags (17:00 \u2013 22:00)<\/strong>,\u00a0<strong>Samstags und Sonntags (08:00 \u2013 22:00)<\/strong>,\u00a0<strong>gesetzliche Feiertage (08:00 \u2013 22:00)<\/strong>.<\/p>\n<p><strong>Anfahrt:<em>\u00a0 <\/em><\/strong><\/p>\n<ul>\n<li><strong>Vom Hauptbahnhof<\/strong>, mit\u00a0<strong>allen S-Bahn-Linien<\/strong>\u00a0 in\u00a0<strong>Richtung Zentrum<\/strong>\u00a0(Hauptwache) bis zur\u00a0<strong>Haltestelle<\/strong>\u00a0<strong>OSTENDSTRASSE \u2013\u00a0EUROP\u00c4ISCHE ZENTRALBANK,<\/strong>\u00a0dann in Richtung\u00a0Danziger Platz\u00a0 12 laufen. Oder mit der<strong>\u00a0Stra\u00dfenbahn N. 11<\/strong>,\u00a0<strong>Haltestelle Ostbahnhof\/Sonnemannstr.<\/strong><\/li>\n<li>Mit den\u00a0<strong>Linien U6\u00a0<\/strong>\u00a0bis\u00a0<strong>Haltestelle Ostbahnhof<\/strong>. Mit\u00a0<strong>allen anderen U-Bahn Linien<\/strong>, steigen Sie an der Haltestelle Hauptwache\u00a0und dann auf die U6\u00a0bis Haltestelle \u2013 Ostbahnhof.\u00a0<strong>Am Ostbahnhof ist der Ausgang \u201eDanziger Platz\u201c beschildert.<\/strong><\/li>\n<li><strong>Vom<\/strong>\u00a0<strong>Frankfurter Flughafen<\/strong>: S-Bahn S8 oder S9 in Richtung Hanau bis zur Haltestelle OSTENDSTRASSE EUROP\u00c4SISCHE ZENTRALBANK oder\u00a0mit dem Zug bis zum Hauptbahnhof und dann mit\u00a0allen S-Bahn-Linien in Richtung Zentrum (Hauptwache) bis zur Haltestelle OSTEND \u2013\u00a0EUROP\u00c4ISCHE ZENTRAL BANK, dann in Richtung\u00a0Danziger Platz\u00a0 12 laufen<\/li>\n<li><strong>Vom Flughafen Frankfurt-Hahn<\/strong>. Mit dem Bus bis zum Hauptbahnhof<\/li>\n<li>Mit dem\u00a0<strong>Auto<\/strong>: es gibt viele geb\u00fchrenpflichtige Parkm\u00f6glichkeiten (Parkh\u00e4user und externe Parkpl\u00e4tze). Finden Sie Ihren Weg durch\u00a0<a href=\"https:\/\/www.google.de\/maps\/place\/Danziger+Platz+12,+60314+Frankfurt+am+Main\/@50.1138257,8.706227,17z\/data=!3m1!4b1!4m5!3m4!1s0x47bd0e8559134abf:0x89ce2b08b895e9f0!8m2!3d50.1138257!4d8.7084157?hl=it\">Google Maps<\/a><\/li>\n<\/ul>\n","protected":false},"excerpt":{"rendered":"Adresse\u00a0und Kontaktdaten des Generalkonsulates Italienisches Generalkonsulat \u2013 Frankfurt am Main Danziger Platz 12, 60314 Frankfurt am Main Telefon:\u00a00049 (0)69 7531-0\u00a0(von 12.00 bis 13.00 Uhr) Fax:\u00a00049 (0)69 7531-104 Email:\u00a0segreteria.francoforte@esteri.it Wie erreiche ich telefonisch das Generalkonsulat? \u00d6ffnungszeiten: Von Montag bis Freitag 9.00-12.30 \u00a0 \u00a0 Mittwoch auch 14.30-17.00 Die Abteilungen REISEP\u00c4SSE, PERSONALAUSWEISE und VISA empfangen nur nach Terminvereinbarung [&hellip;]","protected":false},"author":3,"featured_media":0,"parent":34,"menu_order":6,"comment_status":"closed","ping_status":"closed","template":"","meta":{"footnotes":""},"class_list":["post-120","page","type-page","status-publish","hentry"],"_links":{"self":[{"href":"https:\/\/consfrancoforte.esteri.it\/de\/wp-json\/wp\/v2\/pages\/120","targetHints":{"allow":["GET"]}}],"collection":[{"href":"https:\/\/consfrancoforte.esteri.it\/de\/wp-json\/wp\/v2\/pages"}],"about":[{"href":"https:\/\/consfrancoforte.esteri.it\/de\/wp-json\/wp\/v2\/types\/page"}],"author":[{"embeddable":true,"href":"https:\/\/consfrancoforte.esteri.it\/de\/wp-json\/wp\/v2\/users\/3"}],"replies":[{"embeddable":true,"href":"https:\/\/consfrancoforte.esteri.it\/de\/wp-json\/wp\/v2\/comments?post=120"}],"version-history":[{"count":6,"href":"https:\/\/consfrancoforte.esteri.it\/de\/wp-json\/wp\/v2\/pages\/120\/revisions"}],"predecessor-version":[{"id":8461,"href":"https:\/\/consfrancoforte.esteri.it\/de\/wp-json\/wp\/v2\/pages\/120\/revisions\/8461"}],"up":[{"embeddable":true,"href":"https:\/\/consfrancoforte.esteri.it\/de\/wp-json\/wp\/v2\/pages\/34"}],"wp:attachment":[{"href":"https:\/\/consfrancoforte.esteri.it\/de\/wp-json\/wp\/v2\/media?parent=120"}],"curies":[{"name":"wp","href":"https:\/\/api.w.org\/{rel}","templated":true}]}}