{"id":104,"date":"2023-02-03T18:58:26","date_gmt":"2023-02-03T17:58:26","guid":{"rendered":"https:\/\/consfrancoforte.esteri.it\/chi-siamo\/gli-uffici\/"},"modified":"2025-12-19T12:15:47","modified_gmt":"2025-12-19T11:15:47","slug":"gli-uffici","status":"publish","type":"page","link":"https:\/\/consfrancoforte.esteri.it\/de\/chi-siamo\/gli-uffici\/","title":{"rendered":"Unsere Abteilungen"},"content":{"rendered":"<p><strong>Benvenuti in Consolato!<\/strong><\/p>\n<p>Unser Team steht Ihnen zur Verf\u00fcgung.<\/p>\n<p>Wegen des hohen Personenaufkommens k\u00f6nnen wir nur eingeschr\u00e4nkt Ihre telefonische Anfragen beantworten. Bitte beachten Sie unsere telefonische Sprechzeiten! Kontaktieren Sie uns am benstens\u00a0per Email!\u00a0Auf der Webseite finden\u00a0Sie fast alle Informationen \u00fcber unsere Dienstleistungen. Bitte auch <a href=\"https:\/\/consfrancoforte.esteri.it\/it\/chi-siamo\/contatti\/come-comunicare-con-il-consolato\/\"><strong>HIER<\/strong><\/a> lesen!<\/p>\n<p>N\u00e4here Informationen zu\u00a0einzelnen, bereits\u00a0beantragten\u00a0Dokumenten\u00a0oder laufenden Antr\u00e4gen,\u00a0wenden Sie sich bitte an die jeweiligen Abteilungen des Generalkonsulats (unter den nachfolgend aufgef\u00fchrten Nummern),\u00a0in der Zeitspanne 12.00 &#8211; 13.00 Uhr.<\/p>\n<p><strong>Aktivierung einer Telefonzentrale<\/strong><\/p>\n<p>Wir m\u00f6chten unsere Nutzer:innen unserer konsularischen Dienste dar\u00fcber informieren, dass<strong> <u>ab dem 5. Januar 2026<\/u> <\/strong>montags bis freitags von 10:00 bis 12:00 Uhr ein telefonischer Bereitschaftsdienst unter der folgenden Nummer erreichbar sein wird:<strong> +49 69 7953 9565<\/strong><\/p>\n<p>Bevor Sie anrufen, bitten wir unsere Landsleute, die Seiten der Website des Konsulats zu konsultieren und gegebenenfalls die zust\u00e4ndigen \u00c4mter per E-Mail zu kontaktieren, damit die Telefonleitung f\u00fcr echte Notf\u00e4lle frei bleibt.<\/p>\n<p>HIER unten finden Sie die E-Mail-Adressen aller Konsulatsb\u00fcros.<\/p>\n<p><strong>PEC<\/strong> (Posta Elettronica Certificata &#8211; Zertifizierte Elektronische Post) del Consolato Generale (E-Mail-Adresse, die ausschliesslich zur zertifizierten \u00dcbermittlung von amtlichen Dokumenten\u00a0dient): <a href=\"mailto:con.francoforte@cert.esteri.it\">con.francoforte@cert.esteri.it<\/a><\/p>\n<p><strong><br \/>\nUfficio Anagrafe\/A.I.R.E \u2013 Einwohnermeldeamt<\/strong><br \/>\ntel.: 0049 (0)69 7531 &#8211; 304 (servizio telefonico \/ telefonische Sprechzeiten 12:00 -13:00)<br \/>\ne-mail: <a href=\"mailto:anagrafeelettorale.francoforte@esteri.it\">anagrafeelettorale.francoforte@esteri.it<\/a><\/p>\n<p><strong>Ufficio Stato Civile &#8211; Standesamt<\/strong><br \/>\ntel.: 0049 (0)69 7531 &#8211; 303 (servizio telefonico \/ telefonische Sprechzeiten 12:00 &#8211; 13:00)<br \/>\ne-mail: <a href=\"mailto:statocivile.francoforte@esteri.it\">statocivile.francoforte@esteri.it<\/a><\/p>\n<p><strong>Ufficio Passaporti &#8211; Passabteilung<\/strong><br \/>\ntel.: 0049 (0)69 7531 &#8211; 301 (servizio telefonico \/ telefonische Sprechzeiten 12:00 &#8211; 13:00)<br \/>\ne-mail: <a href=\"mailto:passaporti.francoforte@esteri.it\">passaporti.francoforte@esteri.it<\/a><\/p>\n<p><strong>Ufficio Carte d\u2019identit\u00e0 &#8211; Abteilung f\u00fcr Personalausweise<\/strong><br \/>\ntel.: 0049 (0)69 7531 &#8211; 302 (servizio telefonico \/ telefonische Sprechzeiten 12:00 &#8211; 13:00)<br \/>\ne-mail: <a href=\"mailto:ci_confran@esteri.it\">ci_confran@esteri.it<\/a><\/p>\n<p><strong>Ufficio Assistenza Sociale &#8211; Sozialabteilung<\/strong><br \/>\ntel.: 0049 (0)69 7531 &#8211; 305 (servizio telefonico \/ telefonische Sprechzeiten 12:00 &#8211; 13:00)<br \/>\ne-mail: <a href=\"mailto:las.francoforte@esteri.it\">las.francoforte@esteri.it<\/a><\/p>\n<p><strong>Notifica di atti giudiziari e amministrativi\u00a0&#8211; Zustellung gerichtlicher und aussergerichtlicher Schriftst\u00fccke<br \/>\n<\/strong>tel.: 0049 (0)69 7531 &#8211;\u00a0305 (servizio telefonico \/ telefonische Sprechzeiten 12:00 &#8211; 13:00)<br \/>\ne-mail: <a href=\"mailto:las.francoforte@esteri.it\">las.francoforte@esteri.it<\/a>; <a href=\"mailto:con.francoforte@cert.esteri.it\">con.francoforte@cert.esteri.it<\/a><\/p>\n<p><strong>Ufficio Cittadinanza \u2013 Abteilung f\u00fcr Staatsangeh\u00f6rigkeit<\/strong><br \/>\ntel.: 0049 (0)69 7531 &#8211; 113 (servizio telefonico \/ telefonische Sprechzeiten 12:00 -13:00)<br \/>\ne-mail: <a href=\"mailto:cittadinanza.francoforte@esteri.it\">cittadinanza.francoforte@esteri.it<\/a><\/p>\n<p><strong>Ufficio Visti &#8211; Visaabteilung &#8211; Visa Office<\/strong><br \/>\ntel.: 0049 (0)69 7531 &#8211; 306 (servizio telefonico \/ telefonische Sprechzeiten 12:00 -13:00)<\/p>\n<p><strong>Radiazione targhe autoveicoli \u2013 Au\u00dferbetriebssetzung von Fahrzeugen<\/strong><br \/>\ntel.: 0049 (0)69 7531 &#8211; 305 (servizio telefonico \/ telefonische Sprechzeiten 12:00 &#8211; 13:00)<br \/>\ne-mail: <a href=\"mailto:las.francoforte@esteri.it\">las.francoforte@esteri.it<\/a><\/p>\n<p><strong>Cimiteri Militari (Onorcaduti) &#8211; Ehrenfriedh\u00f6fe<\/strong><\/p>\n<p>tel.: 0049 (0)69 7531 &#8211; 305 (servizio telefonico \/ telefonische Sprechzeiten 12:00 &#8211; 13:00)<br \/>\ne-mail: <a href=\"mailto:las.francoforte@esteri.it\">las.francoforte@esteri.it<\/a><\/p>\n<p><strong>Codici Fiscali &#8211; Italienische Steuernummer<\/strong><br \/>\ntel.: 0049 (0)69 7531 &#8211; 160 (servizio telefonico \/ telefonische Sprechzeiten 12:00 -13:00)<br \/>\ne-mail: <a href=\"mailto:francoforte.codicifiscali@esteri.it\">francoforte.codicifiscali@esteri.it<\/a><\/p>\n<p><strong>Ufficio elettorale \/ Wahlb\u00fcro<\/strong><\/p>\n<p>e-mail: f<a href=\"mailto:Francoforte.elezioni@esteri.it\">rancoforte.elezioni@esteri.it<\/a><\/p>\n<p><strong>Pec:\u00a0\u00a0<a href=\"mailto:con.francoforte.anagrafestatocivile@cert.esteri.it\">con.francoforte.anagrafestatocivile@cert.esteri.it<\/a>\u00a0 <\/strong>(E-Mail-Adresse, die ausschliesslich zur zertifizierten \u00dcbermittlung von amtlichen Dokumenten dient)<br \/>\n<strong><br \/>\nSegreteria del Console Generale &#8211; Sekretariat des Generalkonsuls<\/strong><br \/>\ntel.: 0049 (0)69 7531 &#8211; 138<br \/>\ne-Mail: <a href=\"mailto:segreteria.francoforte@esteri.it\">segreteria.francoforte@esteri.it<\/a><\/p>\n<p><strong>Ufficio Amministrativo e Contabile &#8211; Verwaltung und Buchhaltung<\/strong><br \/>\ne-mail: <a href=\"mailto:canc.francoforte@esteri.it\">canc.francoforte@esteri.it<\/a><\/p>\n<p><strong>PROMOZIONE LINGUA E CULTURA ITALIANA &#8211; F\u00d6RDERUNG VON ITALIENISCHEN SPRACHE UND KULTUR<\/strong><\/p>\n<p><strong>Ufficio Scuola &#8211; Schulabteilung<\/strong><br \/>\nDIRETTORE\/LEITER: Dott. Alessandra Canepa<br \/>\ntel.: 0049 (0)69 7531 &#8211; 307<br \/>\ne-mail: <a href=\"mailto:ufficioscuola.francoforte@esteri.it\">ufficioscuola.francoforte@esteri.it<\/a><\/p>\n<p>Dott.ssa Giovanna Cladi (DGSA) &#8211;\u00a0e-mail:\u00a0<a href=\"mailto:ufficioscuola.francoforte@esteri.it\">ufficioscuola.francoforte@esteri.it<\/a><\/p>\n<p><strong>Responsabile Affari culturali e comunicazione &#8211; Leiter des Kultur und Medienb\u00fcros<\/strong><\/p>\n<p>Dott. Michele Santoriello<br \/>\ntel.: 0049 (0)69 7531 &#8211; 144<br \/>\ne-mail: <a href=\"mailto:francoforte.culturale@esteri.it\">francoforte.culturale@esteri.it<\/a><\/p>\n<p>2014 wurde das Italienische Kulturinstitut in Frankfurt am Main geschlossen. Das Italienische Kulturinstitut K\u00f6ln ist f\u00fcr das Land Hessen, das Italienische Kulturinstitut Stuttgart f\u00fcr die L\u00e4nder Saarland und Rheinland-Pfalz, und das Italienische Kulturinstitut M\u00fcnchen f\u00fcr den Regierungsbezirk Unterfranken zust\u00e4ndig.<\/p>\n<p>Weitere Informationen \u00fcber die vom italienischen Generalkonsulat organisierten Kulturveranstaltungen finden sie <a href=\"https:\/\/consfrancoforte.esteri.it\/it\/italia-e-germania\/diplomazia-culturale\/i-nostri-eventi-culturali\/\">hier<\/a><\/p>\n<p>F\u00fcr Informationen \u00fcber italienische Sprachkurse in Frankfurt am Main, besuchen Sie die Webseite <strong><a href=\"http:\/\/www.it-de.eu\">www.it-de.eu<\/a><\/strong>.<\/p>\n","protected":false},"excerpt":{"rendered":"Benvenuti in Consolato! Unser Team steht Ihnen zur Verf\u00fcgung. Wegen des hohen Personenaufkommens k\u00f6nnen wir nur eingeschr\u00e4nkt Ihre telefonische Anfragen beantworten. Bitte beachten Sie unsere telefonische Sprechzeiten! Kontaktieren Sie uns am benstens\u00a0per Email!\u00a0Auf der Webseite finden\u00a0Sie fast alle Informationen \u00fcber unsere Dienstleistungen. Bitte auch HIER lesen! N\u00e4here Informationen zu\u00a0einzelnen, bereits\u00a0beantragten\u00a0Dokumenten\u00a0oder laufenden Antr\u00e4gen,\u00a0wenden Sie sich bitte [&hellip;]","protected":false},"author":3,"featured_media":0,"parent":34,"menu_order":4,"comment_status":"closed","ping_status":"closed","template":"","meta":{"footnotes":""},"class_list":["post-104","page","type-page","status-publish","hentry"],"_links":{"self":[{"href":"https:\/\/consfrancoforte.esteri.it\/de\/wp-json\/wp\/v2\/pages\/104","targetHints":{"allow":["GET"]}}],"collection":[{"href":"https:\/\/consfrancoforte.esteri.it\/de\/wp-json\/wp\/v2\/pages"}],"about":[{"href":"https:\/\/consfrancoforte.esteri.it\/de\/wp-json\/wp\/v2\/types\/page"}],"author":[{"embeddable":true,"href":"https:\/\/consfrancoforte.esteri.it\/de\/wp-json\/wp\/v2\/users\/3"}],"replies":[{"embeddable":true,"href":"https:\/\/consfrancoforte.esteri.it\/de\/wp-json\/wp\/v2\/comments?post=104"}],"version-history":[{"count":6,"href":"https:\/\/consfrancoforte.esteri.it\/de\/wp-json\/wp\/v2\/pages\/104\/revisions"}],"predecessor-version":[{"id":8456,"href":"https:\/\/consfrancoforte.esteri.it\/de\/wp-json\/wp\/v2\/pages\/104\/revisions\/8456"}],"up":[{"embeddable":true,"href":"https:\/\/consfrancoforte.esteri.it\/de\/wp-json\/wp\/v2\/pages\/34"}],"wp:attachment":[{"href":"https:\/\/consfrancoforte.esteri.it\/de\/wp-json\/wp\/v2\/media?parent=104"}],"curies":[{"name":"wp","href":"https:\/\/api.w.org\/{rel}","templated":true}]}}